{"id":6,"date":"2023-12-12T20:00:09","date_gmt":"2023-12-12T20:00:09","guid":{"rendered":"https:\/\/mychoice.social\/?page_id=6"},"modified":"2025-10-28T07:29:24","modified_gmt":"2025-10-28T07:29:24","slug":"home","status":"publish","type":"page","link":"https:\/\/mychoice.social\/","title":{"rendered":"Home"},"content":{"rendered":"\n\t\t\t<div class=\"wp-block-uagb-post-carousel uagb-post-grid  uagb-post__image-position-top uagb-post__image-enabled uagb-block-8a636f9c     uagb-post__arrow-outside uagb-slick-carousel uagb-post__items uagb-post__columns-3 is-carousel uagb-post__columns-tablet-2 uagb-post__columns-mobile-1\" data-total=\"94\" style=\"\">\n\n\t\t\t\t\t\t\t\t\t\t\t\t<article class=\"uagb-post__inner-wrap\">\t\t\t\t\t\t\t\t<div class='uagb-post__image'>\n\t\t\t\t\t\t\t\t\t<a href=\"https:\/\/mychoice.social\/index.php\/product\/acebott-5-dof-kit-de-bras-de-robot-intelligent-et-4-dof-esp32-robot\/\" target=\"_self\" rel=\"bookmark noopener noreferrer\"><img loading=\"lazy\" decoding=\"async\" width=\"306\" height=\"350\" src=\"https:\/\/mychoice.social\/wp-content\/uploads\/2026\/02\/S0450fcbf75214c0ebfa9345275a6f008a.jpg_350x350.avif\" class=\"attachment-large size-large\" alt=\"\" srcset=\"https:\/\/mychoice.social\/wp-content\/uploads\/2026\/02\/S0450fcbf75214c0ebfa9345275a6f008a.jpg_350x350.avif 306w, https:\/\/mychoice.social\/wp-content\/uploads\/2026\/02\/S0450fcbf75214c0ebfa9345275a6f008a.jpg_350x350-262x300.avif 262w\" sizes=\"auto, (max-width: 306px) 100vw, 306px\" \/>\t\t\t\t\t<\/a>\n\t\t\t\t\t\t\t\t\t<\/div>\n\t\t\t\t\t\t<h4 class=\"uagb-post__title uagb-post__text\">\n\t\t\t\t<a href=\"https:\/\/mychoice.social\/index.php\/product\/acebott-5-dof-kit-de-bras-de-robot-intelligent-et-4-dof-esp32-robot\/\" target=\"_self\" rel=\"bookmark noopener noreferrer\">ACEBOTT 5 DOF Kit de bras de Robot intelligent et 4 DOF ESP32 Robot<\/a>\n\t\t\t<\/h4>\n\t\t\t\t\t\t<div class='uagb-post__text uagb-post-grid-byline'>\n\t\t\t\t\t\t\t<\/div>\n\t\t\t\n\t\t\t\t\t\t\t\t\t<\/article>\n\t\t\t\t\t\t\t\t\t\t\t\t\t\t\t\t<article class=\"uagb-post__inner-wrap\">\t\t\t\t\t\t\t\t<div class='uagb-post__image'>\n\t\t\t\t\t\t\t\t\t<a href=\"https:\/\/mychoice.social\/index.php\/product\/keyestudio-kit-de-voiture-auto-equilibrant-stem-voiture-robot-ardu37\/\" target=\"_self\" rel=\"bookmark noopener noreferrer\"><img loading=\"lazy\" decoding=\"async\" width=\"350\" height=\"350\" src=\"https:\/\/mychoice.social\/wp-content\/uploads\/2026\/02\/S9e4955d9f4d24bad98261e1d2fd844521.jpg_350x350.avif\" class=\"attachment-large size-large\" alt=\"\" srcset=\"https:\/\/mychoice.social\/wp-content\/uploads\/2026\/02\/S9e4955d9f4d24bad98261e1d2fd844521.jpg_350x350.avif 350w, https:\/\/mychoice.social\/wp-content\/uploads\/2026\/02\/S9e4955d9f4d24bad98261e1d2fd844521.jpg_350x350-300x300.avif 300w, https:\/\/mychoice.social\/wp-content\/uploads\/2026\/02\/S9e4955d9f4d24bad98261e1d2fd844521.jpg_350x350-150x150.avif 150w, https:\/\/mychoice.social\/wp-content\/uploads\/2026\/02\/S9e4955d9f4d24bad98261e1d2fd844521.jpg_350x350-100x100.avif 100w\" sizes=\"auto, (max-width: 350px) 100vw, 350px\" \/>\t\t\t\t\t<\/a>\n\t\t\t\t\t\t\t\t\t<\/div>\n\t\t\t\t\t\t<h4 class=\"uagb-post__title uagb-post__text\">\n\t\t\t\t<a href=\"https:\/\/mychoice.social\/index.php\/product\/keyestudio-kit-de-voiture-auto-equilibrant-stem-voiture-robot-ardu37\/\" target=\"_self\" rel=\"bookmark noopener noreferrer\">Keyestudio-Kit de voiture auto-\u00e9quilibrant STEM, voiture robot Ardu37<\/a>\n\t\t\t<\/h4>\n\t\t\t\t\t\t<div class='uagb-post__text uagb-post-grid-byline'>\n\t\t\t\t\t\t\t<\/div>\n\t\t\t\n\t\t\t\t\t\t\t\t\t<\/article>\n\t\t\t\t\t\t\t\t\t\t\t\t\t\t\t\t<article class=\"uagb-post__inner-wrap\">\t\t\t\t\t\t\t\t<div class='uagb-post__image'>\n\t\t\t\t\t\t\t\t\t<a href=\"https:\/\/mychoice.social\/index.php\/product\/keyestudio-kit-de-demarrage-de-maison-ecologique-intelligent\/\" target=\"_self\" rel=\"bookmark noopener noreferrer\"><img loading=\"lazy\" decoding=\"async\" width=\"350\" height=\"350\" src=\"https:\/\/mychoice.social\/wp-content\/uploads\/2026\/02\/Sd8ffe541326b4d489ca0beaaa1a59f1el.jpg_350x350.avif\" class=\"attachment-large size-large\" alt=\"\" srcset=\"https:\/\/mychoice.social\/wp-content\/uploads\/2026\/02\/Sd8ffe541326b4d489ca0beaaa1a59f1el.jpg_350x350.avif 350w, https:\/\/mychoice.social\/wp-content\/uploads\/2026\/02\/Sd8ffe541326b4d489ca0beaaa1a59f1el.jpg_350x350-300x300.avif 300w, https:\/\/mychoice.social\/wp-content\/uploads\/2026\/02\/Sd8ffe541326b4d489ca0beaaa1a59f1el.jpg_350x350-150x150.avif 150w, https:\/\/mychoice.social\/wp-content\/uploads\/2026\/02\/Sd8ffe541326b4d489ca0beaaa1a59f1el.jpg_350x350-100x100.avif 100w\" sizes=\"auto, (max-width: 350px) 100vw, 350px\" \/>\t\t\t\t\t<\/a>\n\t\t\t\t\t\t\t\t\t<\/div>\n\t\t\t\t\t\t<h4 class=\"uagb-post__title uagb-post__text\">\n\t\t\t\t<a href=\"https:\/\/mychoice.social\/index.php\/product\/keyestudio-kit-de-demarrage-de-maison-ecologique-intelligent\/\" target=\"_self\" rel=\"bookmark noopener noreferrer\">Keyestudio-Kit de d\u00e9marrage de maison \u00e9cologique intelligent<\/a>\n\t\t\t<\/h4>\n\t\t\t\t\t\t<div class='uagb-post__text uagb-post-grid-byline'>\n\t\t\t\t\t\t\t<\/div>\n\t\t\t\n\t\t\t\t\t\t\t\t\t<\/article>\n\t\t\t\t\t\t\t\t\t\t\t\t\t\t\t\t<article class=\"uagb-post__inner-wrap\">\t\t\t\t\t\t\t\t<div class='uagb-post__image'>\n\t\t\t\t\t\t\t\t\t<a href=\"https:\/\/mychoice.social\/index.php\/product\/keyestudio-kit-de-suivi-de-panneau-solaire-systeme\/\" target=\"_self\" rel=\"bookmark noopener noreferrer\"><img loading=\"lazy\" decoding=\"async\" width=\"350\" height=\"350\" src=\"https:\/\/mychoice.social\/wp-content\/uploads\/2026\/02\/S271ce4236c2747e59b77fcfdc544cf7b8.jpg_350x350.avif\" class=\"attachment-large size-large\" alt=\"\" srcset=\"https:\/\/mychoice.social\/wp-content\/uploads\/2026\/02\/S271ce4236c2747e59b77fcfdc544cf7b8.jpg_350x350.avif 350w, https:\/\/mychoice.social\/wp-content\/uploads\/2026\/02\/S271ce4236c2747e59b77fcfdc544cf7b8.jpg_350x350-300x300.avif 300w, https:\/\/mychoice.social\/wp-content\/uploads\/2026\/02\/S271ce4236c2747e59b77fcfdc544cf7b8.jpg_350x350-150x150.avif 150w, https:\/\/mychoice.social\/wp-content\/uploads\/2026\/02\/S271ce4236c2747e59b77fcfdc544cf7b8.jpg_350x350-100x100.avif 100w\" sizes=\"auto, (max-width: 350px) 100vw, 350px\" \/>\t\t\t\t\t<\/a>\n\t\t\t\t\t\t\t\t\t<\/div>\n\t\t\t\t\t\t<h4 class=\"uagb-post__title uagb-post__text\">\n\t\t\t\t<a href=\"https:\/\/mychoice.social\/index.php\/product\/keyestudio-kit-de-suivi-de-panneau-solaire-systeme\/\" target=\"_self\" rel=\"bookmark noopener noreferrer\">Keyestudio Kit de suivi de panneau solaire syst\u00e8me<\/a>\n\t\t\t<\/h4>\n\t\t\t\t\t\t<div class='uagb-post__text uagb-post-grid-byline'>\n\t\t\t\t\t\t\t<\/div>\n\t\t\t\n\t\t\t\t\t\t\t\t\t<\/article>\n\t\t\t\t\t\t\t\t\t\t\t\t\t\t\t\t<article class=\"uagb-post__inner-wrap\">\t\t\t\t\t\t\t\t<div class='uagb-post__image'>\n\t\t\t\t\t\t\t\t\t<a href=\"https:\/\/mychoice.social\/index.php\/product\/350-700-pieces-10-couleurs-autocollants-de-colle-a-points-colores\/\" target=\"_self\" rel=\"bookmark noopener noreferrer\"><img loading=\"lazy\" decoding=\"async\" width=\"350\" height=\"350\" src=\"https:\/\/mychoice.social\/wp-content\/uploads\/2026\/02\/Sad7369a5637749e0ac81b74ff9bc8fd5z.jpg_350x350.avif\" class=\"attachment-large size-large\" alt=\"\" srcset=\"https:\/\/mychoice.social\/wp-content\/uploads\/2026\/02\/Sad7369a5637749e0ac81b74ff9bc8fd5z.jpg_350x350.avif 350w, https:\/\/mychoice.social\/wp-content\/uploads\/2026\/02\/Sad7369a5637749e0ac81b74ff9bc8fd5z.jpg_350x350-300x300.avif 300w, https:\/\/mychoice.social\/wp-content\/uploads\/2026\/02\/Sad7369a5637749e0ac81b74ff9bc8fd5z.jpg_350x350-150x150.avif 150w, https:\/\/mychoice.social\/wp-content\/uploads\/2026\/02\/Sad7369a5637749e0ac81b74ff9bc8fd5z.jpg_350x350-100x100.avif 100w\" sizes=\"auto, (max-width: 350px) 100vw, 350px\" \/>\t\t\t\t\t<\/a>\n\t\t\t\t\t\t\t\t\t<\/div>\n\t\t\t\t\t\t<h4 class=\"uagb-post__title uagb-post__text\">\n\t\t\t\t<a href=\"https:\/\/mychoice.social\/index.php\/product\/350-700-pieces-10-couleurs-autocollants-de-colle-a-points-colores\/\" target=\"_self\" rel=\"bookmark noopener noreferrer\">350-700 pi\u00e8ces 10 couleurs autocollants de colle \u00e0 points color\u00e9s<\/a>\n\t\t\t<\/h4>\n\t\t\t\t\t\t<div class='uagb-post__text uagb-post-grid-byline'>\n\t\t\t\t\t\t\t<\/div>\n\t\t\t\n\t\t\t\t\t\t\t\t\t<\/article>\n\t\t\t\t\t\t\t\t\t\t\t\t\t\t\t\t<article class=\"uagb-post__inner-wrap\">\t\t\t\t\t\t\t\t<div class='uagb-post__image'>\n\t\t\t\t\t\t\t\t\t<a href=\"https:\/\/mychoice.social\/index.php\/product\/keyestudio-4wd-multi-bt-robot-voiture-kit-v2-0-avec-affichage-led\/\" target=\"_self\" rel=\"bookmark noopener noreferrer\"><img loading=\"lazy\" decoding=\"async\" width=\"350\" height=\"350\" src=\"https:\/\/mychoice.social\/wp-content\/uploads\/2026\/02\/S25b88e91504342bab54e3c80a04a6649O.jpg_350x350.avif\" class=\"attachment-large size-large\" alt=\"\" srcset=\"https:\/\/mychoice.social\/wp-content\/uploads\/2026\/02\/S25b88e91504342bab54e3c80a04a6649O.jpg_350x350.avif 350w, https:\/\/mychoice.social\/wp-content\/uploads\/2026\/02\/S25b88e91504342bab54e3c80a04a6649O.jpg_350x350-300x300.avif 300w, https:\/\/mychoice.social\/wp-content\/uploads\/2026\/02\/S25b88e91504342bab54e3c80a04a6649O.jpg_350x350-150x150.avif 150w, https:\/\/mychoice.social\/wp-content\/uploads\/2026\/02\/S25b88e91504342bab54e3c80a04a6649O.jpg_350x350-100x100.avif 100w\" sizes=\"auto, (max-width: 350px) 100vw, 350px\" \/>\t\t\t\t\t<\/a>\n\t\t\t\t\t\t\t\t\t<\/div>\n\t\t\t\t\t\t<h4 class=\"uagb-post__title uagb-post__text\">\n\t\t\t\t<a href=\"https:\/\/mychoice.social\/index.php\/product\/keyestudio-4wd-multi-bt-robot-voiture-kit-v2-0-avec-affichage-led\/\" target=\"_self\" rel=\"bookmark noopener noreferrer\">Keyestudio 4WD Multi BT Robot voiture Kit V2.0 avec affichage LED<\/a>\n\t\t\t<\/h4>\n\t\t\t\t\t\t<div class='uagb-post__text uagb-post-grid-byline'>\n\t\t\t\t\t\t\t<\/div>\n\t\t\t\n\t\t\t\t\t\t\t\t\t<\/article>\n\t\t\t\t\t\t\t\t\t\t\t<\/div>\n\t\t\t\n\n\n<div class=\"wp-block-uagb-advanced-heading uagb-block-104c0fb6\"><h2 class=\"uagb-heading-text\">Welcome to MyChoice<\/h2><\/div>\n\n\n\n<div class=\"wp-block-uagb-container uagb-block-042ca22d alignfull uagb-is-root-container\"><div class=\"uagb-container-inner-blocks-wrap\">\n<div class=\"wp-block-uagb-container uagb-block-43b2626e\">\n<p class=\"has-drop-cap\">Where fashion meets versatility! Explore our carefully curated collection of the top 10 dresses suitable for every occasion, personally selected to cater to a diverse range of tastes and ages. From timeless classics to trendy designs, we&#8217;ve handpicked dresses that transcend occasions, ensuring you&#8217;re always dressed to impress. Whether it&#8217;s a date night, a special celebration, or a casual outing, our collection offers the perfect blend of style and comfort. Join us in celebrating the beauty of fashion for every moment, as we present a wardrobe that effortlessly transitions from one occasion to the next.<\/p>\n<\/div>\n\n\n\n<div class=\"wp-block-uagb-container uagb-block-9709d982\">\n<figure class=\"wp-block-image size-large\"><img data-recalc-dims=\"1\" loading=\"lazy\" decoding=\"async\" width=\"1024\" height=\"595\" src=\"https:\/\/i0.wp.com\/mychoice.social\/wp-content\/uploads\/2024\/01\/43747.png?resize=1024%2C595&#038;ssl=1\" alt=\"\" class=\"wp-image-340\" srcset=\"https:\/\/i0.wp.com\/mychoice.social\/wp-content\/uploads\/2024\/01\/43747.png?resize=1024%2C595&amp;ssl=1 1024w, https:\/\/i0.wp.com\/mychoice.social\/wp-content\/uploads\/2024\/01\/43747.png?resize=300%2C174&amp;ssl=1 300w, https:\/\/i0.wp.com\/mychoice.social\/wp-content\/uploads\/2024\/01\/43747.png?resize=768%2C446&amp;ssl=1 768w, https:\/\/i0.wp.com\/mychoice.social\/wp-content\/uploads\/2024\/01\/43747.png?resize=1536%2C893&amp;ssl=1 1536w, https:\/\/i0.wp.com\/mychoice.social\/wp-content\/uploads\/2024\/01\/43747.png?resize=2048%2C1191&amp;ssl=1 2048w, https:\/\/i0.wp.com\/mychoice.social\/wp-content\/uploads\/2024\/01\/43747.png?resize=600%2C349&amp;ssl=1 600w, https:\/\/i0.wp.com\/mychoice.social\/wp-content\/uploads\/2024\/01\/43747.png?w=3000&amp;ssl=1 3000w\" sizes=\"auto, (max-width: 1000px) 100vw, 1000px\" \/><\/figure>\n<\/div>\n<\/div><\/div>\n\n\n\n<div class=\"wp-block-uagb-container uagb-block-5f1e54a7 alignfull uagb-is-root-container\"><div class=\"uagb-container-inner-blocks-wrap\">\n<div class=\"wp-block-uagb-container uagb-block-ec065e63\">\n<div class=\"wp-block-uagb-container uagb-block-66699942\"><\/div>\n\n\n\n<div class=\"wp-block-uagb-container uagb-block-ac706d41\"><\/div>\n<\/div>\n\n\n\n<div class=\"wp-block-uagb-container uagb-block-15666b93\">\n<div class=\"poptin-embedded\" data-id=\"0c59a26a626db\"><\/div>\n<\/div>\n<\/div><\/div>\n","protected":false},"excerpt":{"rendered":"<p>Welcome to MyChoice Where fashion meets versatility! Explore our carefully curated collection of the top 10 dresses suitable for every occasion, personally selected to cater to a diverse range of tastes and ages. From timeless classics to trendy designs, we&#8217;ve handpicked dresses that transcend occasions, ensuring you&#8217;re always dressed to impress. Whether it&#8217;s a date [&hellip;]<\/p>\n","protected":false},"author":1,"featured_media":0,"parent":0,"menu_order":0,"comment_status":"closed","ping_status":"closed","template":"","meta":{"_uag_custom_page_level_css":"","site-container-style":"default","site-container-layout":"default","site-sidebar-layout":"default","disable-article-header":"default","disable-site-header":"default","disable-site-footer":"default","disable-content-area-spacing":"default","footnotes":""},"class_list":["post-6","page","type-page","status-publish","hentry"],"uagb_featured_image_src":{"full":false,"thumbnail":false,"medium":false,"medium_large":false,"large":false,"1536x1536":false,"2048x2048":false,"woocommerce_thumbnail":false,"woocommerce_single":false,"woocommerce_gallery_thumbnail":false},"uagb_author_info":{"display_name":"MyChoice","author_link":"https:\/\/mychoice.social\/index.php\/author\/nbaqeri786\/"},"uagb_comment_info":0,"uagb_excerpt":"Welcome to MyChoice Where fashion meets versatility! Explore our carefully curated collection of the top 10 dresses suitable for every occasion, personally selected to cater to a diverse range of tastes and ages. From timeless classics to trendy designs, we&#8217;ve handpicked dresses that transcend occasions, ensuring you&#8217;re always dressed to impress. Whether it&#8217;s a date&hellip;","jetpack_sharing_enabled":true,"_links":{"self":[{"href":"https:\/\/mychoice.social\/index.php\/wp-json\/wp\/v2\/pages\/6","targetHints":{"allow":["GET"]}}],"collection":[{"href":"https:\/\/mychoice.social\/index.php\/wp-json\/wp\/v2\/pages"}],"about":[{"href":"https:\/\/mychoice.social\/index.php\/wp-json\/wp\/v2\/types\/page"}],"author":[{"embeddable":true,"href":"https:\/\/mychoice.social\/index.php\/wp-json\/wp\/v2\/users\/1"}],"replies":[{"embeddable":true,"href":"https:\/\/mychoice.social\/index.php\/wp-json\/wp\/v2\/comments?post=6"}],"version-history":[{"count":15,"href":"https:\/\/mychoice.social\/index.php\/wp-json\/wp\/v2\/pages\/6\/revisions"}],"predecessor-version":[{"id":1365,"href":"https:\/\/mychoice.social\/index.php\/wp-json\/wp\/v2\/pages\/6\/revisions\/1365"}],"wp:attachment":[{"href":"https:\/\/mychoice.social\/index.php\/wp-json\/wp\/v2\/media?parent=6"}],"curies":[{"name":"wp","href":"https:\/\/api.w.org\/{rel}","templated":true}]}}