{"id":1293,"date":"2025-05-12T18:53:28","date_gmt":"2025-05-12T18:53:28","guid":{"rendered":"https:\/\/mychoice.social\/?post_type=product&#038;p=1293"},"modified":"2025-05-12T18:53:28","modified_gmt":"2025-05-12T18:53:28","slug":"jolink-calce-de-la-presidence-plaque-or-pour-femme-bijoux-delicats-en-acier-inoxydable-reglable-de-5mm","status":"publish","type":"product","link":"https:\/\/mychoice.social\/index.php\/product\/jolink-calce-de-la-presidence-plaque-or-pour-femme-bijoux-delicats-en-acier-inoxydable-reglable-de-5mm\/","title":{"rendered":"JOLink-Calce de la pr\u00e9sidence plaqu\u00e9 or pour femme, bijoux d\u00e9licats en acier inoxydable, r\u00e9glable de 5mm"},"content":{"rendered":"<div class=\"title--wrap--NWOaiSp\">\n<div class=\"title--text--Otu0bLr\">\n<div id=\"nav-specification\" class=\"specification--wrap--lxVQ2tj\" data-pl=\"product-specs\" data-spm-anchor-id=\"a2g0o.detail.0.i22.35eeSk4eSk4ejI\">\n<div class=\"title--wrap--NWOaiSp\" data-spm-anchor-id=\"a2g0o.detail.0.i21.35eeSk4eSk4ejI\">\n<div class=\"title--text--Otu0bLr\">\n<h2 class=\"title--title--O6xcB1q\" data-spm-anchor-id=\"a2g0o.detail.0.i20.35eeSk4eSk4ejI\">D\u00e9tails<\/h2>\n<\/div>\n<\/div>\n<ul class=\"specification--list--GZuXzRX\">\n<li class=\"specification--line--IXeRJI7\">\n<div class=\"specification--prop--Jh28bKu\">\n<div class=\"specification--title--SfH3sA8\">Chimique Hign-concern\u00e9<\/div>\n<div class=\"specification--desc--Dxx6W0W\" title=\"aucun\">aucun<\/div>\n<\/div>\n<div class=\"specification--prop--Jh28bKu\">\n<div class=\"specification--title--SfH3sA8\">Occasion<\/div>\n<div class=\"specification--desc--Dxx6W0W\" title=\"Partie\">Partie<\/div>\n<\/div>\n<\/li>\n<li class=\"specification--line--IXeRJI7\">\n<div class=\"specification--prop--Jh28bKu\">\n<div class=\"specification--title--SfH3sA8\">Compatibilit\u00e9<\/div>\n<div class=\"specification--desc--Dxx6W0W\" title=\"Tous compatibles\">Tous compatibles<\/div>\n<\/div>\n<div class=\"specification--prop--Jh28bKu\">\n<div class=\"specification--title--SfH3sA8\">Taille du pendentif<\/div>\n<div class=\"specification--desc--Dxx6W0W\" title=\"none\">none<\/div>\n<\/div>\n<\/li>\n<li class=\"specification--line--IXeRJI7\">\n<div class=\"specification--prop--Jh28bKu\">\n<div class=\"specification--title--SfH3sA8\">Forme\\motif<\/div>\n<div class=\"specification--desc--Dxx6W0W\" title=\"GEOMETRIC\">GEOMETRIC<\/div>\n<\/div>\n<div class=\"specification--prop--Jh28bKu\">\n<div class=\"specification--title--SfH3sA8\">Num\u00e9ro de Mod\u00e8le<\/div>\n<div class=\"specification--desc--Dxx6W0W\" title=\"NC-1749G-Necklace-MG\">NC-1749G-Necklace-MG<\/div>\n<\/div>\n<\/li>\n<li class=\"specification--line--IXeRJI7\">\n<div class=\"specification--prop--Jh28bKu\">\n<div class=\"specification--title--SfH3sA8\">Mat\u00e9riau<\/div>\n<div class=\"specification--desc--Dxx6W0W\" title=\"M\u00e9tal\">M\u00e9tal<\/div>\n<\/div>\n<div class=\"specification--prop--Jh28bKu\">\n<div class=\"specification--title--SfH3sA8\">Type de cha\u00eene<\/div>\n<div class=\"specification--desc--Dxx6W0W\" title=\"cha\u00eene \u00e0 maillons\">cha\u00eene \u00e0 maillons<\/div>\n<\/div>\n<\/li>\n<li class=\"specification--line--IXeRJI7\">\n<div class=\"specification--prop--Jh28bKu\">\n<div class=\"specification--title--SfH3sA8\">Style<\/div>\n<div class=\"specification--desc--Dxx6W0W\" title=\"TRENDY\">TRENDY<\/div>\n<\/div>\n<div class=\"specification--prop--Jh28bKu\">\n<div class=\"specification--title--SfH3sA8\">Type de Collier<\/div>\n<div class=\"specification--desc--Dxx6W0W\" title=\"Colliers pendentifs\">Colliers pendentifs<\/div>\n<\/div>\n<\/li>\n<li class=\"specification--line--IXeRJI7\">\n<div class=\"specification--prop--Jh28bKu\">\n<div class=\"specification--title--SfH3sA8\">Sexe<\/div>\n<div class=\"specification--desc--Dxx6W0W\" title=\"Femmes\">Femmes<\/div>\n<\/div>\n<div class=\"specification--prop--Jh28bKu\">\n<div class=\"specification--title--SfH3sA8\">Type de M\u00e9taux<\/div>\n<div class=\"specification--desc--Dxx6W0W\" title=\"Acier inoxydable\">Acier inoxydable<\/div>\n<\/div>\n<\/li>\n<li class=\"specification--line--IXeRJI7\">\n<div class=\"specification--prop--Jh28bKu\">\n<div class=\"specification--title--SfH3sA8\">Nom de marque<\/div>\n<div class=\"specification--desc--Dxx6W0W\" title=\"Meaeguet\">Meaeguet<\/div>\n<\/div>\n<div class=\"specification--prop--Jh28bKu\">\n<div class=\"specification--title--SfH3sA8\">Origine<\/div>\n<div class=\"specification--desc--Dxx6W0W\" title=\"CN (Origine)\">CN (Origine)<\/div>\n<\/div>\n<\/li>\n<li class=\"specification--line--IXeRJI7\">\n<div class=\"specification--prop--Jh28bKu\">\n<div class=\"specification--title--SfH3sA8\">CN<\/div>\n<div class=\"specification--desc--Dxx6W0W\" title=\"Guangdong\">Guangdong<\/div>\n<\/div>\n<div class=\"specification--prop--Jh28bKu\">\n<div class=\"specification--title--SfH3sA8\">Raffin\u00e9 ou mode<\/div>\n<div class=\"specification--desc--Dxx6W0W\" title=\"Mode\">Mode<\/div>\n<\/div>\n<\/li>\n<li class=\"specification--line--IXeRJI7\">\n<div class=\"specification--prop--Jh28bKu\">\n<div class=\"specification--title--SfH3sA8\">Type D&#8217;article<\/div>\n<div class=\"specification--desc--Dxx6W0W\" title=\"COLLIERS\">COLLIERS<\/div>\n<\/div>\n<div class=\"specification--prop--Jh28bKu\">\n<div class=\"specification--title--SfH3sA8\">Unique<\/div>\n<div class=\"specification--desc--Dxx6W0W\" title=\"Gold Neckalce Stainless Steel\">Gold Neckalce Stainless Steel<\/div>\n<\/div>\n<\/li>\n<li class=\"specification--line--IXeRJI7\">\n<div class=\"specification--prop--Jh28bKu\">\n<div class=\"specification--title--SfH3sA8\">Stainless steel metal<\/div>\n<div class=\"specification--desc--Dxx6W0W\" title=\"Not allergic, lead free,nickel free\">Not allergic, lead free,nickel free<\/div>\n<\/div>\n<div class=\"specification--prop--Jh28bKu\">\n<div class=\"specification--title--SfH3sA8\">Color<\/div>\n<div class=\"specification--desc--Dxx6W0W\" title=\"Gold\">Gold<\/div>\n<\/div>\n<\/li>\n<li class=\"specification--line--IXeRJI7\">\n<div class=\"specification--prop--Jh28bKu\">\n<div class=\"specification--title--SfH3sA8\">Occasion<\/div>\n<div class=\"specification--desc--Dxx6W0W\" title=\"Birthday, Anniversary, Engagement\">Birthday, Anniversary, Engagement<\/div>\n<\/div>\n<div class=\"specification--prop--Jh28bKu\">\n<div class=\"specification--title--SfH3sA8\">Packaging<\/div>\n<div class=\"specification--desc--Dxx6W0W\" title=\"Only one free velvet jewelry bag\">Only one free velvet jewelry bag<\/div>\n<\/div>\n<\/li>\n<li class=\"specification--line--IXeRJI7\">\n<div class=\"specification--prop--Jh28bKu\">\n<div class=\"specification--title--SfH3sA8\">Wholesale<\/div>\n<div class=\"specification--desc--Dxx6W0W\" title=\"Accepted, contact get wholesale price\">Accepted, contact get wholesale price<\/div>\n<\/div>\n<div class=\"specification--prop--Jh28bKu\">\n<div class=\"specification--title--SfH3sA8\">Dorpshipping<\/div>\n<div class=\"specification--desc--Dxx6W0W\" title=\"Free Service\">Free Service<\/div>\n<\/div>\n<\/li>\n<li class=\"specification--line--IXeRJI7\">\n<div class=\"specification--prop--Jh28bKu\">\n<div class=\"specification--title--SfH3sA8\">Customize<\/div>\n<div class=\"specification--desc--Dxx6W0W\" title=\"Accepted. Contact get more details\">Accepted. Contact get more details<\/div>\n<\/div>\n<div class=\"specification--prop--Jh28bKu\">\n<div class=\"specification--title--SfH3sA8\">Plating process<\/div>\n<div class=\"specification--desc--Dxx6W0W\" title=\"Vacuum 3-layer plating,not fade\">Vacuum 3-layer plating,not fade<\/div>\n<\/div>\n<\/li>\n<li class=\"specification--line--IXeRJI7\">\n<div class=\"specification--prop--Jh28bKu\">\n<div class=\"specification--title--SfH3sA8\">Order process time<\/div>\n<div class=\"specification--desc--Dxx6W0W\" title=\"two workdays\">two workdays<\/div>\n<\/div>\n<\/li>\n<\/ul>\n<\/div>\n<div class=\"split-line--wrap--dVhU29K\">\n<div class=\"comet-v2-divider comet-v2-divider-small\"><\/div>\n<\/div>\n<div class=\"description--store-banner--IkIfArF\"><\/div>\n<div id=\"nav-description\" class=\"description--wrap--LscZ0He\">\n<div class=\"title--wrap--NWOaiSp description--title--NMh4UiD\">\n<div class=\"title--text--Otu0bLr\"><\/div>\n<\/div>\n<\/div>\n<div>\n<div class=\"title--wrap--NWOaiSp\">\n<h2 class=\"title--title--O6xcB1q\"><\/h2>\n<\/div>\n<\/div>\n<\/div>\n<\/div>\n","protected":false},"excerpt":{"rendered":"<p>D\u00e9tails Chimique Hign-concern\u00e9 aucun Occasion Partie Compatibilit\u00e9 Tous compatibles Taille du pendentif none Forme\\motif GEOMETRIC Num\u00e9ro de Mod\u00e8le NC-1749G-Necklace-MG Mat\u00e9riau M\u00e9tal Type de cha\u00eene cha\u00eene \u00e0 maillons Style TRENDY Type de Collier Colliers pendentifs Sexe Femmes Type de M\u00e9taux Acier inoxydable Nom de marque Meaeguet Origine CN (Origine) CN Guangdong Raffin\u00e9 ou mode Mode Type [&hellip;]<\/p>\n","protected":false},"featured_media":1294,"comment_status":"open","ping_status":"closed","template":"","meta":{"_uag_custom_page_level_css":"","site-container-style":"default","site-container-layout":"default","site-sidebar-layout":"default","disable-article-header":"default","disable-site-header":"default","disable-site-footer":"default","disable-content-area-spacing":"default"},"product_brand":[],"product_cat":[28],"product_tag":[],"class_list":{"0":"post-1293","1":"product","2":"type-product","3":"status-publish","4":"has-post-thumbnail","6":"product_cat-jew-accs","8":"first","9":"instock","10":"sale","11":"shipping-taxable","12":"product-type-external"},"uagb_featured_image_src":{"full":["https:\/\/mychoice.social\/wp-content\/uploads\/2025\/05\/Sb6019edbbef04a7988c0dd23d245b26bN.jpg_350x350.avif",350,350,false],"thumbnail":["https:\/\/mychoice.social\/wp-content\/uploads\/2025\/05\/Sb6019edbbef04a7988c0dd23d245b26bN.jpg_350x350-150x150.avif",150,150,true],"medium":["https:\/\/mychoice.social\/wp-content\/uploads\/2025\/05\/Sb6019edbbef04a7988c0dd23d245b26bN.jpg_350x350-300x300.avif",300,300,true],"medium_large":["https:\/\/mychoice.social\/wp-content\/uploads\/2025\/05\/Sb6019edbbef04a7988c0dd23d245b26bN.jpg_350x350.avif",350,350,false],"large":["https:\/\/mychoice.social\/wp-content\/uploads\/2025\/05\/Sb6019edbbef04a7988c0dd23d245b26bN.jpg_350x350.avif",350,350,false],"1536x1536":["https:\/\/mychoice.social\/wp-content\/uploads\/2025\/05\/Sb6019edbbef04a7988c0dd23d245b26bN.jpg_350x350.avif",350,350,false],"2048x2048":["https:\/\/mychoice.social\/wp-content\/uploads\/2025\/05\/Sb6019edbbef04a7988c0dd23d245b26bN.jpg_350x350.avif",350,350,false],"woocommerce_thumbnail":["https:\/\/mychoice.social\/wp-content\/uploads\/2025\/05\/Sb6019edbbef04a7988c0dd23d245b26bN.jpg_350x350-300x300.avif",300,300,true],"woocommerce_single":["https:\/\/mychoice.social\/wp-content\/uploads\/2025\/05\/Sb6019edbbef04a7988c0dd23d245b26bN.jpg_350x350.avif",350,350,false],"woocommerce_gallery_thumbnail":["https:\/\/mychoice.social\/wp-content\/uploads\/2025\/05\/Sb6019edbbef04a7988c0dd23d245b26bN.jpg_350x350-100x100.avif",100,100,true]},"uagb_author_info":{"display_name":"MyChoice","author_link":"https:\/\/mychoice.social\/index.php\/author\/"},"uagb_comment_info":0,"uagb_excerpt":"D\u00e9tails Chimique Hign-concern\u00e9 aucun Occasion Partie Compatibilit\u00e9 Tous compatibles Taille du pendentif none Forme\\motif GEOMETRIC Num\u00e9ro de Mod\u00e8le NC-1749G-Necklace-MG Mat\u00e9riau M\u00e9tal Type de cha\u00eene cha\u00eene \u00e0 maillons Style TRENDY Type de Collier Colliers pendentifs Sexe Femmes Type de M\u00e9taux Acier inoxydable Nom de marque Meaeguet Origine CN (Origine) CN Guangdong Raffin\u00e9 ou mode Mode Type&hellip;","jetpack_sharing_enabled":true,"_links":{"self":[{"href":"https:\/\/mychoice.social\/index.php\/wp-json\/wp\/v2\/product\/1293","targetHints":{"allow":["GET"]}}],"collection":[{"href":"https:\/\/mychoice.social\/index.php\/wp-json\/wp\/v2\/product"}],"about":[{"href":"https:\/\/mychoice.social\/index.php\/wp-json\/wp\/v2\/types\/product"}],"replies":[{"embeddable":true,"href":"https:\/\/mychoice.social\/index.php\/wp-json\/wp\/v2\/comments?post=1293"}],"wp:featuredmedia":[{"embeddable":true,"href":"https:\/\/mychoice.social\/index.php\/wp-json\/wp\/v2\/media\/1294"}],"wp:attachment":[{"href":"https:\/\/mychoice.social\/index.php\/wp-json\/wp\/v2\/media?parent=1293"}],"wp:term":[{"taxonomy":"product_brand","embeddable":true,"href":"https:\/\/mychoice.social\/index.php\/wp-json\/wp\/v2\/product_brand?post=1293"},{"taxonomy":"product_cat","embeddable":true,"href":"https:\/\/mychoice.social\/index.php\/wp-json\/wp\/v2\/product_cat?post=1293"},{"taxonomy":"product_tag","embeddable":true,"href":"https:\/\/mychoice.social\/index.php\/wp-json\/wp\/v2\/product_tag?post=1293"}],"curies":[{"name":"wp","href":"https:\/\/api.w.org\/{rel}","templated":true}]}}