{"id":1295,"date":"2025-05-12T18:56:44","date_gmt":"2025-05-12T18:56:44","guid":{"rendered":"https:\/\/mychoice.social\/?post_type=product&#038;p=1295"},"modified":"2025-05-12T18:56:44","modified_gmt":"2025-05-12T18:56:44","slug":"montre-davion-multifonction-pour-collegiens","status":"publish","type":"product","link":"https:\/\/mychoice.social\/index.php\/product\/montre-davion-multifonction-pour-collegiens\/","title":{"rendered":"Montre d&#8217;avion multifonction pour coll\u00e9giens"},"content":{"rendered":"<div class=\"title--wrap--NWOaiSp description--title--NMh4UiD\">\n<div class=\"title--text--Otu0bLr\">\n<h2 class=\"title--title--O6xcB1q\" data-spm-anchor-id=\"a2g0o.detail.0.i22.375fOXF8OXF8lt\">Pr\u00e9sentation<\/h2>\n<\/div>\n<p><a class=\"description--report--_8LzMSh\" href=\"https:\/\/report.aliexpress.com\/health\/reportIndex.htm?product_id=1005007615568675&amp;b_login_id=cn1087320038wubae\" target=\"_blank\" rel=\"nofollow noopener noreferrer\" data-aplus-clk=\"x1_520484e5\" data-spm-anchor-id=\"a2g0o.detail.0.0\">Signaler cet article<\/a><\/div>\n<div class=\"extend--wrap--yXwoDbO\">\n<div class=\"extend--content--VuIQZia\">\n<div>\n<div id=\"product-description\" class=\"description--product-description--Mjtql28\" data-spm=\"1000023\" data-pl=\"product-description\">\n<div class=\"description--origin-part--rWy05pE\">\n<div class=\"detailmodule_html\">\n<div class=\"detail-desc-decorate-richtext\">\n<p>Cette montre est \u00e9tanche \u00e0 vie, c&#8217;est-\u00e0-dire \u00e9tanche au quotidien, ne peut pas prendre de natation, de bain, de sauna, etc. , veuillez essayer d&#8217;\u00e9viter de tremper dans l&#8217;eau ou dans de grandes zones de contact avec l&#8217;eau. Ne laissez jamais l&#8217;eau p\u00e9n\u00e9trer dans le bouton.<\/p>\n<p><img data-recalc-dims=\"1\" decoding=\"async\" src=\"https:\/\/i0.wp.com\/ae01.alicdn.com\/kf\/Sc0b30ea5cf3a4cd2a9b1266c46ad7bc9f.jpg?ssl=1\" \/><img data-recalc-dims=\"1\" decoding=\"async\" src=\"https:\/\/i0.wp.com\/ae01.alicdn.com\/kf\/S02faa2abd53544569d33eea1dcacea85g.jpg?ssl=1\" \/><img data-recalc-dims=\"1\" decoding=\"async\" src=\"https:\/\/i0.wp.com\/ae01.alicdn.com\/kf\/S92675abeecd14c248c8b490943a8dab9I.jpg?ssl=1\" \/><img data-recalc-dims=\"1\" decoding=\"async\" src=\"https:\/\/i0.wp.com\/ae01.alicdn.com\/kf\/S6f2451191a6a4beb9ef0686a728c2b3el.jpg?ssl=1\" \/><img data-recalc-dims=\"1\" decoding=\"async\" src=\"https:\/\/i0.wp.com\/ae01.alicdn.com\/kf\/S8bdb4f93e8294480bee0b836d4e29d6fw.jpg?ssl=1\" \/><\/p>\n<\/div>\n<\/div>\n<\/div>\n<\/div>\n<\/div>\n<\/div>\n<\/div>\n","protected":false},"excerpt":{"rendered":"<p>Pr\u00e9sentation Signaler cet article Cette montre est \u00e9tanche \u00e0 vie, c&#8217;est-\u00e0-dire \u00e9tanche au quotidien, ne peut pas prendre de natation, de bain, de sauna, etc. , veuillez essayer d&#8217;\u00e9viter de tremper dans l&#8217;eau ou dans de grandes zones de contact avec l&#8217;eau. Ne laissez jamais l&#8217;eau p\u00e9n\u00e9trer dans le bouton.<\/p>\n","protected":false},"featured_media":1296,"comment_status":"open","ping_status":"closed","template":"","meta":{"_uag_custom_page_level_css":"","site-container-style":"default","site-container-layout":"default","site-sidebar-layout":"default","disable-article-header":"default","disable-site-header":"default","disable-site-footer":"default","disable-content-area-spacing":"default"},"product_brand":[],"product_cat":[34],"product_tag":[],"class_list":{"0":"post-1295","1":"product","2":"type-product","3":"status-publish","4":"has-post-thumbnail","6":"product_cat-gadgets","8":"first","9":"instock","10":"sale","11":"shipping-taxable","12":"product-type-external"},"uagb_featured_image_src":{"full":["https:\/\/mychoice.social\/wp-content\/uploads\/2025\/05\/S8bdb4f93e8294480bee0b836d4e29d6fw.jpg_350x350.avif",350,350,false],"thumbnail":["https:\/\/mychoice.social\/wp-content\/uploads\/2025\/05\/S8bdb4f93e8294480bee0b836d4e29d6fw.jpg_350x350-150x150.avif",150,150,true],"medium":["https:\/\/mychoice.social\/wp-content\/uploads\/2025\/05\/S8bdb4f93e8294480bee0b836d4e29d6fw.jpg_350x350-300x300.avif",300,300,true],"medium_large":["https:\/\/mychoice.social\/wp-content\/uploads\/2025\/05\/S8bdb4f93e8294480bee0b836d4e29d6fw.jpg_350x350.avif",350,350,false],"large":["https:\/\/mychoice.social\/wp-content\/uploads\/2025\/05\/S8bdb4f93e8294480bee0b836d4e29d6fw.jpg_350x350.avif",350,350,false],"1536x1536":["https:\/\/mychoice.social\/wp-content\/uploads\/2025\/05\/S8bdb4f93e8294480bee0b836d4e29d6fw.jpg_350x350.avif",350,350,false],"2048x2048":["https:\/\/mychoice.social\/wp-content\/uploads\/2025\/05\/S8bdb4f93e8294480bee0b836d4e29d6fw.jpg_350x350.avif",350,350,false],"woocommerce_thumbnail":["https:\/\/mychoice.social\/wp-content\/uploads\/2025\/05\/S8bdb4f93e8294480bee0b836d4e29d6fw.jpg_350x350-300x300.avif",300,300,true],"woocommerce_single":["https:\/\/mychoice.social\/wp-content\/uploads\/2025\/05\/S8bdb4f93e8294480bee0b836d4e29d6fw.jpg_350x350.avif",350,350,false],"woocommerce_gallery_thumbnail":["https:\/\/mychoice.social\/wp-content\/uploads\/2025\/05\/S8bdb4f93e8294480bee0b836d4e29d6fw.jpg_350x350-100x100.avif",100,100,true]},"uagb_author_info":{"display_name":"MyChoice","author_link":"https:\/\/mychoice.social\/index.php\/author\/"},"uagb_comment_info":0,"uagb_excerpt":"Pr\u00e9sentation Signaler cet article Cette montre est \u00e9tanche \u00e0 vie, c&#8217;est-\u00e0-dire \u00e9tanche au quotidien, ne peut pas prendre de natation, de bain, de sauna, etc. , veuillez essayer d&#8217;\u00e9viter de tremper dans l&#8217;eau ou dans de grandes zones de contact avec l&#8217;eau. Ne laissez jamais l&#8217;eau p\u00e9n\u00e9trer dans le bouton.","jetpack_sharing_enabled":true,"_links":{"self":[{"href":"https:\/\/mychoice.social\/index.php\/wp-json\/wp\/v2\/product\/1295","targetHints":{"allow":["GET"]}}],"collection":[{"href":"https:\/\/mychoice.social\/index.php\/wp-json\/wp\/v2\/product"}],"about":[{"href":"https:\/\/mychoice.social\/index.php\/wp-json\/wp\/v2\/types\/product"}],"replies":[{"embeddable":true,"href":"https:\/\/mychoice.social\/index.php\/wp-json\/wp\/v2\/comments?post=1295"}],"wp:featuredmedia":[{"embeddable":true,"href":"https:\/\/mychoice.social\/index.php\/wp-json\/wp\/v2\/media\/1296"}],"wp:attachment":[{"href":"https:\/\/mychoice.social\/index.php\/wp-json\/wp\/v2\/media?parent=1295"}],"wp:term":[{"taxonomy":"product_brand","embeddable":true,"href":"https:\/\/mychoice.social\/index.php\/wp-json\/wp\/v2\/product_brand?post=1295"},{"taxonomy":"product_cat","embeddable":true,"href":"https:\/\/mychoice.social\/index.php\/wp-json\/wp\/v2\/product_cat?post=1295"},{"taxonomy":"product_tag","embeddable":true,"href":"https:\/\/mychoice.social\/index.php\/wp-json\/wp\/v2\/product_tag?post=1295"}],"curies":[{"name":"wp","href":"https:\/\/api.w.org\/{rel}","templated":true}]}}