{"id":1308,"date":"2025-09-30T21:08:17","date_gmt":"2025-09-30T21:08:17","guid":{"rendered":"https:\/\/mychoice.social\/index.php\/product\/guirlande-lumineuse-led-a-piles-pour-halloween-10-20-pieces\/"},"modified":"2025-09-30T21:08:17","modified_gmt":"2025-09-30T21:08:17","slug":"guirlande-lumineuse-led-a-piles-pour-halloween-10-20-pieces","status":"publish","type":"product","link":"https:\/\/mychoice.social\/index.php\/product\/guirlande-lumineuse-led-a-piles-pour-halloween-10-20-pieces\/","title":{"rendered":"Guirlande lumineuse LED \u00e0 piles pour Halloween, 10\/20 pi\u00e8ces"},"content":{"rendered":"<div class=\"specification--wrap--lxVQ2tj\" id=\"nav-specification\" data-pl=\"product-specs\">\n<div class=\"title--wrap--NWOaiSp\" style=\"margin: 0px;padding: 0px;height: 56px;line-height: 56px\">\n<div class=\"title--text--Otu0bLr\" style=\"margin: 0px;padding: 0px;cursor: default;height: 56px\">\n<h2 class=\"title--title--O6xcB1q\" style=\"font-size: 24px;margin: 0px\">D\u00e9tails<\/h2>\n<\/div>\n<\/div>\n<ul class=\"specification--list--GZuXzRX\" style=\"margin: 0px;padding: 0px\">\n<li class=\"specification--line--IXeRJI7\" style=\"margin-top: 0px;margin-right: 0px;margin-bottom: 0px;margin-left: unset;padding: 0px\">\n<div class=\"specification--prop--Jh28bKu\" style=\"margin: 0px;padding: 0px;float: left;line-height: 28px;max-width: 50%;position: relative;width: 426px\">\n<div class=\"specification--title--SfH3sA8\" style=\"margin: 0px;padding: 16px;line-height: 20px;width: 174px\"><span style=\"margin: 0px;padding: 0px;line-height: 20px\">Chimique Hign-concern\u00e9<\/span><\/div>\n<div class=\"specification--desc--Dxx6W0W\" title=\"Aucun\" style=\"margin: 0px;padding: 16px;line-height: 20px;flex: 1 1 0%\"><span style=\"margin: 0px;padding: 0px;line-height: 20px\">Aucun<\/span><\/div>\n<\/div>\n<div class=\"specification--prop--Jh28bKu\" style=\"margin: 0px;padding: 0px;float: left;line-height: 28px;max-width: 50%;position: relative;width: 426px\">\n<div class=\"specification--title--SfH3sA8\" style=\"margin: 0px;padding: 16px;line-height: 20px;width: 174px\"><span style=\"margin: 0px;padding: 0px;line-height: 20px\">\u00c9lectronique<\/span><\/div>\n<div class=\"specification--desc--Dxx6W0W\" title=\"Non\" style=\"margin: 0px;padding: 16px;line-height: 20px;flex: 1 1 0%\"><span style=\"margin: 0px;padding: 0px;line-height: 20px\">Non<\/span><\/div>\n<\/div>\n<\/li>\n<li class=\"specification--line--IXeRJI7\" style=\"margin-top: 0px;margin-right: 0px;margin-bottom: 0px;margin-left: unset;padding: 0px\">\n<div class=\"specification--prop--Jh28bKu\" style=\"margin: 0px;padding: 0px;float: left;line-height: 28px;max-width: 50%;position: relative;width: 426px\">\n<div class=\"specification--title--SfH3sA8\" style=\"margin: 0px;padding: 16px;line-height: 20px;width: 174px\"><span style=\"margin: 0px;padding: 0px;line-height: 20px\">Occasion<\/span><\/div>\n<div class=\"specification--desc--Dxx6W0W\" title=\"Halloween\" style=\"margin: 0px;padding: 16px;line-height: 20px;flex: 1 1 0%\"><span style=\"margin: 0px;padding: 0px;line-height: 20px\">Halloween<\/span><\/div>\n<\/div>\n<div class=\"specification--prop--Jh28bKu\" style=\"margin: 0px;padding: 0px;float: left;line-height: 28px;max-width: 50%;position: relative;width: 426px\">\n<div class=\"specification--title--SfH3sA8\" style=\"margin: 0px;padding: 16px;line-height: 20px;width: 174px\"><span style=\"margin: 0px;padding: 0px;line-height: 20px\">Mat\u00e9riau<\/span><\/div>\n<div class=\"specification--desc--Dxx6W0W\" title=\"plastique\" style=\"margin: 0px;padding: 16px;line-height: 20px;flex: 1 1 0%\"><span style=\"margin: 0px;padding: 0px;line-height: 20px\">plastique<\/span><\/div>\n<\/div>\n<\/li>\n<li class=\"specification--line--IXeRJI7\" style=\"margin-top: 0px;margin-right: 0px;margin-bottom: 0px;margin-left: unset;padding: 0px\">\n<div class=\"specification--prop--Jh28bKu\" style=\"margin: 0px;padding: 0px;float: left;line-height: 28px;max-width: 50%;position: relative;width: 426px\">\n<div class=\"specification--title--SfH3sA8\" style=\"margin: 0px;padding: 16px;line-height: 20px;width: 174px\"><span style=\"margin: 0px;padding: 0px;line-height: 20px\">Personnalis\u00e9<\/span><\/div>\n<div class=\"specification--desc--Dxx6W0W\" title=\"Non\" style=\"margin: 0px;padding: 16px;line-height: 20px;flex: 1 1 0%\"><span style=\"margin: 0px;padding: 0px;line-height: 20px\">Non<\/span><\/div>\n<\/div>\n<div class=\"specification--prop--Jh28bKu\" style=\"margin: 0px;padding: 0px;float: left;line-height: 28px;max-width: 50%;position: relative;width: 426px\">\n<div class=\"specification--title--SfH3sA8\" style=\"margin: 0px;padding: 16px;line-height: 20px;width: 174px\"><span style=\"margin: 0px;padding: 0px;line-height: 20px\">Num\u00e9ro de Mod\u00e8le<\/span><\/div>\n<div class=\"specification--desc--Dxx6W0W\" title=\"Halloween Lights\" style=\"margin: 0px;padding: 16px;line-height: 20px;flex: 1 1 0%\"><span style=\"margin: 0px;padding: 0px;line-height: 20px\">Halloween Lights<\/span><\/div>\n<\/div>\n<\/li>\n<li class=\"specification--line--IXeRJI7\" style=\"margin-top: 0px;margin-right: 0px;margin-bottom: 0px;margin-left: unset;padding: 0px\">\n<div class=\"specification--prop--Jh28bKu\" style=\"margin: 0px;padding: 0px;float: left;line-height: 28px;max-width: 50%;position: relative;width: 426px\">\n<div class=\"specification--title--SfH3sA8\" style=\"margin: 0px;padding: 16px;line-height: 20px;width: 174px\"><span style=\"margin: 0px;padding: 0px;line-height: 20px\">CN<\/span><\/div>\n<div class=\"specification--desc--Dxx6W0W\" title=\"Guangdong\" style=\"margin: 0px;padding: 16px;line-height: 20px;flex: 1 1 0%\"><span style=\"margin: 0px;padding: 0px;line-height: 20px\">Guangdong<\/span><\/div>\n<\/div>\n<div class=\"specification--prop--Jh28bKu\" style=\"margin: 0px;padding: 0px;float: left;line-height: 28px;max-width: 50%;position: relative;width: 426px\">\n<div class=\"specification--title--SfH3sA8\" style=\"margin: 0px;padding: 16px;line-height: 20px;width: 174px\"><span style=\"margin: 0px;padding: 0px;line-height: 20px\">Origine<\/span><\/div>\n<div class=\"specification--desc--Dxx6W0W\" title=\"CN (Origine)\" style=\"margin: 0px;padding: 16px;line-height: 20px;flex: 1 1 0%\"><span style=\"margin: 0px;padding: 0px;line-height: 20px\">CN (Origine)<\/span><\/div>\n<\/div>\n<\/li>\n<li class=\"specification--line--IXeRJI7\" style=\"margin-top: 0px;margin-right: 0px;margin-bottom: 0px;margin-left: unset;padding: 0px\">\n<div class=\"specification--prop--Jh28bKu\" style=\"margin: 0px;padding: 0px;float: left;line-height: 28px;max-width: 50%;position: relative;width: 426px\">\n<div class=\"specification--title--SfH3sA8\" style=\"margin: 0px;padding: 16px;line-height: 20px;width: 174px\"><span style=\"margin: 0px;padding: 0px;line-height: 20px\">halloween lights<\/span><\/div>\n<div class=\"specification--desc--Dxx6W0W\" title=\"halloween lamp\" style=\"margin: 0px;padding: 16px;line-height: 20px;flex: 1 1 0%\"><span style=\"margin: 0px;padding: 0px;line-height: 20px\">halloween lamp<\/span><\/div>\n<\/div>\n<\/li>\n<\/ul>\n<\/div>\n<div class=\"split-line--wrap--dVhU29K\">\n<div class=\"comet-v2-divider comet-v2-divider-small\"><\/div>\n<\/div>\n<div class=\"description--wrap--LscZ0He\" id=\"nav-description\">\n<div class=\"title--wrap--NWOaiSp description--title--NMh4UiD\" style=\"margin: 0px;padding: 0px;height: 56px;line-height: 56px;justify-content: space-between\">\n<div class=\"title--text--Otu0bLr\" style=\"margin: 0px;padding: 0px;cursor: default;height: 56px\">\n<h2 class=\"title--title--O6xcB1q\" style=\"font-size: 24px;margin: 0px\">Pr\u00e9sentation<\/h2>\n<\/div>\n<p><a class=\"description--report--_8LzMSh\" href=\"https:\/\/report.aliexpress.com\/health\/reportIndex.htm?product_id=1005009790961506&amp;b_login_id=cn1079017366naqae\" target=\"_blank\" rel=\"nofollow noopener noreferrer\" data-aplus-clk=\"x1_89df0e5\" data-spm-anchor-id=\"a2g0o.detail.0.0\" style=\"background-color: transparent;cursor: pointer;margin: 0px;padding: 0px;font-size: 15px;font-weight: 700\">Signaler cet article<\/a><\/div>\n<div class=\"extend--wrap--yXwoDbO\" style=\"margin: 0px;padding: 0px;position: relative\">\n<div class=\"extend--content--VuIQZia\" style=\"margin: 0px;padding: 0px;overflow: hidden;position: relative\">\n<div style=\"margin: 0px;padding: 0px\">\n<div id=\"product-description\" data-spm=\"1000023\" class=\"description--product-description--Mjtql28\" data-pl=\"product-description\" style=\"margin: 0px;padding: 0px;max-width: 944px;overflow: hidden;position: relative\">\n<div class=\"description--origin-part--rWy05pE\" style=\"margin: 0px;padding: 0px\">\n<div class=\"detailmodule_html\" style=\"margin: 0px;padding: 0px\">\n<div class=\"detail-desc-decorate-richtext\" style=\"margin: 0px;padding: 0px\">\n<div class=\"detailmodule_html\" style=\"margin: 0px;padding: 0px\">\n<div class=\"detail-desc-decorate-richtext\" style=\"margin: 0px;padding: 0px\">\n<p data-key=\"2\" data-slate-type=\"p\" data-style=\"{}\" data-spm-anchor-id=\"a2g0o.detail.1000023.i0.32f6pfCupfCuBg\" style=\"margin: 0px;padding: 0px;line-height: inherit;text-align: center\"><span data-spm-anchor-id=\"a2g0o.detail.1000023.i0.5e5awtepwtepDi\" id=\"tl_1\" style=\"margin: 0px;padding: 0px;max-width: 100%;font-family: tahoma, geneva, sans-serif;font-weight: 700;font-size: 24px\">Bienvenue dans ma boutique<\/span><\/p>\n<p data-key=\"4\" data-slate-type=\"p\" style=\"margin: 0px;padding: 0px;line-height: inherit;text-align: justify\"><span id=\"tl_2\">Nom du produit : lumi\u00e8res d&#8217;Halloween.<\/span><\/p>\n<p data-key=\"6\" data-slate-type=\"p\" data-spm-anchor-id=\"a2g0o.detail.1000023.i0.5b5dX0C9X0C9sO\" style=\"margin: 0px;padding: 0px;line-height: inherit;text-align: justify\"><span id=\"tl_3\">Composition du produit : d\u00e9corations<\/span><\/p>\n<p data-key=\"8\" data-slate-type=\"p\" style=\"margin: 0px;padding: 0px;line-height: inherit;text-align: justify\"><span id=\"tl_4\">Mat\u00e9riau : plastique<\/span><\/p>\n<p data-key=\"10\" data-slate-type=\"p\" style=\"margin: 0px;padding: 0px;line-height: inherit;text-align: justify\"><span id=\"tl_5\">Apparence : tout neuf<\/span><\/p>\n<p data-key=\"12\" data-slate-type=\"p\" data-style=\"{}\" style=\"margin: 0px;padding: 0px;line-height: inherit\"><span id=\"tl_6\">Couleur: comme le montre l&#8217;image<\/span><\/p>\n<p data-key=\"14\" data-slate-type=\"p\" style=\"margin: 0px;padding: 0px;line-height: inherit;text-align: justify\"><span id=\"tl_7\">Occasions applicables :\u00a0<span style=\"margin: 0px;padding: 0px;max-width: 100%\">Halloween<\/span><\/span><\/p>\n<p data-key=\"16\" data-slate-type=\"p\" style=\"margin: 0px;padding: 0px;line-height: inherit;text-align: justify\"><span id=\"tl_8\">Rappel aimable :<\/span><\/p>\n<p data-key=\"18\" data-slate-type=\"p\" style=\"margin: 0px;padding: 0px;line-height: inherit;text-align: justify\"><span id=\"tl_9\">1. En raison de la mesure manuelle par les employ\u00e9s, il peut y avoir une erreur de 1 \u00e0 3 cm.Nous ferons de notre mieux pour mesurer avec pr\u00e9cision.Nous nous excusons pour tout inconv\u00e9nient caus\u00e9<\/span><\/p>\n<p data-key=\"20\" data-slate-type=\"p\" style=\"margin: 0px;padding: 0px;line-height: inherit;text-align: justify\"><span id=\"tl_10\">2. Le colis sera envoy\u00e9 dans les 24 heures<\/span><\/p>\n<p data-key=\"22\" data-slate-type=\"p\" style=\"margin: 0px;padding: 0px;line-height: inherit;text-align: justify\"><span id=\"tl_11\">3.Service client professionnel en ligne, toujours attentionn\u00e9 et r\u00e9pondant aux questions<\/span><\/p>\n<p data-key=\"24\" data-slate-type=\"p\" data-slate-fragment=\"JTdCJTIyb2JqZWN0JTIyJTNBJTIyZG9jdW1lbnQlMjIlMkMlMjJkYXRhJTIyJTNBJTdCJTdEJTJDJTIybm9kZXMlMjIlM0ElNUIlN0IlMjJvYmplY3QlMjIlM0ElMjJibG9jayUyMiUyQyUyMnR5cGUlMjIlM0ElMjJwYXJhZ3JhcGglMjIlMkMlMjJpc1ZvaWQlMjIlM0FmYWxzZSUyQyUyMmRhdGElMjIlM0ElN0IlN0QlMkMlMjJub2RlcyUyMiUzQSU1QiU3QiUyMm9iamVjdCUyMiUzQSUyMnRleHQlMjIlMkMlMjJsZWF2ZXMlMjIlM0ElNUIlN0IlMjJvYmplY3QlMjIlM0ElMjJsZWFmJTIyJTJDJTIydGV4dCUyMiUzQSUyMldlbGNvbWUlMjB0byUyMG15JTIwc2hvcCUyMCUyMiUyQyUyMm1hcmtzJTIyJTNBJTVCJTdCJTIyb2JqZWN0JTIyJTNBJTIybWFyayUyMiUyQyUyMnR5cGUlMjIlM0ElMjJCT0xEJTIyJTJDJTIyZGF0YSUyMiUzQSU3QiU3RCU3RCUyQyU3QiUyMm9iamVjdCUyMiUzQSUyMm1hcmslMjIlMkMlMjJ0eXBlJTIyJTNBJTIyQ09NTU9OU1RZTEUlMjIlMkMlMjJkYXRhJTIyJTNBJTdCJTIyY29sb3IlMjIlM0ElMjJyZ2IoMCUyQyUyMDAlMkMlMjAwKSUyMiUyQyUyMmZvbnRTaXplJTIyJTNBJTIyMjJweCUyMiUyQyUyMmZvbnRGYW1pbHklMjIlM0ElMjJ0YWhvbWElMkMlMjBnZW5ldmElMkMlMjBzYW5zLXNlcmlmJTIyJTdEJTdEJTVEJTdEJTVEJTdEJTVEJTdEJTJDJTdCJTIyb2JqZWN0JTIyJTNBJTIyYmxvY2slMjIlMkMlMjJ0eXBlJTIyJTNBJTIycGFyYWdyYXBoJTIyJTJDJTIyaXNWb2lkJTIyJTNBZmFsc2UlMkMlMjJkYXRhJTIyJTNBJTdCJTIyYWxpZ24lMjIlM0ElMjJqdXN0aWZ5JTIyJTJDJTIyc3R5bGUlMjIlM0ElN0IlMjJ0ZXh0QWxpZ24lMjIlM0ElMjJqdXN0aWZ5JTIyJTdEJTJDJTIyY2xhc3NOYW1lJTIyJTNBJTIyTXNvTm9ybWFsJTIyJTdEJTJDJTIybm9kZXMlMjIlM0ElNUIlN0IlMjJvYmplY3QlMjIlM0ElMjJ0ZXh0JTIyJTJDJTIybGVhdmVzJTIyJTNBJTVCJTdCJTIyb2JqZWN0JTIyJTNBJTIybGVhZiUyMiUyQyUyMnRleHQlMjIlM0ElMjJQcm9kdWN0JTIwTmFtZSUzQVRoZSUyMExpb24lMjBLaW5nJTIwQmlydGhkYXklMjBQYXJ0eSUyMERlY29yYXRpb24lMjIlMkMlMjJtYXJrcyUyMiUzQSU1QiU3QiUyMm9iamVjdCUyMiUzQSUyMm1hcmslMjIlMkMlMjJ0eXBlJTIyJTNBJTIyQ09NTU9OU1RZTEUlMjIlMkMlMjJkYXRhJTIyJTNBJTdCJTIyY29sb3IlMjIlM0ElMjJyZ2IoMCUyQyUyMDAlMkMlMjAwKSUyMiUyQyUyMmZvbnRTaXplJTIyJTNBJTIyMTZweCUyMiUyQyUyMmZvbnRGYW1pbHklMjIlM0ElMjJBcmlhbCUyMiU3RCU3RCU1RCU3RCU1RCU3RCU1RCU3RCUyQyU3QiUyMm9iamVjdCUyMiUzQSUyMmJsb2NrJTIyJTJDJTIydHlwZSUyMiUzQSUyMnBhcmFncmFwaCUyMiUyQyUyMmlzVm9pZCUyMiUzQWZhbHNlJTJDJTIyZGF0YSUyMiUzQSU3QiUyMmFsaWduJTIyJTNBJTIyanVzdGlmeSUyMiUyQyUyMnN0eWxlJTIyJTNBJTdCJTIydGV4dEFsaWduJTIyJTNBJTIyanVzdGlmeSUyMiU3RCUyQyUyMmNsYXNzTmFtZSUyMiUzQSUyMk1zb05vcm1hbCUyMiU3RCUyQyUyMm5vZGVzJTIyJTNBJTVCJTdCJTIyb2JqZWN0JTIyJTNBJTIydGV4dCUyMiUyQyUyMmxlYXZlcyUyMiUzQSU1QiU3QiUyMm9iamVjdCUyMiUzQSUyMmxlYWYlMjIlMkMlMjJ0ZXh0JTIyJTNBJTIyUHJvZHVjdCUyMGNvbXBvc2l0aW9uJTNBJTIwdGFibGV3YXJlJTJDJTIwYmFsbG9vbnMlMkMlMjBkZWNvcmF0aW9ucyUyMiUyQyUyMm1hcmtzJTIyJTNBJTVCJTdCJTIyb2JqZWN0JTIyJTNBJTIybWFyayUyMiUyQyUyMnR5cGUlMjIlM0ElMjJDT01NT05TVFlMRSUyMiUyQyUyMmRhdGElMjIlM0ElN0IlMjJjb2xvciUyMiUzQSUyMnJnYigwJTJDJTIwMCUyQyUyMDApJTIyJTJDJTIyZm9udFNpemUlMjIlM0ElMjIxNnB4JTIyJTJDJTIyZm9udEZhbWlseSUyMiUzQSUyMkFyaWFsJTIyJTdEJTdEJTVEJTdEJTVEJTdEJTVEJTdEJTJDJTdCJTIyb2JqZWN0JTIyJTNBJTIyYmxvY2slMjIlMkMlMjJ0eXBlJTIyJTNBJTIycGFyYWdyYXBoJTIyJTJDJTIyaXNWb2lkJTIyJTNBZmFsc2UlMkMlMjJkYXRhJTIyJTNBJTdCJTIyYWxpZ24lMjIlM0ElMjJqdXN0aWZ5JTIyJTJDJTIyc3R5bGUlMjIlM0ElN0IlMjJ0ZXh0QWxpZ24lMjIlM0ElMjJqdXN0aWZ5JTIyJTdEJTJDJTIyY2xhc3NOYW1lJTIyJTNBJTIyTXNvTm9ybWFsJTIyJTdEJTJDJTIybm9kZXMlMjIlM0ElNUIlN0IlMjJvYmplY3QlMjIlM0ElMjJ0ZXh0JTIyJTJDJTIybGVhdmVzJTIyJTNBJTVCJTdCJTIyb2JqZWN0JTIyJTNBJTIybGVhZiUyMiUyQyUyMnRleHQlMjIlM0ElMjJNYXRlcmlhbCUzQSUyMFBhcGVyJTIyJTJDJTIybWFya3MlMjIlM0ElNUIlN0IlMjJvYmplY3QlMjIlM0ElMjJtYXJrJTIyJTJDJTIydHlwZSUyMiUzQSUyMkNPTU1PTlNUWUxFJTIyJTJDJTIyZGF0YSUyMiUzQSU3QiUyMmNvbG9yJTIyJTNBJTIycmdiKDAlMkMlMjAwJTJDJTIwMCklMjIlMkMlMjJmb250U2l6ZSUyMiUzQSUyMjE2cHglMjIlMkMlMjJmb250RmFtaWx5JTIyJTNBJTIyQXJpYWwlMjIlN0QlN0QlNUQlN0QlNUQlN0QlNUQlN0QlMkMlN0IlMjJvYmplY3QlMjIlM0ElMjJibG9jayUyMiUyQyUyMnR5cGUlMjIlM0ElMjJwYXJhZ3JhcGglMjIlMkMlMjJpc1ZvaWQlMjIlM0FmYWxzZSUyQyUyMmRhdGElMjIlM0ElN0IlMjJhbGlnbiUyMiUzQSUyMmp1c3RpZnklMjIlMkMlMjJzdHlsZSUyMiUzQSU3QiUyMnRleHRBbGlnbiUyMiUzQSUyMmp1c3RpZnklMjIlN0QlMkMlMjJjbGFzc05hbWUlMjIlM0ElMjJNc29Ob3JtYWwlMjIlN0QlMkMlMjJub2RlcyUyMiUzQSU1QiU3QiUyMm9iamVjdCUyMiUzQSUyMnRleHQlMjIlMkMlMjJsZWF2ZXMlMjIlM0ElNUIlN0IlMjJvYmplY3QlMjIlM0ElMjJsZWFmJTIyJTJDJTIydGV4dCUyMiUzQSUyMkFwcGVhcmFuY2UlM0ElMjBicmFuZCUyMG5ldyUyMiUyQyUyMm1hcmtzJTIyJTNBJTVCJTdCJTIyb2JqZWN0JTIyJTNBJTIybWFyayUyMiUyQyUyMnR5cGUlMjIlM0ElMjJDT01NT05TVFlMRSUyMiUyQyUyMmRhdGElMjIlM0ElN0IlMjJjb2xvciUyMiUzQSUyMnJnYigwJTJDJTIwMCUyQyUyMDApJTIyJTJDJTIyZm9udFNpemUlMjIlM0ElMjIxNnB4JTIyJTJDJTIyZm9udEZhbWlseSUyMiUzQSUyMkFyaWFsJTIyJTdEJTdEJTVEJTdEJTVEJTdEJTVEJTdEJTJDJTdCJTIyb2JqZWN0JTIyJTNBJTIyYmxvY2slMjIlMkMlMjJ0eXBlJTIyJTNBJTIycGFyYWdyYXBoJTIyJTJDJTIyaXNWb2lkJTIyJTNBZmFsc2UlMkMlMjJkYXRhJTIyJTNBJTdCJTIyY2xhc3NOYW1lJTIyJTNBJTIyTXNvTm9ybWFsJTIyJTdEJTJDJTIybm9kZXMlMjIlM0ElNUIlN0IlMjJvYmplY3QlMjIlM0ElMjJ0ZXh0JTIyJTJDJTIybGVhdmVzJTIyJTNBJTVCJTdCJTIyb2JqZWN0JTIyJTNBJTIybGVhZiUyMiUyQyUyMnRleHQlMjIlM0ElMjJDb2xvciUzQSUyMGFzJTIwdGhlJTIwcGljdHVyZSUyMHNob3clMjAlMjIlMkMlMjJtYXJrcyUyMiUzQSU1QiU3QiUyMm9iamVjdCUyMiUzQSUyMm1hcmslMjIlMkMlMjJ0eXBlJTIyJTNBJTIyQ09NTU9OU1RZTEUlMjIlMkMlMjJkYXRhJTIyJTNBJTdCJTIyZm9udFNpemUlMjIlM0ElMjIxNnB4JTIyJTJDJTIyZm9udEZhbWlseSUyMiUzQSUyMmFyaWFsJTJDJTIwaGVsdmV0aWNhJTJDJTIwc2Fucy1zZXJpZiUyMiU3RCU3RCU1RCU3RCU1RCU3RCU1RCU3RCUyQyU3QiUyMm9iamVjdCUyMiUzQSUyMmJsb2NrJTIyJTJDJTIydHlwZSUyMiUzQSUyMnBhcmFncmFwaCUyMiUyQyUyMmlzVm9pZCUyMiUzQWZhbHNlJTJDJTIyZGF0YSUyMiUzQSU3QiUyMmFsaWduJTIyJTNBJTIyanVzdGlmeSUyMiUyQyUyMnN0eWxlJTIyJTNBJTdCJTIydGV4dEFsaWduJTIyJTNBJTIyanVzdGlmeSUyMiU3RCUyQyUyMmNsYXNzTmFtZSUyMiUzQSUyMk1zb05vcm1hbCUyMiU3RCUyQyUyMm5vZGVzJTIyJTNBJTVCJTdCJTIyb2JqZWN0JTIyJTNBJTIydGV4dCUyMiUyQyUyMmxlYXZlcyUyMiUzQSU1QiU3QiUyMm9iamVjdCUyMiUzQSUyMmxlYWYlMjIlMkMlMjJ0ZXh0JTIyJTNBJTIyQXBwbGljYWJsZSUyMG9jY2FzaW9ucyUzQSUyMGJpcnRoZGF5JTIwcGFydGllcyUyQyUyMGNhbXB1cyUyMGV2ZW50cyUyQyUyMHBhcnR5JTIwY2VsZWJyYXRpb25zJTJDJTIwaG9saWRheSUyMGV2ZW50cyUyQyUyMGhvbWUlMjBkZWNvcmF0aW9ucyUyQyUyMGNvbmZlcmVuY2UlMjBkZWNvcmF0aW9ucyUyMiUyQyUyMm1hcmtzJTIyJTNBJTVCJTdCJTIyb2JqZWN0JTIyJTNBJTIybWFyayUyMiUyQyUyMnR5cGUlMjIlM0ElMjJDT01NT05TVFlMRSUyMiUyQyUyMmRhdGElMjIlM0ElN0IlMjJjb2xvciUyMiUzQSUyMnJnYigwJTJDJTIwMCUyQyUyMDApJTIyJTJDJTIyZm9udFNpemUlMjIlM0ElMjIxNnB4JTIyJTJDJTIyZm9udEZhbWlseSUyMiUzQSUyMkFyaWFsJTIyJTdEJTdEJTVEJTdEJTVEJTdEJTVEJTdEJTJDJTdCJTIyb2JqZWN0JTIyJTNBJTIyYmxvY2slMjIlMkMlMjJ0eXBlJTIyJTNBJTIycGFyYWdyYXBoJTIyJTJDJTIyaXNWb2lkJTIyJTNBZmFsc2UlMkMlMjJkYXRhJTIyJTNBJTdCJTIyYWxpZ24lMjIlM0ElMjJqdXN0aWZ5JTIyJTJDJTIyc3R5bGUlMjIlM0ElN0IlMjJ0ZXh0QWxpZ24lMjIlM0ElMjJqdXN0aWZ5JTIyJTdEJTJDJTIyY2xhc3NOYW1lJTIyJTNBJTIyTXNvTm9ybWFsJTIyJTdEJTJDJTIybm9kZXMlMjIlM0ElNUIlN0IlMjJvYmplY3QlMjIlM0ElMjJ0ZXh0JTIyJTJDJTIybGVhdmVzJTIyJTNBJTVCJTdCJTIyb2JqZWN0JTIyJTNBJTIybGVhZiUyMiUyQyUyMnRleHQlMjIlM0ElMjJLaW5kJTIwcmVtaW5kZXIlM0ElMjIlMkMlMjJtYXJrcyUyMiUzQSU1QiU3QiUyMm9iamVjdCUyMiUzQSUyMm1hcmslMjIlMkMlMjJ0eXBlJTIyJTNBJTIyQk9MRCUyMiUyQyUyMmRhdGElMjIlM0ElN0IlN0QlN0QlMkMlN0IlMjJvYmplY3QlMjIlM0ElMjJtYXJrJTIyJTJDJTIydHlwZSUyMiUzQSUyMkNPTU1PTlNUWUxFJTIyJTJDJTIyZGF0YSUyMiUzQSU3QiUyMmNvbG9yJTIyJTNBJTIycmdiKDI0NCUyQyUyMDc4JTJDJTIwNTkpJTIyJTJDJTIyZm9udFNpemUlMjIlM0ElMjIyMHB4JTIyJTJDJTIyZm9udEZhbWlseSUyMiUzQSUyMnRhaG9tYSUyQyUyMGdlbmV2YSUyQyUyMHNhbnMtc2VyaWYlMjIlN0QlN0QlNUQlN0QlNUQlN0QlNUQlN0QlMkMlN0IlMjJvYmplY3QlMjIlM0ElMjJibG9jayUyMiUyQyUyMnR5cGUlMjIlM0ElMjJwYXJhZ3JhcGglMjIlMkMlMjJpc1ZvaWQlMjIlM0FmYWxzZSUyQyUyMmRhdGElMjIlM0ElN0IlMjJhbGlnbiUyMiUzQSUyMmp1c3RpZnklMjIlMkMlMjJzdHlsZSUyMiUzQSU3QiUyMnRleHRBbGlnbiUyMiUzQSUyMmp1c3RpZnklMjIlN0QlMkMlMjJjbGFzc05hbWUlMjIlM0ElMjJNc29Ob3JtYWwlMjIlN0QlMkMlMjJub2RlcyUyMiUzQSU1QiU3QiUyMm9iamVjdCUyMiUzQSUyMnRleHQlMjIlMkMlMjJsZWF2ZXMlMjIlM0ElNUIlN0IlMjJvYmplY3QlMjIlM0ElMjJsZWFmJTIyJTJDJTIydGV4dCUyMiUzQSUyMjEuRHVlJTIwdG8lMjBtYW51YWwlMjBtZWFzdXJlbWVudCUyMGJ5JTIwZW1wbG95ZWVzJTJDJTIwdGhlcmUlMjBtYXklMjBiZSUyMGFuJTIwZXJyb3IlMjBvZiUyMDEtM2NtLiUyMFdlJTIwd2lsbCUyMHRyeSUyMG91ciUyMGJlc3QlMjB0byUyMG1lYXN1cmUlMjBhY2N1cmF0ZWx5LiUyMFdlJTIwYXBvbG9naXplJTIwZm9yJTIwYW55JTIwaW5jb252ZW5pZW5jZSUyMGNhdXNlZCUyMiUyQyUyMm1hcmtzJTIyJTNBJTVCJTdCJTIyb2JqZWN0JTIyJTNBJTIybWFyayUyMiUyQyUyMnR5cGUlMjIlM0ElMjJDT01NT05TVFlMRSUyMiUyQyUyMmRhdGElMjIlM0ElN0IlMjJjb2xvciUyMiUzQSUyMnJnYigwJTJDJTIwMCUyQyUyMDApJTIyJTJDJTIyZm9udFNpemUlMjIlM0ElMjIxNnB4JTIyJTJDJTIyZm9udEZhbWlseSUyMiUzQSUyMmFyaWFsJTJDJTIwaGVsdmV0aWNhJTJDJTIwc2Fucy1zZXJpZiUyMiU3RCU3RCU1RCU3RCU1RCU3RCU1RCU3RCUyQyU3QiUyMm9iamVjdCUyMiUzQSUyMmJsb2NrJTIyJTJDJTIydHlwZSUyMiUzQSUyMnBhcmFncmFwaCUyMiUyQyUyMmlzVm9pZCUyMiUzQWZhbHNlJTJDJTIyZGF0YSUyMiUzQSU3QiUyMmFsaWduJTIyJTNBJTIyanVzdGlmeSUyMiUyQyUyMnN0eWxlJTIyJTNBJTdCJTIydGV4dEFsaWduJTIyJTNBJTIyanVzdGlmeSUyMiU3RCUyQyUyMmNsYXNzTmFtZSUyMiUzQSUyMk1zb05vcm1hbCUyMiU3RCUyQyUyMm5vZGVzJTIyJTNBJTVCJTdCJTIyb2JqZWN0JTIyJTNBJTIydGV4dCUyMiUyQyUyMmxlYXZlcyUyMiUzQSU1QiU3QiUyMm9iamVjdCUyMiUzQSUyMmxlYWYlMjIlMkMlMjJ0ZXh0JTIyJTNBJTIyMi5UaGUlMjBwYWNrYWdlJTIwd2lsbCUyMGJlJTIwc2VudCUyMG91dCUyMHdpdGhpbiUyMDI0JTIwaG91cnMlMjIlMkMlMjJtYXJrcyUyMiUzQSU1QiU3QiUyMm9iamVjdCUyMiUzQSUyMm1hcmslMjIlMkMlMjJ0eXBlJTIyJTNBJTIyQ09NTU9OU1RZTEUlMjIlMkMlMjJkYXRhJTIyJTNBJTdCJTIyY29sb3IlMjIlM0ElMjJyZ2IoMCUyQyUyMDAlMkMlMjAwKSUyMiUyQyUyMmZvbnRTaXplJTIyJTNBJTIyMTZweCUyMiUyQyUyMmZvbnRGYW1pbHklMjIlM0ElMjJhcmlhbCUyQyUyMGhlbHZldGljYSUyQyUyMHNhbnMtc2VyaWYlMjIlN0QlN0QlNUQlN0QlNUQlN0QlNUQlN0QlMkMlN0IlMjJvYmplY3QlMjIlM0ElMjJibG9jayUyMiUyQyUyMnR5cGUlMjIlM0ElMjJwYXJhZ3JhcGglMjIlMkMlMjJpc1ZvaWQlMjIlM0FmYWxzZSUyQyUyMmRhdGElMjIlM0ElN0IlMjJhbGlnbiUyMiUzQSUyMmp1c3RpZnklMjIlMkMlMjJzdHlsZSUyMiUzQSU3QiUyMnRleHRBbGlnbiUyMiUzQSUyMmp1c3RpZnklMjIlN0QlMkMlMjJjbGFzc05hbWUlMjIlM0ElMjJNc29Ob3JtYWwlMjIlN0QlMkMlMjJub2RlcyUyMiUzQSU1QiU3QiUyMm9iamVjdCUyMiUzQSUyMnRleHQlMjIlMkMlMjJsZWF2ZXMlMjIlM0ElNUIlN0IlMjJvYmplY3QlMjIlM0ElMjJsZWFmJTIyJTJDJTIydGV4dCUyMiUzQSUyMjMuJTIwUHJvZmVzc2lvbmFsJTIwY3VzdG9tZXIlMjBzZXJ2aWNlJTIwb25saW5lJTIwc2VydmljZSUyQyUyMGFsd2F5cyUyMGNvbnNpZGVyYXRlJTIwYW5kJTIwYW5zd2VyaW5nJTIwcXVlc3Rpb25zJTIyJTJDJTIybWFya3MlMjIlM0ElNUIlN0IlMjJvYmplY3QlMjIlM0ElMjJtYXJrJTIyJTJDJTIydHlwZSUyMiUzQSUyMkNPTU1PTlNUWUxFJTIyJTJDJTIyZGF0YSUyMiUzQSU3QiUyMmNvbG9yJTIyJTNBJTIycmdiKDAlMkMlMjAwJTJDJTIwMCklMjIlMkMlMjJmb250U2l6ZSUyMiUzQSUyMjE2cHglMjIlMkMlMjJmb250RmFtaWx5JTIyJTNBJTIyYXJpYWwlMkMlMjBoZWx2ZXRpY2ElMkMlMjBzYW5zLXNlcmlmJTIyJTdEJTdEJTVEJTdEJTVEJTdEJTVEJTdEJTJDJTdCJTIyb2JqZWN0JTIyJTNBJTIyYmxvY2slMjIlMkMlMjJ0eXBlJTIyJTNBJTIycGFyYWdyYXBoJTIyJTJDJTIyaXNWb2lkJTIyJTNBZmFsc2UlMkMlMjJkYXRhJTIyJTNBJTdCJTIyYWxpZ24lMjIlM0ElMjJsZWZ0JTIyJTJDJTIyc3R5bGUlMjIlM0ElN0IlMjJ0ZXh0QWxpZ24lMjIlM0ElMjJsZWZ0JTIyJTdEJTJDJTIyY2xhc3NOYW1lJTIyJTNBJTIyTXNvTm9ybWFsJTIyJTdEJTJDJTIybm9kZXMlMjIlM0ElNUIlN0IlMjJvYmplY3QlMjIlM0ElMjJ0ZXh0JTIyJTJDJTIybGVhdmVzJTIyJTNBJTVCJTdCJTIyb2JqZWN0JTIyJTNBJTIybGVhZiUyMiUyQyUyMnRleHQlMjIlM0ElMjI0LiUyMER1ZSUyMHRvJTIwc2hvb3RpbmclMjBhbmdsZSUyMGlzc3VlcyUyQyUyMHRoZXJlJTIwbWF5JTIwYmUlMjBzbGlnaHQlMjBkaWZmZXJlbmNlcyUyMGluJTIwY29sb3IlMjIlMkMlMjJtYXJrcyUyMiUzQSU1QiU3QiUyMm9iamVjdCUyMiUzQSUyMm1hcmslMjIlMkMlMjJ0eXBlJTIyJTNBJTIyQ09NTU9OU1RZTEUlMjIlMkMlMjJkYXRhJTIyJTNBJTdCJTIyY29sb3IlMjIlM0ElMjJyZ2IoMCUyQyUyMDAlMkMlMjAwKSUyMiUyQyUyMmZvbnRTaXplJTIyJTNBJTIyMTZweCUyMiUyQyUyMmZvbnRGYW1pbHklMjIlM0ElMjJBcmlhbCUyMiU3RCU3RCU1RCU3RCU1RCU3RCU1RCU3RCU1RCU3RA==\" style=\"margin: 0px;padding: 0px;line-height: inherit\"><span id=\"tl_12\">4. En raison de probl\u00e8mes d&#8217;angle de prise de vue, il peut y avoir de l\u00e9g\u00e8res diff\u00e9rences de couleur<\/span><\/p>\n<p style=\"margin: 0px;padding: 0px;line-height: inherit;text-align: center\"><img data-recalc-dims=\"1\" decoding=\"async\" src=\"https:\/\/i0.wp.com\/ae01.alicdn.com\/kf\/S088ff7c2987c4e599f4f2d1216694780Y.jpg?ssl=1\" style=\"border: 0px;margin: 0px;padding: 0px;vertical-align: middle\"><\/p>\n<p style=\"margin: 0px;padding: 0px;line-height: inherit;text-align: center\"><img data-recalc-dims=\"1\" decoding=\"async\" src=\"https:\/\/i0.wp.com\/ae01.alicdn.com\/kf\/Sebfe7067a7e3453e9949601689119f5cy.jpg?ssl=1\" style=\"border: 0px;margin: 0px;padding: 0px;vertical-align: middle\"><\/p>\n<p style=\"margin: 0px;padding: 0px;line-height: inherit;text-align: center\"><img data-recalc-dims=\"1\" decoding=\"async\" src=\"https:\/\/i0.wp.com\/ae01.alicdn.com\/kf\/Seff5d9a11a4d415fa0c4dd3e027aaa6aZ.jpg?ssl=1\" data-spm-anchor-id=\"a2g0o.detail.1000023.i0.3e70kne3kne37m\" style=\"border: 0px;margin: 0px;padding: 0px;vertical-align: middle\"><\/p>\n<p style=\"margin: 0px;padding: 0px;line-height: inherit;text-align: center\"><\/p>\n<\/div>\n<\/div>\n<\/div>\n<\/div>\n<\/div>\n<\/div>\n<\/div>\n<\/div>\n<\/div>\n<\/div>\n<p><div><\/div>\n<\/p>\n<div class=\"split-line--wrap--dVhU29K\">\n<div class=\"comet-v2-divider comet-v2-divider-small\"><\/div>\n<\/div>\n","protected":false},"excerpt":{"rendered":"<p><br data-mce-bogus=\"1\"><\/p>\n","protected":false},"featured_media":1307,"comment_status":"open","ping_status":"closed","template":"","meta":{"_uag_custom_page_level_css":"","site-container-style":"default","site-container-layout":"default","site-sidebar-layout":"default","disable-article-header":"default","disable-site-header":"default","disable-site-footer":"default","disable-content-area-spacing":"default"},"product_brand":[],"product_cat":[28],"product_tag":[],"class_list":{"0":"post-1308","1":"product","2":"type-product","3":"status-publish","4":"has-post-thumbnail","6":"product_cat-jew-accs","8":"first","9":"instock","10":"sale","11":"shipping-taxable","12":"product-type-external"},"uagb_featured_image_src":{"full":["https:\/\/mychoice.social\/wp-content\/uploads\/2025\/09\/S088ff7c2987c4e599f4f2d1216694780Y.jpg_350x350.avif",350,350,false],"thumbnail":["https:\/\/mychoice.social\/wp-content\/uploads\/2025\/09\/S088ff7c2987c4e599f4f2d1216694780Y.jpg_350x350-150x150.avif",150,150,true],"medium":["https:\/\/mychoice.social\/wp-content\/uploads\/2025\/09\/S088ff7c2987c4e599f4f2d1216694780Y.jpg_350x350-300x300.avif",300,300,true],"medium_large":["https:\/\/mychoice.social\/wp-content\/uploads\/2025\/09\/S088ff7c2987c4e599f4f2d1216694780Y.jpg_350x350.avif",350,350,false],"large":["https:\/\/mychoice.social\/wp-content\/uploads\/2025\/09\/S088ff7c2987c4e599f4f2d1216694780Y.jpg_350x350.avif",350,350,false],"1536x1536":["https:\/\/mychoice.social\/wp-content\/uploads\/2025\/09\/S088ff7c2987c4e599f4f2d1216694780Y.jpg_350x350.avif",350,350,false],"2048x2048":["https:\/\/mychoice.social\/wp-content\/uploads\/2025\/09\/S088ff7c2987c4e599f4f2d1216694780Y.jpg_350x350.avif",350,350,false],"woocommerce_thumbnail":["https:\/\/mychoice.social\/wp-content\/uploads\/2025\/09\/S088ff7c2987c4e599f4f2d1216694780Y.jpg_350x350-300x300.avif",300,300,true],"woocommerce_single":["https:\/\/mychoice.social\/wp-content\/uploads\/2025\/09\/S088ff7c2987c4e599f4f2d1216694780Y.jpg_350x350.avif",350,350,false],"woocommerce_gallery_thumbnail":["https:\/\/mychoice.social\/wp-content\/uploads\/2025\/09\/S088ff7c2987c4e599f4f2d1216694780Y.jpg_350x350-100x100.avif",100,100,true]},"uagb_author_info":{"display_name":"MyChoice","author_link":"https:\/\/mychoice.social\/index.php\/author\/"},"uagb_comment_info":0,"uagb_excerpt":null,"jetpack_sharing_enabled":true,"_links":{"self":[{"href":"https:\/\/mychoice.social\/index.php\/wp-json\/wp\/v2\/product\/1308","targetHints":{"allow":["GET"]}}],"collection":[{"href":"https:\/\/mychoice.social\/index.php\/wp-json\/wp\/v2\/product"}],"about":[{"href":"https:\/\/mychoice.social\/index.php\/wp-json\/wp\/v2\/types\/product"}],"replies":[{"embeddable":true,"href":"https:\/\/mychoice.social\/index.php\/wp-json\/wp\/v2\/comments?post=1308"}],"wp:featuredmedia":[{"embeddable":true,"href":"https:\/\/mychoice.social\/index.php\/wp-json\/wp\/v2\/media\/1307"}],"wp:attachment":[{"href":"https:\/\/mychoice.social\/index.php\/wp-json\/wp\/v2\/media?parent=1308"}],"wp:term":[{"taxonomy":"product_brand","embeddable":true,"href":"https:\/\/mychoice.social\/index.php\/wp-json\/wp\/v2\/product_brand?post=1308"},{"taxonomy":"product_cat","embeddable":true,"href":"https:\/\/mychoice.social\/index.php\/wp-json\/wp\/v2\/product_cat?post=1308"},{"taxonomy":"product_tag","embeddable":true,"href":"https:\/\/mychoice.social\/index.php\/wp-json\/wp\/v2\/product_tag?post=1308"}],"curies":[{"name":"wp","href":"https:\/\/api.w.org\/{rel}","templated":true}]}}