{"id":1310,"date":"2025-09-30T21:14:59","date_gmt":"2025-09-30T21:14:59","guid":{"rendered":"https:\/\/mychoice.social\/index.php\/product\/ensemble-de-vaisselle-dhalloween-decorations-de-fete-a\/"},"modified":"2025-09-30T21:14:59","modified_gmt":"2025-09-30T21:14:59","slug":"ensemble-de-vaisselle-dhalloween-decorations-de-fete-a","status":"publish","type":"product","link":"https:\/\/mychoice.social\/index.php\/product\/ensemble-de-vaisselle-dhalloween-decorations-de-fete-a\/","title":{"rendered":"Ensemble de vaisselle d&#8217;halloween, d\u00e9corations de f\u00eate \u00e0"},"content":{"rendered":"<div class=\"specification--wrap--lxVQ2tj\" id=\"nav-specification\" data-pl=\"product-specs\">\n<div class=\"title--wrap--NWOaiSp\" style=\"margin: 0px;padding: 0px;height: 56px;line-height: 56px\">\n<div class=\"title--text--Otu0bLr\" style=\"margin: 0px;padding: 0px;cursor: default;height: 56px\">\n<h2 class=\"title--title--O6xcB1q\" style=\"font-size: 24px;margin: 0px\">D\u00e9tails<\/h2>\n<\/div>\n<\/div>\n<ul class=\"specification--list--GZuXzRX\" style=\"margin: 0px;padding: 0px\">\n<li class=\"specification--line--IXeRJI7\" style=\"margin-top: 0px;margin-right: 0px;margin-bottom: 0px;margin-left: unset;padding: 0px\">\n<div class=\"specification--prop--Jh28bKu\" style=\"margin: 0px;padding: 0px;float: left;line-height: 28px;max-width: 50%;position: relative;width: 426px\">\n<div class=\"specification--title--SfH3sA8\" style=\"margin: 0px;padding: 16px;line-height: 20px;width: 174px\"><span style=\"margin: 0px;padding: 0px;line-height: 20px\">Chimique Hign-concern\u00e9<\/span><\/div>\n<div class=\"specification--desc--Dxx6W0W\" title=\"Aucun\" style=\"margin: 0px;padding: 16px;line-height: 20px;flex: 1 1 0%\"><span style=\"margin: 0px;padding: 0px;line-height: 20px\">Aucun<\/span><\/div>\n<\/div>\n<div class=\"specification--prop--Jh28bKu\" style=\"margin: 0px;padding: 0px;float: left;line-height: 28px;max-width: 50%;position: relative;width: 426px\">\n<div class=\"specification--title--SfH3sA8\" style=\"margin: 0px;padding: 16px;line-height: 20px;width: 174px\"><span style=\"margin: 0px;padding: 0px;line-height: 20px\">\u00c9lectronique<\/span><\/div>\n<div class=\"specification--desc--Dxx6W0W\" title=\"Non\" style=\"margin: 0px;padding: 16px;line-height: 20px;flex: 1 1 0%\"><span style=\"margin: 0px;padding: 0px;line-height: 20px\">Non<\/span><\/div>\n<\/div>\n<\/li>\n<li class=\"specification--line--IXeRJI7\" style=\"margin-top: 0px;margin-right: 0px;margin-bottom: 0px;margin-left: unset;padding: 0px\">\n<div class=\"specification--prop--Jh28bKu\" style=\"margin: 0px;padding: 0px;float: left;line-height: 28px;max-width: 50%;position: relative;width: 426px\">\n<div class=\"specification--title--SfH3sA8\" style=\"margin: 0px;padding: 16px;line-height: 20px;width: 174px\"><span style=\"margin: 0px;padding: 0px;line-height: 20px\">Occasion<\/span><\/div>\n<div class=\"specification--desc--Dxx6W0W\" title=\"F\u00eate,Halloween\" style=\"margin: 0px;padding: 16px;line-height: 20px;flex: 1 1 0%\"><span style=\"margin: 0px;padding: 0px;line-height: 20px\">F\u00eate,Halloween<\/span><\/div>\n<\/div>\n<div class=\"specification--prop--Jh28bKu\" style=\"margin: 0px;padding: 0px;float: left;line-height: 28px;max-width: 50%;position: relative;width: 426px\">\n<div class=\"specification--title--SfH3sA8\" style=\"margin: 0px;padding: 16px;line-height: 20px;width: 174px\"><span style=\"margin: 0px;padding: 0px;line-height: 20px\">Mat\u00e9riau<\/span><\/div>\n<div class=\"specification--desc--Dxx6W0W\" title=\"Papier\" style=\"margin: 0px;padding: 16px;line-height: 20px;flex: 1 1 0%\"><span style=\"margin: 0px;padding: 0px;line-height: 20px\">Papier<\/span><\/div>\n<\/div>\n<\/li>\n<li class=\"specification--line--IXeRJI7\" style=\"margin-top: 0px;margin-right: 0px;margin-bottom: 0px;margin-left: unset;padding: 0px\">\n<div class=\"specification--prop--Jh28bKu\" style=\"margin: 0px;padding: 0px;float: left;line-height: 28px;max-width: 50%;position: relative;width: 426px\">\n<div class=\"specification--title--SfH3sA8\" style=\"margin: 0px;padding: 16px;line-height: 20px;width: 174px\"><span style=\"margin: 0px;padding: 0px;line-height: 20px\">Personnalis\u00e9<\/span><\/div>\n<div class=\"specification--desc--Dxx6W0W\" title=\"Non\" style=\"margin: 0px;padding: 16px;line-height: 20px;flex: 1 1 0%\"><span style=\"margin: 0px;padding: 0px;line-height: 20px\">Non<\/span><\/div>\n<\/div>\n<div class=\"specification--prop--Jh28bKu\" style=\"margin: 0px;padding: 0px;float: left;line-height: 28px;max-width: 50%;position: relative;width: 426px\">\n<div class=\"specification--title--SfH3sA8\" style=\"margin: 0px;padding: 16px;line-height: 20px;width: 174px\"><span style=\"margin: 0px;padding: 0px;line-height: 20px\">Num\u00e9ro de Mod\u00e8le<\/span><\/div>\n<div class=\"specification--desc--Dxx6W0W\" title=\"Halloween Tableware Set\" style=\"margin: 0px;padding: 16px;line-height: 20px;flex: 1 1 0%\"><span style=\"margin: 0px;padding: 0px;line-height: 20px\">Halloween Tableware Set<\/span><\/div>\n<\/div>\n<\/li>\n<li class=\"specification--line--IXeRJI7\" style=\"margin-top: 0px;margin-right: 0px;margin-bottom: 0px;margin-left: unset;padding: 0px\">\n<div class=\"specification--prop--Jh28bKu\" style=\"margin: 0px;padding: 0px;float: left;line-height: 28px;max-width: 50%;position: relative;width: 426px\">\n<div class=\"specification--title--SfH3sA8\" style=\"margin: 0px;padding: 16px;line-height: 20px;width: 174px\"><span style=\"margin: 0px;padding: 0px;line-height: 20px\">Origine<\/span><\/div>\n<div class=\"specification--desc--Dxx6W0W\" title=\"CN (Origine)\" style=\"margin: 0px;padding: 16px;line-height: 20px;flex: 1 1 0%\"><span style=\"margin: 0px;padding: 0px;line-height: 20px\">CN (Origine)<\/span><\/div>\n<\/div>\n<div class=\"specification--prop--Jh28bKu\" style=\"margin: 0px;padding: 0px;float: left;line-height: 28px;max-width: 50%;position: relative;width: 426px\">\n<div class=\"specification--title--SfH3sA8\" style=\"margin: 0px;padding: 16px;line-height: 20px;width: 174px\"><span style=\"margin: 0px;padding: 0px;line-height: 20px\">CN<\/span><\/div>\n<div class=\"specification--desc--Dxx6W0W\" title=\"Guangdong\" style=\"margin: 0px;padding: 16px;line-height: 20px;flex: 1 1 0%\"><span style=\"margin: 0px;padding: 0px;line-height: 20px\">Guangdong<\/span><\/div>\n<\/div>\n<\/li>\n<li class=\"specification--line--IXeRJI7\" style=\"margin-top: 0px;margin-right: 0px;margin-bottom: 0px;margin-left: unset;padding: 0px\">\n<div class=\"specification--prop--Jh28bKu\" style=\"margin: 0px;padding: 0px;float: left;line-height: 28px;max-width: 50%;position: relative;width: 426px\">\n<div class=\"specification--title--SfH3sA8\" style=\"margin: 0px;padding: 16px;line-height: 20px;width: 174px\"><span style=\"margin: 0px;padding: 0px;line-height: 20px\">halloween tableware<\/span><\/div>\n<div class=\"specification--desc--Dxx6W0W\" title=\"halloween decoration\" style=\"margin: 0px;padding: 16px;line-height: 20px;flex: 1 1 0%\"><span style=\"margin: 0px;padding: 0px;line-height: 20px\">halloween decoration<\/span><\/div>\n<\/div>\n<\/li>\n<\/ul>\n<\/div>\n<div class=\"split-line--wrap--dVhU29K\">\n<div class=\"comet-v2-divider comet-v2-divider-small\"><\/div>\n<\/div>\n<p><div class=\"split-line--wrap--dVhU29K\"><\/div>\n<\/p>\n<div class=\"description--wrap--LscZ0He\" id=\"nav-description\">\n<div class=\"title--wrap--NWOaiSp description--title--NMh4UiD\" style=\"margin: 0px;padding: 0px;height: 56px;line-height: 56px;justify-content: space-between\">\n<div class=\"title--text--Otu0bLr\" style=\"margin: 0px;padding: 0px;cursor: default;height: 56px\">\n<h2 class=\"title--title--O6xcB1q\" style=\"font-size: 24px;font-weight: 700;margin: 0px\">Pr\u00e9sentation<\/h2>\n<\/div>\n<p><a class=\"description--report--_8LzMSh\" href=\"https:\/\/report.aliexpress.com\/health\/reportIndex.htm?product_id=1005009757845890&amp;b_login_id=cn1083984272tjtae\" target=\"_blank\" rel=\"nofollow noopener noreferrer\" data-aplus-clk=\"x1_7ea0b848\" data-spm-anchor-id=\"a2g0o.detail.0.0\" style=\"background-color: transparent;cursor: pointer;text-decoration: none;margin: 0px;padding: 0px;font-size: 15px;font-weight: 700\">Signaler cet article<\/a><\/div>\n<div class=\"extend--wrap--yXwoDbO\" style=\"margin: 0px;padding: 0px;position: relative\">\n<div class=\"extend--content--VuIQZia\" style=\"margin: 0px;padding: 0px;overflow: hidden;position: relative\">\n<div style=\"margin: 0px;padding: 0px\">\n<div id=\"product-description\" data-spm=\"1000023\" class=\"description--product-description--Mjtql28\" data-pl=\"product-description\" style=\"margin: 0px;padding: 0px;max-width: 944px;overflow: hidden;position: relative\">\n<div class=\"description--origin-part--rWy05pE\" style=\"margin: 0px;padding: 0px\">\n<div class=\"detailmodule_html\" style=\"margin: 0px;padding: 0px\">\n<div class=\"detail-desc-decorate-richtext\" style=\"margin: 0px;padding: 0px\">\n<div class=\"detailmodule_html\" style=\"margin: 0px;padding: 0px\">\n<div class=\"detail-desc-decorate-richtext\" style=\"margin: 0px;padding: 0px\">\n<p align=\"center\"><span id=\"tl_1\" style=\"margin: 0px;padding: 0px;max-width: 100%;font-size: 24px;font-family: tahoma, geneva, sans-serif\">Bienvenue dans ma boutique<\/span><\/p>\n<p align=\"justify\"><span id=\"tl_2\" style=\"margin: 0px;padding: 0px;max-width: 100%;font-size: 21px;font-family: Arial\">Nom du produit: ensemble de vaisselle d&#8217;Halloween<br \/>Composition du produit : vaisselle, d\u00e9corations<\/span><\/p>\n<p align=\"justify\"><span id=\"tl_3\" style=\"margin: 0px;padding: 0px;max-width: 100%;font-size: 21px;font-family: Arial\">Mat\u00e9riel : Papier<\/span><\/p>\n<p align=\"justify\"><span id=\"tl_4\" style=\"margin: 0px;padding: 0px;max-width: 100%;font-size: 21px;font-family: Arial\">Apparence : tout neuf<\/span><\/p>\n<p><span id=\"tl_5\" style=\"margin: 0px;padding: 0px;max-width: 100%;font-size: 21px;font-family: arial, helvetica, sans-serif\">Couleur: comme le montre l&#8217;image<\/span><\/p>\n<p align=\"justify\"><span id=\"tl_6\" style=\"margin: 0px;padding: 0px;max-width: 100%;font-size: 21px;font-family: Arial\">Occasions applicables : f\u00eates d&#8217;anniversaire, \u00e9v\u00e9nements sur le campus, c\u00e9l\u00e9brations de f\u00eate, \u00e9v\u00e9nements de vacances, d\u00e9corations pour la maison, d\u00e9corations de conf\u00e9rence.<\/span><\/p>\n<p align=\"justify\"><span id=\"tl_7\" style=\"margin: 0px;padding: 0px;max-width: 100%;font-size: 21px;font-family: tahoma, geneva, sans-serif\">Rappel aimable :<\/span><\/p>\n<p align=\"justify\"><span id=\"tl_8\" style=\"margin: 0px;padding: 0px;max-width: 100%;font-size: 21px;font-family: arial, helvetica, sans-serif\">1. En raison de la mesure manuelle par les employ\u00e9s, il peut y avoir une erreur de 1 \u00e0 3 cm.Nous ferons de notre mieux pour mesurer avec pr\u00e9cision.Nous nous excusons pour tout inconv\u00e9nient caus\u00e9<\/span><\/p>\n<p align=\"justify\"><span id=\"tl_9\" style=\"margin: 0px;padding: 0px;max-width: 100%;font-size: 21px;font-family: arial, helvetica, sans-serif\">2. Le colis sera envoy\u00e9 dans les 24 heures<\/span><\/p>\n<p align=\"justify\"><span id=\"tl_10\" style=\"margin: 0px;padding: 0px;max-width: 100%;font-size: 21px;font-family: arial, helvetica, sans-serif\">3.Service client professionnel en ligne, toujours attentionn\u00e9 et r\u00e9pondant aux questions<\/span><\/p>\n<p><span id=\"tl_11\" style=\"margin: 0px;padding: 0px;max-width: 100%;font-size: 21px;font-family: Arial\">4. En raison de probl\u00e8mes d&#8217;angle de prise de vue, il peut y avoir de l\u00e9g\u00e8res diff\u00e9rences de couleur<\/span><\/p>\n<p align=\"center\" style=\"margin: 0px;padding: 0px;line-height: inherit;text-align: center\"><img data-recalc-dims=\"1\" decoding=\"async\" src=\"https:\/\/i0.wp.com\/ae01.alicdn.com\/kf\/Sbd3dfd2410764fafaecb62f9682509f73.jpg?ssl=1\" style=\"border: 0px;margin: 0px;padding: 0px;max-width: 100%;vertical-align: middle\"><\/p>\n<p align=\"center\" style=\"margin: 0px;padding: 0px;line-height: inherit;text-align: center\"><img data-recalc-dims=\"1\" decoding=\"async\" src=\"https:\/\/i0.wp.com\/ae01.alicdn.com\/kf\/Se0ef2579b74448418eb55f7772d34b42b.jpg?ssl=1\" data-spm-anchor-id=\"a2g0o.detail.1000023.i0.1c7b0Y6R0Y6Rii\" style=\"border: 0px;margin: 0px;padding: 0px;max-width: 100%;vertical-align: middle\"><\/p>\n<p align=\"center\" style=\"margin: 0px;padding: 0px;line-height: inherit;text-align: center\"><\/p>\n<\/div>\n<\/div>\n<p><\/div>\n<\/div>\n<\/div>\n<\/div>\n<\/div>\n<\/div>\n<\/div>\n<\/div>\n","protected":false},"excerpt":{"rendered":"<p><br data-mce-bogus=\"1\"><\/p>\n","protected":false},"featured_media":1309,"comment_status":"open","ping_status":"closed","template":"","meta":{"_uag_custom_page_level_css":"","site-container-style":"default","site-container-layout":"default","site-sidebar-layout":"default","disable-article-header":"default","disable-site-header":"default","disable-site-footer":"default","disable-content-area-spacing":"default"},"product_brand":[],"product_cat":[28],"product_tag":[],"class_list":{"0":"post-1310","1":"product","2":"type-product","3":"status-publish","4":"has-post-thumbnail","6":"product_cat-jew-accs","8":"first","9":"instock","10":"shipping-taxable","11":"product-type-external"},"uagb_featured_image_src":{"full":["https:\/\/mychoice.social\/wp-content\/uploads\/2025\/09\/Sbd3dfd2410764fafaecb62f9682509f73.jpg_350x350.avif",350,350,false],"thumbnail":["https:\/\/mychoice.social\/wp-content\/uploads\/2025\/09\/Sbd3dfd2410764fafaecb62f9682509f73.jpg_350x350-150x150.avif",150,150,true],"medium":["https:\/\/mychoice.social\/wp-content\/uploads\/2025\/09\/Sbd3dfd2410764fafaecb62f9682509f73.jpg_350x350-300x300.avif",300,300,true],"medium_large":["https:\/\/mychoice.social\/wp-content\/uploads\/2025\/09\/Sbd3dfd2410764fafaecb62f9682509f73.jpg_350x350.avif",350,350,false],"large":["https:\/\/mychoice.social\/wp-content\/uploads\/2025\/09\/Sbd3dfd2410764fafaecb62f9682509f73.jpg_350x350.avif",350,350,false],"1536x1536":["https:\/\/mychoice.social\/wp-content\/uploads\/2025\/09\/Sbd3dfd2410764fafaecb62f9682509f73.jpg_350x350.avif",350,350,false],"2048x2048":["https:\/\/mychoice.social\/wp-content\/uploads\/2025\/09\/Sbd3dfd2410764fafaecb62f9682509f73.jpg_350x350.avif",350,350,false],"woocommerce_thumbnail":["https:\/\/mychoice.social\/wp-content\/uploads\/2025\/09\/Sbd3dfd2410764fafaecb62f9682509f73.jpg_350x350-300x300.avif",300,300,true],"woocommerce_single":["https:\/\/mychoice.social\/wp-content\/uploads\/2025\/09\/Sbd3dfd2410764fafaecb62f9682509f73.jpg_350x350.avif",350,350,false],"woocommerce_gallery_thumbnail":["https:\/\/mychoice.social\/wp-content\/uploads\/2025\/09\/Sbd3dfd2410764fafaecb62f9682509f73.jpg_350x350-100x100.avif",100,100,true]},"uagb_author_info":{"display_name":"MyChoice","author_link":"https:\/\/mychoice.social\/index.php\/author\/"},"uagb_comment_info":0,"uagb_excerpt":null,"jetpack_sharing_enabled":true,"_links":{"self":[{"href":"https:\/\/mychoice.social\/index.php\/wp-json\/wp\/v2\/product\/1310","targetHints":{"allow":["GET"]}}],"collection":[{"href":"https:\/\/mychoice.social\/index.php\/wp-json\/wp\/v2\/product"}],"about":[{"href":"https:\/\/mychoice.social\/index.php\/wp-json\/wp\/v2\/types\/product"}],"replies":[{"embeddable":true,"href":"https:\/\/mychoice.social\/index.php\/wp-json\/wp\/v2\/comments?post=1310"}],"wp:featuredmedia":[{"embeddable":true,"href":"https:\/\/mychoice.social\/index.php\/wp-json\/wp\/v2\/media\/1309"}],"wp:attachment":[{"href":"https:\/\/mychoice.social\/index.php\/wp-json\/wp\/v2\/media?parent=1310"}],"wp:term":[{"taxonomy":"product_brand","embeddable":true,"href":"https:\/\/mychoice.social\/index.php\/wp-json\/wp\/v2\/product_brand?post=1310"},{"taxonomy":"product_cat","embeddable":true,"href":"https:\/\/mychoice.social\/index.php\/wp-json\/wp\/v2\/product_cat?post=1310"},{"taxonomy":"product_tag","embeddable":true,"href":"https:\/\/mychoice.social\/index.php\/wp-json\/wp\/v2\/product_tag?post=1310"}],"curies":[{"name":"wp","href":"https:\/\/api.w.org\/{rel}","templated":true}]}}