{"id":1314,"date":"2025-10-04T21:45:51","date_gmt":"2025-10-04T21:45:51","guid":{"rendered":"https:\/\/mychoice.social\/index.php\/product\/ete-pooh-bear-vetements-de-nuit-femmes-ample-confortable\/"},"modified":"2025-10-04T21:45:51","modified_gmt":"2025-10-04T21:45:51","slug":"ete-pooh-bear-vetements-de-nuit-femmes-ample-confortable","status":"publish","type":"product","link":"https:\/\/mychoice.social\/index.php\/product\/ete-pooh-bear-vetements-de-nuit-femmes-ample-confortable\/","title":{"rendered":"\u00c9t\u00e9 Pooh Bear v\u00eatements de nuit femmes ample confortable"},"content":{"rendered":"<div class=\"title--wrap--NWOaiSp\">\n<div class=\"title--text--Otu0bLr\" style=\"margin: 0px;padding: 0px;cursor: default;height: 56px\">\n<h2 class=\"title--title--O6xcB1q\" style=\"font-size: 24px;margin: 0px\">D\u00e9tails<\/h2>\n<\/div>\n<\/div>\n<ul class=\"specification--list--GZuXzRX\">\n<li class=\"specification--line--IXeRJI7\" style=\"margin-top: 0px;margin-right: 0px;margin-bottom: 0px;margin-left: unset;padding: 0px\">\n<div class=\"specification--prop--Jh28bKu\" style=\"margin: 0px;padding: 0px;float: left;line-height: 28px;max-width: 50%;position: relative;width: 426px\">\n<div class=\"specification--title--SfH3sA8\" data-spm-anchor-id=\"a2g0o.detail.0.i17.6a500Bfg0Bfg9S\" style=\"margin: 0px;padding: 16px;line-height: 20px;width: 174px\"><span style=\"margin: 0px;padding: 0px;line-height: 20px\">Style<\/span><\/div>\n<div class=\"specification--desc--Dxx6W0W\" title=\"Amusant et mignon\" style=\"margin: 0px;padding: 16px;line-height: 20px;flex: 1 1 0%\"><span style=\"margin: 0px;padding: 0px;line-height: 20px\">Amusant et mignon<\/span><\/div>\n<\/div>\n<div class=\"specification--prop--Jh28bKu\" style=\"margin: 0px;padding: 0px;float: left;line-height: 28px;max-width: 50%;position: relative;width: 426px\">\n<div class=\"specification--title--SfH3sA8\" style=\"margin: 0px;padding: 16px;line-height: 20px;width: 174px\"><span style=\"margin: 0px;padding: 0px;line-height: 20px\">Chimique Hign-concern\u00e9<\/span><\/div>\n<div class=\"specification--desc--Dxx6W0W\" title=\"Aucun\" style=\"margin: 0px;padding: 16px;line-height: 20px;flex: 1 1 0%\"><span style=\"margin: 0px;padding: 0px;line-height: 20px\">Aucun<\/span><\/div>\n<\/div>\n<\/li>\n<li class=\"specification--line--IXeRJI7\" style=\"margin-top: 0px;margin-right: 0px;margin-bottom: 0px;margin-left: unset;padding: 0px\">\n<div class=\"specification--prop--Jh28bKu\" style=\"margin: 0px;padding: 0px;float: left;line-height: 28px;max-width: 50%;position: relative;width: 426px\">\n<div class=\"specification--title--SfH3sA8\" style=\"margin: 0px;padding: 16px;line-height: 20px;width: 174px\"><span style=\"margin: 0px;padding: 0px;line-height: 20px\">Artisanat du tissage<\/span><\/div>\n<div class=\"specification--desc--Dxx6W0W\" title=\"Tricoter\" style=\"margin: 0px;padding: 16px;line-height: 20px;flex: 1 1 0%\"><span style=\"margin: 0px;padding: 0px;line-height: 20px\">Tricoter<\/span><\/div>\n<\/div>\n<div class=\"specification--prop--Jh28bKu\" style=\"margin: 0px;padding: 0px;float: left;line-height: 28px;max-width: 50%;position: relative;width: 426px\">\n<div class=\"specification--title--SfH3sA8\" style=\"margin: 0px;padding: 16px;line-height: 20px;width: 174px\"><span style=\"margin: 0px;padding: 0px;line-height: 20px\">\u00c9paisseur<\/span><\/div>\n<div class=\"specification--desc--Dxx6W0W\" title=\"Mince\" style=\"margin: 0px;padding: 16px;line-height: 20px;flex: 1 1 0%\"><span style=\"margin: 0px;padding: 0px;line-height: 20px\">Mince<\/span><\/div>\n<\/div>\n<\/li>\n<li class=\"specification--line--IXeRJI7\" style=\"margin-top: 0px;margin-right: 0px;margin-bottom: 0px;margin-left: unset;padding: 0px\">\n<div class=\"specification--prop--Jh28bKu\" style=\"margin: 0px;padding: 0px;float: left;line-height: 28px;max-width: 50%;position: relative;width: 426px\">\n<div class=\"specification--title--SfH3sA8\" style=\"margin: 0px;padding: 16px;line-height: 20px;width: 174px\"><span style=\"margin: 0px;padding: 0px;line-height: 20px\">Longueur<\/span><\/div>\n<div class=\"specification--desc--Dxx6W0W\" title=\"Pantalon \u00e0 la cheville\" style=\"margin: 0px;padding: 16px;line-height: 20px;flex: 1 1 0%\"><span style=\"margin: 0px;padding: 0px;line-height: 20px\">Pantalon \u00e0 la cheville<\/span><\/div>\n<\/div>\n<div class=\"specification--prop--Jh28bKu\" style=\"margin: 0px;padding: 0px;float: left;line-height: 28px;max-width: 50%;position: relative;width: 426px\">\n<div class=\"specification--title--SfH3sA8\" style=\"margin: 0px;padding: 16px;line-height: 20px;width: 174px\"><span style=\"margin: 0px;padding: 0px;line-height: 20px\">Saison<\/span><\/div>\n<div class=\"specification--desc--Dxx6W0W\" title=\"summer\" style=\"margin: 0px;padding: 16px;line-height: 20px;flex: 1 1 0%\"><span style=\"margin: 0px;padding: 0px;line-height: 20px\">summer<\/span><\/div>\n<\/div>\n<\/li>\n<li class=\"specification--line--IXeRJI7\" style=\"margin-top: 0px;margin-right: 0px;margin-bottom: 0px;margin-left: unset;padding: 0px\">\n<div class=\"specification--prop--Jh28bKu\" style=\"margin: 0px;padding: 0px;float: left;line-height: 28px;max-width: 50%;position: relative;width: 426px\">\n<div class=\"specification--title--SfH3sA8\" style=\"margin: 0px;padding: 16px;line-height: 20px;width: 174px\"><span style=\"margin: 0px;padding: 0px;line-height: 20px\">Collier<\/span><\/div>\n<div class=\"specification--desc--Dxx6W0W\" title=\"cou rond\" style=\"margin: 0px;padding: 16px;line-height: 20px;flex: 1 1 0%\"><span style=\"margin: 0px;padding: 0px;line-height: 20px\">cou rond<\/span><\/div>\n<\/div>\n<div class=\"specification--prop--Jh28bKu\" style=\"margin: 0px;padding: 0px;float: left;line-height: 28px;max-width: 50%;position: relative;width: 426px\">\n<div class=\"specification--title--SfH3sA8\" style=\"margin: 0px;padding: 16px;line-height: 20px;width: 174px\"><span style=\"margin: 0px;padding: 0px;line-height: 20px\">Longueur de Manche (cm)<\/span><\/div>\n<div class=\"specification--desc--Dxx6W0W\" title=\"Court (4 \u00e0 16 pouces)\" style=\"margin: 0px;padding: 16px;line-height: 20px;flex: 1 1 0%\"><span style=\"margin: 0px;padding: 0px;line-height: 20px\">Court (4 \u00e0 16 pouces)<\/span><\/div>\n<\/div>\n<\/li>\n<li class=\"specification--line--IXeRJI7\" style=\"margin-top: 0px;margin-right: 0px;margin-bottom: 0px;margin-left: unset;padding: 0px\">\n<div class=\"specification--prop--Jh28bKu\" style=\"margin: 0px;padding: 0px;float: left;line-height: 28px;max-width: 50%;position: relative;width: 426px\">\n<div class=\"specification--title--SfH3sA8\" style=\"margin: 0px;padding: 16px;line-height: 20px;width: 174px\"><span style=\"margin: 0px;padding: 0px;line-height: 20px\">Type de Motif<\/span><\/div>\n<div class=\"specification--desc--Dxx6W0W\" title=\"Dessin anim\u00e9\" style=\"margin: 0px;padding: 16px;line-height: 20px;flex: 1 1 0%\"><span style=\"margin: 0px;padding: 0px;line-height: 20px\">Dessin anim\u00e9<\/span><\/div>\n<\/div>\n<div class=\"specification--prop--Jh28bKu\" style=\"margin: 0px;padding: 0px;float: left;line-height: 28px;max-width: 50%;position: relative;width: 426px\">\n<div class=\"specification--title--SfH3sA8\" style=\"margin: 0px;padding: 16px;line-height: 20px;width: 174px\"><span style=\"margin: 0px;padding: 0px;line-height: 20px\">Mat\u00e9riau<\/span><\/div>\n<div class=\"specification--desc--Dxx6W0W\" title=\"POLYESTER,SPANDEX\" style=\"margin: 0px;padding: 16px;line-height: 20px;flex: 1 1 0%\"><span data-spm-anchor-id=\"a2g0o.detail.0.i19.6a500Bfg0Bfg9S\" style=\"margin: 0px;padding: 0px;line-height: 20px\">POLYESTER,SPANDEX<\/span><\/div>\n<\/div>\n<\/li>\n<li class=\"specification--line--IXeRJI7\" style=\"margin-top: 0px;margin-right: 0px;margin-bottom: 0px;margin-left: unset;padding: 0px\">\n<div class=\"specification--prop--Jh28bKu\" style=\"margin: 0px;padding: 0px;float: left;line-height: 28px;max-width: 50%;position: relative;width: 426px\">\n<div class=\"specification--title--SfH3sA8\" style=\"margin: 0px;padding: 16px;line-height: 20px;width: 174px\"><span style=\"margin: 0px;padding: 0px;line-height: 20px\">Nom de marque<\/span><\/div>\n<div class=\"specification--desc--Dxx6W0W\" title=\"MINISO\" style=\"margin: 0px;padding: 16px;line-height: 20px;flex: 1 1 0%\"><span style=\"margin: 0px;padding: 0px;line-height: 20px\">MINISO<\/span><\/div>\n<\/div>\n<div class=\"specification--prop--Jh28bKu\" style=\"margin: 0px;padding: 0px;float: left;line-height: 28px;max-width: 50%;position: relative;width: 426px\">\n<div class=\"specification--title--SfH3sA8\" style=\"margin: 0px;padding: 16px;line-height: 20px;width: 174px\"><span style=\"margin: 0px;padding: 0px;line-height: 20px\">Origine<\/span><\/div>\n<div class=\"specification--desc--Dxx6W0W\" title=\"CN (Origine)\" style=\"margin: 0px;padding: 16px;line-height: 20px;flex: 1 1 0%\"><span style=\"margin: 0px;padding: 0px;line-height: 20px\">CN (Origine)<\/span><\/div>\n<\/div>\n<\/li>\n<li class=\"specification--line--IXeRJI7\" style=\"margin-top: 0px;margin-right: 0px;margin-bottom: 0px;margin-left: unset;padding: 0px\">\n<div class=\"specification--prop--Jh28bKu\" style=\"margin: 0px;padding: 0px;float: left;line-height: 28px;max-width: 50%;position: relative;width: 426px\">\n<div class=\"specification--title--SfH3sA8\" style=\"margin: 0px;padding: 16px;line-height: 20px;width: 174px\"><span style=\"margin: 0px;padding: 0px;line-height: 20px\">Sexe<\/span><\/div>\n<div class=\"specification--desc--Dxx6W0W\" title=\"WOMEN\" style=\"margin: 0px;padding: 16px;line-height: 20px;flex: 1 1 0%\"><span style=\"margin: 0px;padding: 0px;line-height: 20px\">WOMEN<\/span><\/div>\n<\/div>\n<div class=\"specification--prop--Jh28bKu\" style=\"margin: 0px;padding: 0px;float: left;line-height: 28px;max-width: 50%;position: relative;width: 426px\">\n<div class=\"specification--title--SfH3sA8\" style=\"margin: 0px;padding: 16px;line-height: 20px;width: 174px\"><span style=\"margin: 0px;padding: 0px;line-height: 20px\">Type D&#8217;article<\/span><\/div>\n<div class=\"specification--desc--Dxx6W0W\" title=\"PYJAMAS\" style=\"margin: 0px;padding: 16px;line-height: 20px;flex: 1 1 0%\"><span style=\"margin: 0px;padding: 0px;line-height: 20px\">PYJAMAS<\/span><\/div>\n<\/div>\n<\/li>\n<\/ul>\n","protected":false},"excerpt":{"rendered":"<p><br data-mce-bogus=\"1\"><\/p>\n","protected":false},"featured_media":1313,"comment_status":"open","ping_status":"closed","template":"","meta":{"_uag_custom_page_level_css":"","site-container-style":"default","site-container-layout":"default","site-sidebar-layout":"default","disable-article-header":"default","disable-site-header":"default","disable-site-footer":"default","disable-content-area-spacing":"default"},"product_brand":[],"product_cat":[27,26],"product_tag":[],"class_list":{"0":"post-1314","1":"product","2":"type-product","3":"status-publish","4":"has-post-thumbnail","6":"product_cat-holiday","7":"product_cat-tops","9":"first","10":"instock","11":"shipping-taxable","12":"product-type-external"},"uagb_featured_image_src":{"full":["https:\/\/mychoice.social\/wp-content\/uploads\/2025\/10\/Seade3299c01244909528eb8130e43b34R.jpg_350x350.avif",350,350,false],"thumbnail":["https:\/\/mychoice.social\/wp-content\/uploads\/2025\/10\/Seade3299c01244909528eb8130e43b34R.jpg_350x350-150x150.avif",150,150,true],"medium":["https:\/\/mychoice.social\/wp-content\/uploads\/2025\/10\/Seade3299c01244909528eb8130e43b34R.jpg_350x350-300x300.avif",300,300,true],"medium_large":["https:\/\/mychoice.social\/wp-content\/uploads\/2025\/10\/Seade3299c01244909528eb8130e43b34R.jpg_350x350.avif",350,350,false],"large":["https:\/\/mychoice.social\/wp-content\/uploads\/2025\/10\/Seade3299c01244909528eb8130e43b34R.jpg_350x350.avif",350,350,false],"1536x1536":["https:\/\/mychoice.social\/wp-content\/uploads\/2025\/10\/Seade3299c01244909528eb8130e43b34R.jpg_350x350.avif",350,350,false],"2048x2048":["https:\/\/mychoice.social\/wp-content\/uploads\/2025\/10\/Seade3299c01244909528eb8130e43b34R.jpg_350x350.avif",350,350,false],"woocommerce_thumbnail":["https:\/\/mychoice.social\/wp-content\/uploads\/2025\/10\/Seade3299c01244909528eb8130e43b34R.jpg_350x350-300x300.avif",300,300,true],"woocommerce_single":["https:\/\/mychoice.social\/wp-content\/uploads\/2025\/10\/Seade3299c01244909528eb8130e43b34R.jpg_350x350.avif",350,350,false],"woocommerce_gallery_thumbnail":["https:\/\/mychoice.social\/wp-content\/uploads\/2025\/10\/Seade3299c01244909528eb8130e43b34R.jpg_350x350-100x100.avif",100,100,true]},"uagb_author_info":{"display_name":"MyChoice","author_link":"https:\/\/mychoice.social\/index.php\/author\/"},"uagb_comment_info":0,"uagb_excerpt":null,"jetpack_sharing_enabled":true,"_links":{"self":[{"href":"https:\/\/mychoice.social\/index.php\/wp-json\/wp\/v2\/product\/1314","targetHints":{"allow":["GET"]}}],"collection":[{"href":"https:\/\/mychoice.social\/index.php\/wp-json\/wp\/v2\/product"}],"about":[{"href":"https:\/\/mychoice.social\/index.php\/wp-json\/wp\/v2\/types\/product"}],"replies":[{"embeddable":true,"href":"https:\/\/mychoice.social\/index.php\/wp-json\/wp\/v2\/comments?post=1314"}],"wp:featuredmedia":[{"embeddable":true,"href":"https:\/\/mychoice.social\/index.php\/wp-json\/wp\/v2\/media\/1313"}],"wp:attachment":[{"href":"https:\/\/mychoice.social\/index.php\/wp-json\/wp\/v2\/media?parent=1314"}],"wp:term":[{"taxonomy":"product_brand","embeddable":true,"href":"https:\/\/mychoice.social\/index.php\/wp-json\/wp\/v2\/product_brand?post=1314"},{"taxonomy":"product_cat","embeddable":true,"href":"https:\/\/mychoice.social\/index.php\/wp-json\/wp\/v2\/product_cat?post=1314"},{"taxonomy":"product_tag","embeddable":true,"href":"https:\/\/mychoice.social\/index.php\/wp-json\/wp\/v2\/product_tag?post=1314"}],"curies":[{"name":"wp","href":"https:\/\/api.w.org\/{rel}","templated":true}]}}