{"id":1320,"date":"2025-10-04T21:58:57","date_gmt":"2025-10-04T21:58:57","guid":{"rendered":"https:\/\/mychoice.social\/index.php\/product\/sweat-a-capuche-gaufre-raye-pour-femme-sweat-a-capuche\/"},"modified":"2025-10-04T22:02:12","modified_gmt":"2025-10-04T22:02:12","slug":"sweat-a-capuche-gaufre-raye-pour-femme-sweat-a-capuche","status":"publish","type":"product","link":"https:\/\/mychoice.social\/index.php\/product\/sweat-a-capuche-gaufre-raye-pour-femme-sweat-a-capuche\/","title":{"rendered":"Sweat \u00e0 capuche gaufr\u00e9 ray\u00e9 pour femme, sweat \u00e0 capuche"},"content":{"rendered":"<p data-spm-anchor-id=\"a2g0o.detail.1000023.i0.73edviznviznMA\"><span style=\"margin: 0px;padding: 0px;max-width: 100%;font-size: 20px\"><strong id=\"tl_1\" data-spm-anchor-id=\"a2g0o.detail.1000023.i1.73edviznviznMA\">Description<\/strong><\/span><\/p>\n<p id=\"tl_2\">Emballage inclus: 1 chemisier<\/p>\n<p id=\"tl_3\">Mat\u00e9riau: 95% Polyester + 5% Spandex<\/p>\n<p id=\"tl_4\">Style: Loisirs<\/p>\n<p id=\"tl_5\">Saison: Printemps, Automne, Hiver<\/p>\n<p id=\"tl_6\">Occasion: Famille, F\u00eate, Mariage, Vacances, Emploi<\/p>\n<p><\/p>\n<p><span style=\"margin: 0px;padding: 0px;max-width: 100%;font-size: 22px\"><strong id=\"tl_7\">Attentions:<\/strong><\/span><\/p>\n<p id=\"tl_8\">1. L&#8217;objet r\u00e9el peut exister l\u00e9g\u00e8rement des diff\u00e9rences de couleurs par rapport aux images affich\u00e9es par diff\u00e9rents ordinateurs. Attention, merci.<\/p>\n<p id=\"tl_9\">2. Il peut y avoir une erreur de mesure manuelle de 1 \u00e0 3 cm. D\u00e9sol\u00e9 pour tout inconv\u00e9nient.<\/p>\n<p id=\"tl_10\">3. Veuillez pr\u00e9valoir sur l&#8217;article r\u00e9el, les images du mod\u00e8le \u00e0 titre de r\u00e9f\u00e9rence uniquement.<\/p>\n<p id=\"tl_11\">4.\u00a0<span style=\"margin: 0px;padding: 0px;max-width: 100%;font-size: 20px\"><strong>Attention!!! Veuillez v\u00e9rifier attentivement le tableau des tailles avant de passer la commande.<\/strong><\/span><\/p>\n<\/p>\n<p><img data-recalc-dims=\"1\" decoding=\"async\" src=\"https:\/\/i0.wp.com\/ae01.alicdn.com\/kf\/S692ee7f81c8e441e80eb0d7ab3d698e4u.jpg?ssl=1\" style=\"border: 0px;margin: 0px;padding: 0px;vertical-align: middle\"><\/p>\n<p><\/p>\n<p><img data-recalc-dims=\"1\" decoding=\"async\" src=\"https:\/\/i0.wp.com\/ae01.alicdn.com\/kf\/Sce1adb27488144ad8e05dfdcc5c7372aq.jpg?ssl=1\" style=\"border: 0px;margin: 0px;padding: 0px;vertical-align: middle\"><\/p>\n<p><\/p>\n<p><img data-recalc-dims=\"1\" decoding=\"async\" src=\"https:\/\/i0.wp.com\/ae01.alicdn.com\/kf\/S7c1a42f903ce4554b6aa887d6911d0b7o.jpg?ssl=1\" style=\"border: 0px;margin: 0px;padding: 0px;vertical-align: middle\"><\/p>\n<p><\/p>\n<p><img data-recalc-dims=\"1\" decoding=\"async\" src=\"https:\/\/i0.wp.com\/ae01.alicdn.com\/kf\/Se844b5b723f942bab27c6929178bf2d5M.jpg?ssl=1\" data-spm-anchor-id=\"a2g0o.detail.1000023.i3.73edviznviznMA\" style=\"border: 0px;margin: 0px;padding: 0px;vertical-align: middle\"><\/p>\n<p data-spm-anchor-id=\"a2g0o.detail.1000023.i2.73edviznviznMA\">\n<p><\/p>\n","protected":false},"excerpt":{"rendered":"<p><\/p>\n","protected":false},"featured_media":1319,"comment_status":"open","ping_status":"closed","template":"","meta":{"_uag_custom_page_level_css":"","site-container-style":"default","site-container-layout":"default","site-sidebar-layout":"default","disable-article-header":"default","disable-site-header":"default","disable-site-footer":"default","disable-content-area-spacing":"default"},"product_brand":[],"product_cat":[27,24,26],"product_tag":[],"class_list":{"0":"post-1320","1":"product","2":"type-product","3":"status-publish","4":"has-post-thumbnail","6":"product_cat-holiday","7":"product_cat-plus-size","8":"product_cat-tops","10":"first","11":"instock","12":"sale","13":"shipping-taxable","14":"product-type-external"},"uagb_featured_image_src":{"full":["https:\/\/mychoice.social\/wp-content\/uploads\/2025\/10\/Sce1adb27488144ad8e05dfdcc5c7372aq.jpg_350x350.avif",263,350,false],"thumbnail":["https:\/\/mychoice.social\/wp-content\/uploads\/2025\/10\/Sce1adb27488144ad8e05dfdcc5c7372aq.jpg_350x350-150x150.avif",150,150,true],"medium":["https:\/\/mychoice.social\/wp-content\/uploads\/2025\/10\/Sce1adb27488144ad8e05dfdcc5c7372aq.jpg_350x350-225x300.avif",225,300,true],"medium_large":["https:\/\/mychoice.social\/wp-content\/uploads\/2025\/10\/Sce1adb27488144ad8e05dfdcc5c7372aq.jpg_350x350.avif",263,350,false],"large":["https:\/\/mychoice.social\/wp-content\/uploads\/2025\/10\/Sce1adb27488144ad8e05dfdcc5c7372aq.jpg_350x350.avif",263,350,false],"1536x1536":["https:\/\/mychoice.social\/wp-content\/uploads\/2025\/10\/Sce1adb27488144ad8e05dfdcc5c7372aq.jpg_350x350.avif",263,350,false],"2048x2048":["https:\/\/mychoice.social\/wp-content\/uploads\/2025\/10\/Sce1adb27488144ad8e05dfdcc5c7372aq.jpg_350x350.avif",263,350,false],"woocommerce_thumbnail":["https:\/\/mychoice.social\/wp-content\/uploads\/2025\/10\/Sce1adb27488144ad8e05dfdcc5c7372aq.jpg_350x350-263x300.avif",263,300,true],"woocommerce_single":["https:\/\/mychoice.social\/wp-content\/uploads\/2025\/10\/Sce1adb27488144ad8e05dfdcc5c7372aq.jpg_350x350.avif",263,350,false],"woocommerce_gallery_thumbnail":["https:\/\/mychoice.social\/wp-content\/uploads\/2025\/10\/Sce1adb27488144ad8e05dfdcc5c7372aq.jpg_350x350-100x100.avif",100,100,true]},"uagb_author_info":{"display_name":"MyChoice","author_link":"https:\/\/mychoice.social\/index.php\/author\/"},"uagb_comment_info":0,"uagb_excerpt":null,"jetpack_sharing_enabled":true,"_links":{"self":[{"href":"https:\/\/mychoice.social\/index.php\/wp-json\/wp\/v2\/product\/1320","targetHints":{"allow":["GET"]}}],"collection":[{"href":"https:\/\/mychoice.social\/index.php\/wp-json\/wp\/v2\/product"}],"about":[{"href":"https:\/\/mychoice.social\/index.php\/wp-json\/wp\/v2\/types\/product"}],"replies":[{"embeddable":true,"href":"https:\/\/mychoice.social\/index.php\/wp-json\/wp\/v2\/comments?post=1320"}],"wp:featuredmedia":[{"embeddable":true,"href":"https:\/\/mychoice.social\/index.php\/wp-json\/wp\/v2\/media\/1319"}],"wp:attachment":[{"href":"https:\/\/mychoice.social\/index.php\/wp-json\/wp\/v2\/media?parent=1320"}],"wp:term":[{"taxonomy":"product_brand","embeddable":true,"href":"https:\/\/mychoice.social\/index.php\/wp-json\/wp\/v2\/product_brand?post=1320"},{"taxonomy":"product_cat","embeddable":true,"href":"https:\/\/mychoice.social\/index.php\/wp-json\/wp\/v2\/product_cat?post=1320"},{"taxonomy":"product_tag","embeddable":true,"href":"https:\/\/mychoice.social\/index.php\/wp-json\/wp\/v2\/product_tag?post=1320"}],"curies":[{"name":"wp","href":"https:\/\/api.w.org\/{rel}","templated":true}]}}