{"id":1322,"date":"2025-10-04T22:07:36","date_gmt":"2025-10-04T22:07:36","guid":{"rendered":"https:\/\/mychoice.social\/index.php\/product\/grande-taille-femmes-vetements-gaufre-hauts-en-tricot-pour-femmes\/"},"modified":"2025-10-04T22:07:36","modified_gmt":"2025-10-04T22:07:36","slug":"grande-taille-femmes-vetements-gaufre-hauts-en-tricot-pour-femmes","status":"publish","type":"product","link":"https:\/\/mychoice.social\/index.php\/product\/grande-taille-femmes-vetements-gaufre-hauts-en-tricot-pour-femmes\/","title":{"rendered":"Grande taille femmes v\u00eatements gaufr\u00e9 hauts en tricot pour femmes"},"content":{"rendered":"<p><div class=\"split-line--wrap--dVhU29K\"><\/div>\n<\/p>\n<div class=\"description--wrap--LscZ0He\" id=\"nav-description\">\n<div class=\"title--wrap--NWOaiSp description--title--NMh4UiD\" style=\"margin: 0px;padding: 0px;height: 56px;line-height: 56px;justify-content: space-between\">\n<div class=\"title--text--Otu0bLr\" style=\"margin: 0px;padding: 0px;cursor: default;height: 56px\">\n<h2 class=\"title--title--O6xcB1q\" style=\"font-size: 24px;font-weight: 700;margin: 0px\">Pr\u00e9sentation<\/h2>\n<\/div>\n<p><a class=\"description--report--_8LzMSh\" href=\"https:\/\/report.aliexpress.com\/health\/reportIndex.htm?product_id=1005009802267415&amp;b_login_id=cn1092650003ipiae\" target=\"_blank\" rel=\"nofollow noopener noreferrer\" data-aplus-clk=\"x1_1ea4c406\" data-spm-anchor-id=\"a2g0o.detail.0.0\" style=\"background-color: transparent;cursor: pointer;text-decoration: none;margin: 0px;padding: 0px;font-size: 15px;font-weight: 700\">Signaler cet article<\/a><\/div>\n<div class=\"extend--wrap--yXwoDbO\" style=\"margin: 0px;padding: 0px;position: relative\">\n<div class=\"extend--content--VuIQZia\" style=\"margin: 0px;padding: 0px;overflow: hidden;position: relative\">\n<div style=\"margin: 0px;padding: 0px\">\n<div id=\"product-description\" data-spm=\"1000023\" class=\"description--product-description--Mjtql28\" data-pl=\"product-description\" style=\"margin: 0px;padding: 0px;max-width: 944px;overflow: hidden;position: relative\">\n<div class=\"description--origin-part--rWy05pE\" style=\"margin: 0px;padding: 0px\">\n<div class=\"detailmodule_html\" style=\"margin: 0px;padding: 0px\">\n<div class=\"detail-desc-decorate-richtext\" style=\"margin: 0px;padding: 0px\">\n<div class=\"detailmodule_text\" style=\"margin: 0px;padding: 0px\">\n<p align=\"left\" id=\"tl_1\" style=\"margin: 0px;padding: 0px;line-height: inherit;font-size: 16px;font-weight: normal;text-align: left;width: 852px\">Mat\u00e9riau : 97 % polyester + 3 % \u00e9lasthanne, l\u00e9ger et respirant, haute \u00e9lasticit\u00e9, confortable contre votre peau, super doux \u00e0 porter.<\/p>\n<p>Caract\u00e9ristiques : sweats \u00e0 capuche d\u00e9contract\u00e9s avec poche, design gaufr\u00e9, couleur unie, manches longues, sweat-shirt \u00e0 capuche, pull ample, sweat-shirts surdimensionn\u00e9s, cordon de serrage, super doux, confortable et pr\u00e8s de votre peau.<\/p>\n<p>Assorti : \u00e0 associer avec un jean skinny et des bottines pour un ensemble facile, ou avec des leggings et des baskets lorsque vous souhaitez une tenue confortable et douillette.<\/p>\n<p>Occasion : le sweat \u00e0 capuche est un choix parfait pour le quotidien, l&#8217;\u00e9cole, les vacances, le bureau, le travail, le printemps, l&#8217;automne, la maison, le sport, l&#8217;activit\u00e9, l&#8217;entra\u00eenement, la gym, la course, l&#8217;ext\u00e9rieur, les sorties nocturnes ou comme cadeau pour votre femme, votre petite amie., maman, fille ou amie.<\/p>\n<p>Taille : 0XL\/1XL\/2XL\/3XL\/4XL au choix.<\/p>\n<p><\/div>\n<div class=\"detailmodule_image\" style=\"margin: 0px;padding: 0px\"><img data-recalc-dims=\"1\" decoding=\"async\" class=\"detail-desc-decorate-image\" src=\"https:\/\/i0.wp.com\/ae01.alicdn.com\/kf\/Sed8261163ab744d7a6561f3c7d67cb80s.jpg?ssl=1\" data-spm-anchor-id=\"a2g0o.detail.1000023.i0.154cwnwwwnwwoC\" style=\"border: 0px;margin: 0px;padding: 0px;max-width: 100%;vertical-align: middle\"><\/div>\n<p><\/div>\n<\/div>\n<\/div>\n<\/div>\n<\/div>\n<\/div>\n<\/div>\n<\/div>\n","protected":false},"excerpt":{"rendered":"<p><br data-mce-bogus=\"1\"><\/p>\n","protected":false},"featured_media":1321,"comment_status":"open","ping_status":"closed","template":"","meta":{"_uag_custom_page_level_css":"","site-container-style":"default","site-container-layout":"default","site-sidebar-layout":"default","disable-article-header":"default","disable-site-header":"default","disable-site-footer":"default","disable-content-area-spacing":"default"},"product_brand":[],"product_cat":[27,24,26],"product_tag":[],"class_list":{"0":"post-1322","1":"product","2":"type-product","3":"status-publish","4":"has-post-thumbnail","6":"product_cat-holiday","7":"product_cat-plus-size","8":"product_cat-tops","10":"first","11":"instock","12":"sale","13":"shipping-taxable","14":"product-type-external"},"uagb_featured_image_src":{"full":["https:\/\/mychoice.social\/wp-content\/uploads\/2025\/10\/Sed8261163ab744d7a6561f3c7d67cb80s.jpg_350x350.avif",263,350,false],"thumbnail":["https:\/\/mychoice.social\/wp-content\/uploads\/2025\/10\/Sed8261163ab744d7a6561f3c7d67cb80s.jpg_350x350-150x150.avif",150,150,true],"medium":["https:\/\/mychoice.social\/wp-content\/uploads\/2025\/10\/Sed8261163ab744d7a6561f3c7d67cb80s.jpg_350x350-225x300.avif",225,300,true],"medium_large":["https:\/\/mychoice.social\/wp-content\/uploads\/2025\/10\/Sed8261163ab744d7a6561f3c7d67cb80s.jpg_350x350.avif",263,350,false],"large":["https:\/\/mychoice.social\/wp-content\/uploads\/2025\/10\/Sed8261163ab744d7a6561f3c7d67cb80s.jpg_350x350.avif",263,350,false],"1536x1536":["https:\/\/mychoice.social\/wp-content\/uploads\/2025\/10\/Sed8261163ab744d7a6561f3c7d67cb80s.jpg_350x350.avif",263,350,false],"2048x2048":["https:\/\/mychoice.social\/wp-content\/uploads\/2025\/10\/Sed8261163ab744d7a6561f3c7d67cb80s.jpg_350x350.avif",263,350,false],"woocommerce_thumbnail":["https:\/\/mychoice.social\/wp-content\/uploads\/2025\/10\/Sed8261163ab744d7a6561f3c7d67cb80s.jpg_350x350-263x300.avif",263,300,true],"woocommerce_single":["https:\/\/mychoice.social\/wp-content\/uploads\/2025\/10\/Sed8261163ab744d7a6561f3c7d67cb80s.jpg_350x350.avif",263,350,false],"woocommerce_gallery_thumbnail":["https:\/\/mychoice.social\/wp-content\/uploads\/2025\/10\/Sed8261163ab744d7a6561f3c7d67cb80s.jpg_350x350-100x100.avif",100,100,true]},"uagb_author_info":{"display_name":"MyChoice","author_link":"https:\/\/mychoice.social\/index.php\/author\/"},"uagb_comment_info":0,"uagb_excerpt":null,"jetpack_sharing_enabled":true,"_links":{"self":[{"href":"https:\/\/mychoice.social\/index.php\/wp-json\/wp\/v2\/product\/1322","targetHints":{"allow":["GET"]}}],"collection":[{"href":"https:\/\/mychoice.social\/index.php\/wp-json\/wp\/v2\/product"}],"about":[{"href":"https:\/\/mychoice.social\/index.php\/wp-json\/wp\/v2\/types\/product"}],"replies":[{"embeddable":true,"href":"https:\/\/mychoice.social\/index.php\/wp-json\/wp\/v2\/comments?post=1322"}],"wp:featuredmedia":[{"embeddable":true,"href":"https:\/\/mychoice.social\/index.php\/wp-json\/wp\/v2\/media\/1321"}],"wp:attachment":[{"href":"https:\/\/mychoice.social\/index.php\/wp-json\/wp\/v2\/media?parent=1322"}],"wp:term":[{"taxonomy":"product_brand","embeddable":true,"href":"https:\/\/mychoice.social\/index.php\/wp-json\/wp\/v2\/product_brand?post=1322"},{"taxonomy":"product_cat","embeddable":true,"href":"https:\/\/mychoice.social\/index.php\/wp-json\/wp\/v2\/product_cat?post=1322"},{"taxonomy":"product_tag","embeddable":true,"href":"https:\/\/mychoice.social\/index.php\/wp-json\/wp\/v2\/product_tag?post=1322"}],"curies":[{"name":"wp","href":"https:\/\/api.w.org\/{rel}","templated":true}]}}