{"id":1346,"date":"2025-10-05T20:01:19","date_gmt":"2025-10-05T20:01:19","guid":{"rendered":"https:\/\/mychoice.social\/index.php\/product\/mini-robe-a-capuche-a-lacets-avec-lettres-imprimees-pour-femmes\/"},"modified":"2025-10-05T20:01:19","modified_gmt":"2025-10-05T20:01:19","slug":"mini-robe-a-capuche-a-lacets-avec-lettres-imprimees-pour-femmes","status":"publish","type":"product","link":"https:\/\/mychoice.social\/index.php\/product\/mini-robe-a-capuche-a-lacets-avec-lettres-imprimees-pour-femmes\/","title":{"rendered":"Mini robe \u00e0 capuche \u00e0 lacets avec lettres imprim\u00e9es pour femmes"},"content":{"rendered":"<p><br data-mce-bogus=\"1\"><\/p>\n<div class=\"description--wrap--LscZ0He\" id=\"nav-description\">\n<div class=\"title--wrap--NWOaiSp description--title--NMh4UiD\" data-spm-anchor-id=\"a2g0o.detail.0.i14.3e32AfhUAfhUVa\" style=\"margin: 0px;padding: 0px;height: 56px;line-height: 56px;justify-content: space-between\"><a class=\"description--report--_8LzMSh\" href=\"https:\/\/report.aliexpress.com\/health\/reportIndex.htm?product_id=1005006465794073&amp;b_login_id=cn1076424369eeiae\" target=\"_blank\" rel=\"nofollow noopener noreferrer\" data-aplus-clk=\"x1_588df30e\" data-spm-anchor-id=\"a2g0o.detail.0.0\" style=\"background-color: transparent;cursor: pointer;margin: 0px;padding: 0px;font-size: 15px;font-weight: 700\">Signaler cet article<\/a><\/div>\n<div class=\"extend--wrap--yXwoDbO\" style=\"margin: 0px;padding: 0px;position: relative\">\n<div class=\"extend--content--VuIQZia\" style=\"margin: 0px;padding: 0px;overflow: hidden;position: relative\">\n<div style=\"margin: 0px;padding: 0px\">\n<div id=\"product-description\" data-spm=\"1000023\" class=\"description--product-description--Mjtql28\" data-pl=\"product-description\" style=\"margin: 0px;padding: 0px;max-width: 944px;overflow: hidden;position: relative\">\n<div class=\"description--origin-part--rWy05pE\" style=\"margin: 0px;padding: 0px\">\n<div class=\"detailmodule_html\" style=\"margin: 0px;padding: 0px\">\n<div class=\"detail-desc-decorate-richtext\" style=\"margin: 0px;padding: 0px\">\n<div style=\"margin: 0px;padding: 0px\">\n<div id=\"tl_1\" style=\"margin: 0px;padding: 0px;height: 0px;overflow: hidden\"><\/div>\n<div style=\"margin: 0px;padding: 0px\">\n<p style=\"margin: 0px;padding: 0px;line-height: inherit\"><img data-recalc-dims=\"1\" decoding=\"async\" src=\"https:\/\/i0.wp.com\/ae01.alicdn.com\/kf\/S08a62a08e6844999bbf915ed97ae974fF.jpg?ssl=1\" style=\"border: 0px;margin: 0px;padding: 0px;vertical-align: middle\"><\/p>\n<p style=\"margin: 0px;padding: 0px;line-height: inherit\"><img data-recalc-dims=\"1\" decoding=\"async\" src=\"https:\/\/i0.wp.com\/ae01.alicdn.com\/kf\/Sdcfc7a8de93d4591995e7124154890418.jpg?ssl=1\" style=\"border: 0px;margin: 0px;padding: 0px;vertical-align: middle\"><img data-recalc-dims=\"1\" decoding=\"async\" src=\"https:\/\/i0.wp.com\/ae01.alicdn.com\/kf\/S5261c1bad31e41fc94d56a0dd4ea4d03X.jpg?ssl=1\" style=\"border: 0px;margin: 0px;padding: 0px;vertical-align: middle\"><img data-recalc-dims=\"1\" decoding=\"async\" src=\"https:\/\/i0.wp.com\/ae01.alicdn.com\/kf\/S538eec5cb4864cd7a17041058d37e3d6B.jpg?ssl=1\" style=\"border: 0px;margin: 0px;padding: 0px;vertical-align: middle\"><img data-recalc-dims=\"1\" decoding=\"async\" src=\"https:\/\/i0.wp.com\/ae01.alicdn.com\/kf\/Sfe25b90d1b674a71ad0e4535b673a1b2E.jpg?ssl=1\" style=\"border: 0px;margin: 0px;padding: 0px;vertical-align: middle\"><img data-recalc-dims=\"1\" decoding=\"async\" src=\"https:\/\/i0.wp.com\/ae01.alicdn.com\/kf\/Sb97a27c3b7854cc5a84e3f917c744cbf8.jpg?ssl=1\" style=\"border: 0px;margin: 0px;padding: 0px;vertical-align: middle\"><img data-recalc-dims=\"1\" decoding=\"async\" src=\"https:\/\/i0.wp.com\/ae01.alicdn.com\/kf\/S5f4c7e08afe147f7a511fba3309b8be9R.jpg?ssl=1\" data-spm-anchor-id=\"a2g0o.detail.1000023.i0.3e32AfhUAfhUVa\" style=\"border: 0px;margin: 0px;padding: 0px;vertical-align: middle\"><\/p>\n<\/div>\n<\/div>\n<\/div>\n<\/div>\n<\/div>\n<\/div>\n<\/div>\n<\/div>\n<\/div>\n<\/div>\n<div class=\"split-line--wrap--dVhU29K\">\n<div class=\"comet-v2-divider comet-v2-divider-small\"><\/div>\n<\/div>\n<div id=\"nav-qa\" class=\"qa--wrap--ZsIkLSs\">\n<div class=\"title--wrap--NWOaiSp\" style=\"margin: 0px;padding: 0px;height: 56px;line-height: 56px\">\n<div class=\"title--text--Otu0bLr\" style=\"margin: 0px;padding: 0px;cursor: default;height: 56px\"><\/div>\n<\/div>\n<div class=\"ask-buyers\" style=\"margin: 16px 0px 0px;padding: 0px;border-radius: 5px\">\n<div class=\"ask-list\" style=\"margin: 0px;padding: 0px\">\n<ul style=\"margin: 0px;padding: 0px\">\n<li class=\"ask-item\" style=\"margin: 0px;padding: 0px 0px 4px;position: relative\">\n<p class=\"ask-content\" style=\"margin: 12px 0px;padding: 0px 0px 0px 32px;font-weight: 700;line-height: 21px\"><br data-mce-bogus=\"1\"><\/p>\n<\/li>\n<\/ul>\n<\/div>\n<\/div>\n<\/div>\n","protected":false},"excerpt":{"rendered":"<p><br data-mce-bogus=\"1\"><\/p>\n","protected":false},"featured_media":1345,"comment_status":"open","ping_status":"closed","template":"","meta":{"_uag_custom_page_level_css":"","site-container-style":"default","site-container-layout":"default","site-sidebar-layout":"default","disable-article-header":"default","disable-site-header":"default","disable-site-footer":"default","disable-content-area-spacing":"default"},"product_brand":[],"product_cat":[27,24,25],"product_tag":[],"class_list":{"0":"post-1346","1":"product","2":"type-product","3":"status-publish","4":"has-post-thumbnail","6":"product_cat-holiday","7":"product_cat-plus-size","8":"product_cat-short-dress","10":"first","11":"instock","12":"shipping-taxable","13":"product-type-external"},"uagb_featured_image_src":{"full":["https:\/\/mychoice.social\/wp-content\/uploads\/2025\/10\/S5860d4e9796b48a6b0f26104606488e3K.jpg_350x350.avif",350,350,false],"thumbnail":["https:\/\/mychoice.social\/wp-content\/uploads\/2025\/10\/S5860d4e9796b48a6b0f26104606488e3K.jpg_350x350-150x150.avif",150,150,true],"medium":["https:\/\/mychoice.social\/wp-content\/uploads\/2025\/10\/S5860d4e9796b48a6b0f26104606488e3K.jpg_350x350-300x300.avif",300,300,true],"medium_large":["https:\/\/mychoice.social\/wp-content\/uploads\/2025\/10\/S5860d4e9796b48a6b0f26104606488e3K.jpg_350x350.avif",350,350,false],"large":["https:\/\/mychoice.social\/wp-content\/uploads\/2025\/10\/S5860d4e9796b48a6b0f26104606488e3K.jpg_350x350.avif",350,350,false],"1536x1536":["https:\/\/mychoice.social\/wp-content\/uploads\/2025\/10\/S5860d4e9796b48a6b0f26104606488e3K.jpg_350x350.avif",350,350,false],"2048x2048":["https:\/\/mychoice.social\/wp-content\/uploads\/2025\/10\/S5860d4e9796b48a6b0f26104606488e3K.jpg_350x350.avif",350,350,false],"woocommerce_thumbnail":["https:\/\/mychoice.social\/wp-content\/uploads\/2025\/10\/S5860d4e9796b48a6b0f26104606488e3K.jpg_350x350-300x300.avif",300,300,true],"woocommerce_single":["https:\/\/mychoice.social\/wp-content\/uploads\/2025\/10\/S5860d4e9796b48a6b0f26104606488e3K.jpg_350x350.avif",350,350,false],"woocommerce_gallery_thumbnail":["https:\/\/mychoice.social\/wp-content\/uploads\/2025\/10\/S5860d4e9796b48a6b0f26104606488e3K.jpg_350x350-100x100.avif",100,100,true]},"uagb_author_info":{"display_name":"MyChoice","author_link":"https:\/\/mychoice.social\/index.php\/author\/"},"uagb_comment_info":0,"uagb_excerpt":null,"jetpack_sharing_enabled":true,"_links":{"self":[{"href":"https:\/\/mychoice.social\/index.php\/wp-json\/wp\/v2\/product\/1346","targetHints":{"allow":["GET"]}}],"collection":[{"href":"https:\/\/mychoice.social\/index.php\/wp-json\/wp\/v2\/product"}],"about":[{"href":"https:\/\/mychoice.social\/index.php\/wp-json\/wp\/v2\/types\/product"}],"replies":[{"embeddable":true,"href":"https:\/\/mychoice.social\/index.php\/wp-json\/wp\/v2\/comments?post=1346"}],"wp:featuredmedia":[{"embeddable":true,"href":"https:\/\/mychoice.social\/index.php\/wp-json\/wp\/v2\/media\/1345"}],"wp:attachment":[{"href":"https:\/\/mychoice.social\/index.php\/wp-json\/wp\/v2\/media?parent=1346"}],"wp:term":[{"taxonomy":"product_brand","embeddable":true,"href":"https:\/\/mychoice.social\/index.php\/wp-json\/wp\/v2\/product_brand?post=1346"},{"taxonomy":"product_cat","embeddable":true,"href":"https:\/\/mychoice.social\/index.php\/wp-json\/wp\/v2\/product_cat?post=1346"},{"taxonomy":"product_tag","embeddable":true,"href":"https:\/\/mychoice.social\/index.php\/wp-json\/wp\/v2\/product_tag?post=1346"}],"curies":[{"name":"wp","href":"https:\/\/api.w.org\/{rel}","templated":true}]}}