{"id":1352,"date":"2025-10-05T20:09:40","date_gmt":"2025-10-05T20:09:40","guid":{"rendered":"https:\/\/mychoice.social\/index.php\/product\/vestes-a-capuche-de-dessin-anime-imprime-pour-femmes\/"},"modified":"2025-10-05T20:09:41","modified_gmt":"2025-10-05T20:09:41","slug":"vestes-a-capuche-de-dessin-anime-imprime-pour-femmes","status":"publish","type":"product","link":"https:\/\/mychoice.social\/index.php\/product\/vestes-a-capuche-de-dessin-anime-imprime-pour-femmes\/","title":{"rendered":"Vestes \u00e0 capuche de dessin anim\u00e9 imprim\u00e9 pour femmes,"},"content":{"rendered":"<p><div class=\"split-line--wrap--dVhU29K\"><\/div>\n<\/p>\n<div class=\"description--wrap--LscZ0He\" id=\"nav-description\">\n<div class=\"title--wrap--NWOaiSp description--title--NMh4UiD\" style=\"margin: 0px;padding: 0px;height: 56px;line-height: 56px;justify-content: space-between\">\n<div class=\"title--text--Otu0bLr\" style=\"margin: 0px;padding: 0px;cursor: default;height: 56px\"><\/div>\n<p><\/div>\n<div class=\"extend--wrap--yXwoDbO\" style=\"margin: 0px;padding: 0px;position: relative\">\n<div class=\"extend--content--VuIQZia\" style=\"margin: 0px;padding: 0px;overflow: hidden;position: relative\">\n<div style=\"margin: 0px;padding: 0px\">\n<div id=\"product-description\" data-spm=\"1000023\" class=\"description--product-description--Mjtql28\" data-pl=\"product-description\" style=\"margin: 0px;padding: 0px;max-width: 944px;overflow: hidden;position: relative\">\n<div class=\"description--origin-part--rWy05pE\" style=\"margin: 0px;padding: 0px\">\n<div class=\"detailmodule_html\" style=\"margin: 0px;padding: 0px\">\n<div class=\"detail-desc-decorate-richtext\" style=\"margin: 0px;padding: 0px\">\n<div style=\"margin: 0px;padding: 0px\">\n<div style=\"margin: 0px;padding: 0px\">\n<p style=\"margin: 0px;padding: 0px;line-height: inherit\"><img data-recalc-dims=\"1\" decoding=\"async\" src=\"https:\/\/i0.wp.com\/ae01.alicdn.com\/kf\/Sfd0e3ddee6e94bcc8ec6d6433c857ae4w.jpg?ssl=1\" style=\"border: 0px;margin: 0px;padding: 0px;max-width: 100%;vertical-align: middle\"><img data-recalc-dims=\"1\" decoding=\"async\" src=\"https:\/\/i0.wp.com\/ae01.alicdn.com\/kf\/S26cb39040e6e4bbe98013445ac61ac1a3.jpg?ssl=1\" data-spm-anchor-id=\"a2g0o.detail.1000023.i0.5f101DA01DA004\" style=\"border: 0px;margin: 0px;padding: 0px;max-width: 100%;vertical-align: middle\"><span>\u00a0<\/span><img data-recalc-dims=\"1\" decoding=\"async\" src=\"https:\/\/i0.wp.com\/ae03.alicdn.com\/kf\/Sf5a9bad0c67448ab82b8b0b22c3edbb0e.jpg?ssl=1\" style=\"border: 0px;margin: 0px;padding: 0px;max-width: 100%;vertical-align: middle\"><span>\u00a0<\/span><img data-recalc-dims=\"1\" decoding=\"async\" src=\"https:\/\/i0.wp.com\/ae01.alicdn.com\/kf\/S34e012b1cd804a628bb96f64c8395bb0w.jpg?ssl=1\" style=\"border: 0px;margin: 0px;padding: 0px;max-width: 100%;vertical-align: middle\"><span>\u00a0<\/span><img data-recalc-dims=\"1\" decoding=\"async\" src=\"https:\/\/i0.wp.com\/ae01.alicdn.com\/kf\/S2b08eede5f104e76ad438fd9b2a3940d2.jpg?ssl=1\" style=\"border: 0px;margin: 0px;padding: 0px;max-width: 100%;vertical-align: middle\"><span>\u00a0<\/span><img data-recalc-dims=\"1\" decoding=\"async\" src=\"https:\/\/i0.wp.com\/ae01.alicdn.com\/kf\/Scea32ee3d7064129ac438b036a7708eeH.jpg?ssl=1\" style=\"border: 0px;margin: 0px;padding: 0px;max-width: 100%;vertical-align: middle\"><span>\u00a0<\/span><img data-recalc-dims=\"1\" decoding=\"async\" src=\"https:\/\/i0.wp.com\/ae01.alicdn.com\/kf\/Sc3e1dafb36404f4cbfcd0d954cd87040z.jpg?ssl=1\" style=\"border: 0px;margin: 0px;padding: 0px;max-width: 100%;vertical-align: middle\"><img data-recalc-dims=\"1\" decoding=\"async\" src=\"https:\/\/i0.wp.com\/ae01.alicdn.com\/kf\/S2f94415d887e4c21beba684e514247ffM.jpg?ssl=1\" style=\"border: 0px;margin: 0px;padding: 0px;max-width: 100%;vertical-align: middle\"><span>\u00a0<\/span><img data-recalc-dims=\"1\" decoding=\"async\" src=\"https:\/\/i0.wp.com\/ae01.alicdn.com\/kf\/S56f08f975bcc4f2a97b7d1949a65c1622.jpg?ssl=1\" style=\"border: 0px;margin: 0px;padding: 0px;max-width: 100%;vertical-align: middle\"><\/p>\n<\/div>\n<\/div>\n<p><\/div>\n<\/div>\n<\/div>\n<\/div>\n<\/div>\n<\/div>\n<\/div>\n<\/div>\n","protected":false},"excerpt":{"rendered":"<p><br data-mce-bogus=\"1\"><\/p>\n","protected":false},"featured_media":1351,"comment_status":"open","ping_status":"closed","template":"","meta":{"_uag_custom_page_level_css":"","site-container-style":"default","site-container-layout":"default","site-sidebar-layout":"default","disable-article-header":"default","disable-site-header":"default","disable-site-footer":"default","disable-content-area-spacing":"default"},"product_brand":[],"product_cat":[27,24,26],"product_tag":[],"class_list":{"0":"post-1352","1":"product","2":"type-product","3":"status-publish","4":"has-post-thumbnail","6":"product_cat-holiday","7":"product_cat-plus-size","8":"product_cat-tops","10":"first","11":"instock","12":"shipping-taxable","13":"product-type-external"},"uagb_featured_image_src":{"full":["https:\/\/mychoice.social\/wp-content\/uploads\/2025\/10\/S32865b290c564e1ea49c3a6baf3d5e69v.jpg_350x350.avif",350,350,false],"thumbnail":["https:\/\/mychoice.social\/wp-content\/uploads\/2025\/10\/S32865b290c564e1ea49c3a6baf3d5e69v.jpg_350x350-150x150.avif",150,150,true],"medium":["https:\/\/mychoice.social\/wp-content\/uploads\/2025\/10\/S32865b290c564e1ea49c3a6baf3d5e69v.jpg_350x350-300x300.avif",300,300,true],"medium_large":["https:\/\/mychoice.social\/wp-content\/uploads\/2025\/10\/S32865b290c564e1ea49c3a6baf3d5e69v.jpg_350x350.avif",350,350,false],"large":["https:\/\/mychoice.social\/wp-content\/uploads\/2025\/10\/S32865b290c564e1ea49c3a6baf3d5e69v.jpg_350x350.avif",350,350,false],"1536x1536":["https:\/\/mychoice.social\/wp-content\/uploads\/2025\/10\/S32865b290c564e1ea49c3a6baf3d5e69v.jpg_350x350.avif",350,350,false],"2048x2048":["https:\/\/mychoice.social\/wp-content\/uploads\/2025\/10\/S32865b290c564e1ea49c3a6baf3d5e69v.jpg_350x350.avif",350,350,false],"woocommerce_thumbnail":["https:\/\/mychoice.social\/wp-content\/uploads\/2025\/10\/S32865b290c564e1ea49c3a6baf3d5e69v.jpg_350x350-300x300.avif",300,300,true],"woocommerce_single":["https:\/\/mychoice.social\/wp-content\/uploads\/2025\/10\/S32865b290c564e1ea49c3a6baf3d5e69v.jpg_350x350.avif",350,350,false],"woocommerce_gallery_thumbnail":["https:\/\/mychoice.social\/wp-content\/uploads\/2025\/10\/S32865b290c564e1ea49c3a6baf3d5e69v.jpg_350x350-100x100.avif",100,100,true]},"uagb_author_info":{"display_name":"MyChoice","author_link":"https:\/\/mychoice.social\/index.php\/author\/"},"uagb_comment_info":0,"uagb_excerpt":null,"jetpack_sharing_enabled":true,"_links":{"self":[{"href":"https:\/\/mychoice.social\/index.php\/wp-json\/wp\/v2\/product\/1352","targetHints":{"allow":["GET"]}}],"collection":[{"href":"https:\/\/mychoice.social\/index.php\/wp-json\/wp\/v2\/product"}],"about":[{"href":"https:\/\/mychoice.social\/index.php\/wp-json\/wp\/v2\/types\/product"}],"replies":[{"embeddable":true,"href":"https:\/\/mychoice.social\/index.php\/wp-json\/wp\/v2\/comments?post=1352"}],"wp:featuredmedia":[{"embeddable":true,"href":"https:\/\/mychoice.social\/index.php\/wp-json\/wp\/v2\/media\/1351"}],"wp:attachment":[{"href":"https:\/\/mychoice.social\/index.php\/wp-json\/wp\/v2\/media?parent=1352"}],"wp:term":[{"taxonomy":"product_brand","embeddable":true,"href":"https:\/\/mychoice.social\/index.php\/wp-json\/wp\/v2\/product_brand?post=1352"},{"taxonomy":"product_cat","embeddable":true,"href":"https:\/\/mychoice.social\/index.php\/wp-json\/wp\/v2\/product_cat?post=1352"},{"taxonomy":"product_tag","embeddable":true,"href":"https:\/\/mychoice.social\/index.php\/wp-json\/wp\/v2\/product_tag?post=1352"}],"curies":[{"name":"wp","href":"https:\/\/api.w.org\/{rel}","templated":true}]}}