{"id":1367,"date":"2026-02-16T13:08:42","date_gmt":"2026-02-16T13:08:42","guid":{"rendered":"https:\/\/mychoice.social\/index.php\/product\/kit-dapprentissage-de-vie-iot-intelligent-kidsbits-60-projets-pour-arduino-uno-r4\/"},"modified":"2026-02-16T13:08:42","modified_gmt":"2026-02-16T13:08:42","slug":"kit-dapprentissage-de-vie-iot-intelligent-kidsbits-60-projets-pour-arduino-uno-r4","status":"publish","type":"product","link":"https:\/\/mychoice.social\/index.php\/product\/kit-dapprentissage-de-vie-iot-intelligent-kidsbits-60-projets-pour-arduino-uno-r4\/","title":{"rendered":"Kit d&#8217;apprentissage de vie IOT intelligent Kidsbits + 60 projets pour Arduino UNO R4"},"content":{"rendered":"<div class=\"title--wrap--NWOaiSp description--title--NMh4UiD\">\n<div class=\"title--text--Otu0bLr\" style=\"margin: 0px;padding: 0px;cursor: default;height: 56px\">\n<h2 class=\"title--title--O6xcB1q\" data-spm-anchor-id=\"a2g0o.detail.0.i21.6c134Qem4QemtT\" style=\"font-size: 24px;margin: 0px\">Pr\u00e9sentation<\/h2>\n<\/div>\n<p><a class=\"description--report--_8LzMSh\" href=\"https:\/\/report.aliexpress.com\/health\/reportIndex.htm?product_id=1005009476619115\" target=\"_blank\" rel=\"nofollow noopener noreferrer\" data-aplus-clk=\"x1_a00948\" data-spm-anchor-id=\"a2g0o.detail.0.0\" style=\"background-color: transparent;cursor: pointer;margin: 0px;padding: 0px;font-size: 15px;font-weight: 700\">Signaler cet article<\/a><\/div>\n<div class=\"extend--wrap--yXwoDbO\">\n<div class=\"extend--content--VuIQZia\" style=\"margin: 0px;padding: 0px;overflow: hidden;position: relative\">\n<div style=\"margin: 0px;padding: 0px\">\n<div id=\"product-description\" data-spm=\"1000023\" class=\"description--product-description--Mjtql28\" data-pl=\"product-description\" style=\"margin: 0px;padding: 0px;max-width: 944px;overflow: hidden;position: relative\">\n<div style=\"margin: 0px;padding: 0px\">\n<div id=\"product-description\" class=\"product-description\" style=\"position: relative;max-width: 944px;overflow: hidden\">\n<div class=\"detailmodule_html\">\n<div class=\"detail-desc-decorate-richtext\">\n<p align=\"start\"><span><strong id=\"tl_1\">Remarque : liens comprenant deux choix, choisissez ORIGIANAL UNOR4 WIFI, le package est uniquement<\/strong><\/span><\/p>\n<p align=\"start\"><span><strong id=\"tl_2\">Carte WIFI UNOR4 uniquement.choisissez UNOR4 WIFI KIT, le package est un kit complet comme lien<\/strong><\/span><\/p>\n<p align=\"start\"><span><strong id=\"tl_3\">photos, merci!<\/strong><\/span><\/p>\n<p align=\"start\"><span id=\"tl_4\">Le kit de vie et d&#8217;apprentissage intelligent Keyestudio Arduino UNO R4 comprend de riches ressources, notamment plusieurs composants et capteurs \u00e9lectroniques, des didacticiels de projet d\u00e9taill\u00e9s et un service apr\u00e8s-vente de haute qualit\u00e9. Visant un apprentissage progressif de base \u00e0 avanc\u00e9, c&#8217;est un choix parfait pour les \u00e9tudiants, les \u00e9ducateurs et les passionn\u00e9s d&#8217;\u00e9lectronique.<\/span><\/p>\n<p align=\"start\"><img data-recalc-dims=\"1\" decoding=\"async\" src=\"https:\/\/i0.wp.com\/ae01.alicdn.com\/kf\/S3886eefcee7040fbb390aac8da9f019dX.jpg?ssl=1\" style=\"vertical-align: middle\"><img data-recalc-dims=\"1\" decoding=\"async\" src=\"https:\/\/i0.wp.com\/ae01.alicdn.com\/kf\/S8faa181f3f8342f1a2261673c7b29088D.jpg?ssl=1\" style=\"vertical-align: middle\"><img data-recalc-dims=\"1\" decoding=\"async\" src=\"https:\/\/i0.wp.com\/ae01.alicdn.com\/kf\/Sb768fbe897a14ef7aecd3062750d3c8bD.jpg?ssl=1\" style=\"vertical-align: middle\"><img data-recalc-dims=\"1\" decoding=\"async\" src=\"https:\/\/i0.wp.com\/ae01.alicdn.com\/kf\/S14b072a8e0a04765b09dbb4d85d9ae08i.jpg?ssl=1\" style=\"vertical-align: middle\"><img data-recalc-dims=\"1\" decoding=\"async\" src=\"https:\/\/i0.wp.com\/ae01.alicdn.com\/kf\/S974bb1cc772d47189d62732dd5581da1P.jpg?ssl=1\" style=\"vertical-align: middle\"><\/p>\n<p align=\"start\"><img data-recalc-dims=\"1\" decoding=\"async\" src=\"https:\/\/i0.wp.com\/ae01.alicdn.com\/kf\/Sc27b6c4653254a9592a199622974e6e56.jpg?ssl=1\" style=\"vertical-align: middle\"><img data-recalc-dims=\"1\" decoding=\"async\" src=\"https:\/\/i0.wp.com\/ae01.alicdn.com\/kf\/Sa894df7133ff4995b95395d0471af131b.jpg?ssl=1\" style=\"vertical-align: middle\"><img data-recalc-dims=\"1\" decoding=\"async\" src=\"https:\/\/i0.wp.com\/ae01.alicdn.com\/kf\/Sa1296edcc7874461ae8563c2d3582347i.jpg?ssl=1\" style=\"vertical-align: middle\"><img data-recalc-dims=\"1\" decoding=\"async\" src=\"https:\/\/i0.wp.com\/ae01.alicdn.com\/kf\/S49656e0df713491fa90dccc6605332a57.jpg?ssl=1\" style=\"vertical-align: middle\"><img data-recalc-dims=\"1\" decoding=\"async\" src=\"https:\/\/i0.wp.com\/ae01.alicdn.com\/kf\/S3ad438eaf1794977b0a4542b15614ecaA.jpg?ssl=1\" style=\"vertical-align: middle\"><img data-recalc-dims=\"1\" loading=\"lazy\" decoding=\"async\" width=\"944\" height=\"944\" src=\"https:\/\/i0.wp.com\/ae01.alicdn.com\/kf\/Sc15b64f9b61946c2bb891da0fe4e5f82H.jpg?resize=944%2C944&#038;ssl=1\" style=\"vertical-align: middle\"><img data-recalc-dims=\"1\" decoding=\"async\" src=\"https:\/\/i0.wp.com\/ae01.alicdn.com\/kf\/S10424d016d0e4aeab39fe3906a6d9decW.jpg?ssl=1\" style=\"vertical-align: middle\"><img data-recalc-dims=\"1\" decoding=\"async\" src=\"https:\/\/i0.wp.com\/ae01.alicdn.com\/kf\/S4df66e4f200f42e38eb7ce98ce46aaecp.jpg?ssl=1\" style=\"vertical-align: middle\"><img data-recalc-dims=\"1\" decoding=\"async\" src=\"https:\/\/i0.wp.com\/ae01.alicdn.com\/kf\/S1e499c5ee0144d30948ed50c53560e74G.jpg?ssl=1\" style=\"vertical-align: middle\"><img data-recalc-dims=\"1\" decoding=\"async\" src=\"https:\/\/i0.wp.com\/ae01.alicdn.com\/kf\/S0fefc0f8e08544f2ae55c6fb20f29740f.jpg?ssl=1\" style=\"vertical-align: middle\"><img data-recalc-dims=\"1\" decoding=\"async\" src=\"https:\/\/i0.wp.com\/ae01.alicdn.com\/kf\/S1cde712e66984955a1d86c154b64df083.jpg?ssl=1\" style=\"vertical-align: middle\"><img data-recalc-dims=\"1\" decoding=\"async\" src=\"https:\/\/i0.wp.com\/ae01.alicdn.com\/kf\/S86498fe5132e446cb851938b3c814b9ea.jpg?ssl=1\" style=\"vertical-align: middle\"><img data-recalc-dims=\"1\" decoding=\"async\" src=\"https:\/\/i0.wp.com\/ae01.alicdn.com\/kf\/S7708599036764dbfa115bc030c428781X.jpg?ssl=1\" style=\"vertical-align: middle\"><img data-recalc-dims=\"1\" decoding=\"async\" src=\"https:\/\/i0.wp.com\/ae01.alicdn.com\/kf\/S2fc54422afff4ba8842ae5d879539752Z.jpg?ssl=1\" style=\"vertical-align: middle\"><img data-recalc-dims=\"1\" decoding=\"async\" src=\"https:\/\/i0.wp.com\/ae01.alicdn.com\/kf\/S7f37bdef3c31480fa2e3ff744917d452z.jpg?ssl=1\" style=\"vertical-align: middle\"><\/p>\n<\/div>\n<\/div>\n<\/div>\n<\/div>\n<\/div>\n<\/div>\n<\/div>\n<\/div>\n","protected":false},"excerpt":{"rendered":"<p><br data-mce-bogus=\"1\"><\/p>\n","protected":false},"featured_media":1366,"comment_status":"open","ping_status":"closed","template":"","meta":{"_uag_custom_page_level_css":"","site-container-style":"default","site-container-layout":"default","site-sidebar-layout":"default","disable-article-header":"default","disable-site-header":"default","disable-site-footer":"default","disable-content-area-spacing":"default"},"product_brand":[],"product_cat":[34],"product_tag":[],"class_list":{"0":"post-1367","1":"product","2":"type-product","3":"status-publish","4":"has-post-thumbnail","6":"product_cat-gadgets","8":"first","9":"instock","10":"shipping-taxable","11":"product-type-external"},"uagb_featured_image_src":{"full":["https:\/\/mychoice.social\/wp-content\/uploads\/2026\/02\/Sc27b6c4653254a9592a199622974e6e56.jpg_350x350.avif",350,350,false],"thumbnail":["https:\/\/mychoice.social\/wp-content\/uploads\/2026\/02\/Sc27b6c4653254a9592a199622974e6e56.jpg_350x350-150x150.avif",150,150,true],"medium":["https:\/\/mychoice.social\/wp-content\/uploads\/2026\/02\/Sc27b6c4653254a9592a199622974e6e56.jpg_350x350-300x300.avif",300,300,true],"medium_large":["https:\/\/mychoice.social\/wp-content\/uploads\/2026\/02\/Sc27b6c4653254a9592a199622974e6e56.jpg_350x350.avif",350,350,false],"large":["https:\/\/mychoice.social\/wp-content\/uploads\/2026\/02\/Sc27b6c4653254a9592a199622974e6e56.jpg_350x350.avif",350,350,false],"1536x1536":["https:\/\/mychoice.social\/wp-content\/uploads\/2026\/02\/Sc27b6c4653254a9592a199622974e6e56.jpg_350x350.avif",350,350,false],"2048x2048":["https:\/\/mychoice.social\/wp-content\/uploads\/2026\/02\/Sc27b6c4653254a9592a199622974e6e56.jpg_350x350.avif",350,350,false],"woocommerce_thumbnail":["https:\/\/mychoice.social\/wp-content\/uploads\/2026\/02\/Sc27b6c4653254a9592a199622974e6e56.jpg_350x350-300x300.avif",300,300,true],"woocommerce_single":["https:\/\/mychoice.social\/wp-content\/uploads\/2026\/02\/Sc27b6c4653254a9592a199622974e6e56.jpg_350x350.avif",350,350,false],"woocommerce_gallery_thumbnail":["https:\/\/mychoice.social\/wp-content\/uploads\/2026\/02\/Sc27b6c4653254a9592a199622974e6e56.jpg_350x350-100x100.avif",100,100,true]},"uagb_author_info":{"display_name":"Syed Yahya Baqeri","author_link":"https:\/\/mychoice.social\/index.php\/author\/"},"uagb_comment_info":0,"uagb_excerpt":null,"jetpack_sharing_enabled":true,"_links":{"self":[{"href":"https:\/\/mychoice.social\/index.php\/wp-json\/wp\/v2\/product\/1367","targetHints":{"allow":["GET"]}}],"collection":[{"href":"https:\/\/mychoice.social\/index.php\/wp-json\/wp\/v2\/product"}],"about":[{"href":"https:\/\/mychoice.social\/index.php\/wp-json\/wp\/v2\/types\/product"}],"replies":[{"embeddable":true,"href":"https:\/\/mychoice.social\/index.php\/wp-json\/wp\/v2\/comments?post=1367"}],"wp:featuredmedia":[{"embeddable":true,"href":"https:\/\/mychoice.social\/index.php\/wp-json\/wp\/v2\/media\/1366"}],"wp:attachment":[{"href":"https:\/\/mychoice.social\/index.php\/wp-json\/wp\/v2\/media?parent=1367"}],"wp:term":[{"taxonomy":"product_brand","embeddable":true,"href":"https:\/\/mychoice.social\/index.php\/wp-json\/wp\/v2\/product_brand?post=1367"},{"taxonomy":"product_cat","embeddable":true,"href":"https:\/\/mychoice.social\/index.php\/wp-json\/wp\/v2\/product_cat?post=1367"},{"taxonomy":"product_tag","embeddable":true,"href":"https:\/\/mychoice.social\/index.php\/wp-json\/wp\/v2\/product_tag?post=1367"}],"curies":[{"name":"wp","href":"https:\/\/api.w.org\/{rel}","templated":true}]}}