{"id":1371,"date":"2026-02-16T13:25:37","date_gmt":"2026-02-16T13:25:37","guid":{"rendered":"https:\/\/mychoice.social\/index.php\/product\/350-700-pieces-10-couleurs-autocollants-de-colle-a-points-colores\/"},"modified":"2026-02-16T13:25:37","modified_gmt":"2026-02-16T13:25:37","slug":"350-700-pieces-10-couleurs-autocollants-de-colle-a-points-colores","status":"publish","type":"product","link":"https:\/\/mychoice.social\/index.php\/product\/350-700-pieces-10-couleurs-autocollants-de-colle-a-points-colores\/","title":{"rendered":"350-700 pi\u00e8ces 10 couleurs autocollants de colle \u00e0 points color\u00e9s"},"content":{"rendered":"<div class=\"title--wrap--NWOaiSp description--title--NMh4UiD\">\n<div class=\"title--text--Otu0bLr\" style=\"margin: 0px;padding: 0px;cursor: default;height: 56px\">\n<h2 class=\"title--title--O6xcB1q\" style=\"font-size: 24px;margin: 0px\">Pr\u00e9sentation<\/h2>\n<\/div>\n<p><a class=\"description--report--_8LzMSh\" href=\"https:\/\/report.aliexpress.com\/health\/reportIndex.htm?product_id=1005009738142643\" target=\"_blank\" rel=\"nofollow noopener noreferrer\" data-aplus-clk=\"x1_1442bc7b\" data-spm-anchor-id=\"a2g0o.detail.0.0\" style=\"background-color: transparent;cursor: pointer;margin: 0px;padding: 0px;font-size: 15px;font-weight: 700\">Signaler cet article<\/a><\/div>\n<div class=\"extend--wrap--yXwoDbO\">\n<div class=\"extend--content--VuIQZia\" style=\"margin: 0px;padding: 0px;overflow: hidden;position: relative\">\n<div style=\"margin: 0px;padding: 0px\">\n<div id=\"product-description\" data-spm=\"1000023\" class=\"description--product-description--Mjtql28\" data-pl=\"product-description\" style=\"margin: 0px;padding: 0px;max-width: 944px;overflow: hidden;position: relative\">\n<div style=\"margin: 0px;padding: 0px\">\n<div id=\"product-description\" class=\"product-description\" style=\"position: relative;max-width: 944px;overflow: hidden\">\n<div class=\"detailmodule_html\">\n<div class=\"detail-desc-decorate-richtext\">\n<div class=\"detailmodule_text\">\n<p class=\"detail-desc-decorate-content\" style=\"margin: 0px 0px 12px;line-height: 20px;font-family: OpenSans\"><span id=\"tl_1\">Taille : 2 cm <br \/>Liste de colisage : 5 feuilles\/350 pi\u00e8ces ; 10 feuilles\/700 pi\u00e8ces par paquet <\/p>\n<p>Caract\u00e9ristiques : <br \/>Autocollants ronds de 0,8 pouce. Chaque autocollant est fabriqu\u00e9 \u00e0 partir de papier de haute qualit\u00e9. Retirez simplement l&#8217;autocollant du rouleau et collez-le n&#8217;importe o\u00f9.Ils peuvent \u00eatre pos\u00e9s sur la plupart des surfaces propres et s\u00e8ches comme la c\u00e9ramique ou le plastique.L&#8217;autocollant apporte une touche douce \u00e0 un cadeau sp\u00e9cial que vous avez fait vous-m\u00eame.Id\u00e9al pour les produits de boulangerie, sceller des sacs ou des enveloppes lors d&#8217;occasions sp\u00e9ciales. <\/p>\n<p>Largement applicable : ces autocollants ronds autocollants conviennent aux entreprises de sacs \u00e0 provisions, aux d\u00e9taillants en ligne, aux boutiques et aux petits magasins pour consolider et am\u00e9liorer leurs relations avec les clients, qui peuvent \u00eatre coll\u00e9s sur des coffrets cadeaux, des enveloppes, des cartes cadeaux, des colis, des sacs en papier, cahiers, bureaux, murs, fen\u00eatres, etc.<\/span><\/p>\n<\/div>\n<div class=\"detailmodule_image\"><img data-recalc-dims=\"1\" decoding=\"async\" class=\"detail-desc-decorate-image\" src=\"https:\/\/i0.wp.com\/ae01.alicdn.com\/kf\/Sad7369a5637749e0ac81b74ff9bc8fd5z.jpg?ssl=1\" style=\"vertical-align: middle;margin-bottom: 10px\">\u00a0<img data-recalc-dims=\"1\" decoding=\"async\" class=\"detail-desc-decorate-image\" src=\"https:\/\/i0.wp.com\/ae01.alicdn.com\/kf\/Sbbbc013f77524c299811c60cb52fdce73.jpg?ssl=1\" style=\"vertical-align: middle\">\u00a0<img data-recalc-dims=\"1\" decoding=\"async\" class=\"detail-desc-decorate-image\" src=\"https:\/\/i0.wp.com\/ae01.alicdn.com\/kf\/S21068e490c5243b6bf8bb34bc3c3201fI.jpg?ssl=1\" style=\"vertical-align: middle\">\u00a0<img data-recalc-dims=\"1\" decoding=\"async\" class=\"detail-desc-decorate-image\" src=\"https:\/\/i0.wp.com\/ae01.alicdn.com\/kf\/Se60fc4fb7d014545bfd12636064c37e6X.jpg?ssl=1\" style=\"vertical-align: middle\">\u00a0<img data-recalc-dims=\"1\" decoding=\"async\" class=\"detail-desc-decorate-image\" src=\"https:\/\/i0.wp.com\/ae01.alicdn.com\/kf\/S9cf291427887427cb96e3a3ea704b150e.jpg?ssl=1\" style=\"vertical-align: middle\">\u00a0<img data-recalc-dims=\"1\" decoding=\"async\" class=\"detail-desc-decorate-image\" src=\"https:\/\/i0.wp.com\/ae01.alicdn.com\/kf\/S2335535eee374b22aa53695c81649ee2F.jpg?ssl=1\" style=\"vertical-align: middle\">\u00a0<img data-recalc-dims=\"1\" decoding=\"async\" class=\"detail-desc-decorate-image\" src=\"https:\/\/i0.wp.com\/ae01.alicdn.com\/kf\/Sba8c95181e0044f4a7ba9de075d1b5a02.jpg?ssl=1\" style=\"vertical-align: middle\">\u00a0<img data-recalc-dims=\"1\" decoding=\"async\" class=\"detail-desc-decorate-image\" src=\"https:\/\/i0.wp.com\/ae01.alicdn.com\/kf\/Sfab745534d6a49a9962c178d722896ffH.jpg?ssl=1\" style=\"vertical-align: middle\"><\/div>\n<p><\/p>\n<\/div>\n<\/div>\n<\/div>\n<\/div>\n<\/div>\n<\/div>\n<\/div>\n<\/div>\n","protected":false},"excerpt":{"rendered":"<p><br data-mce-bogus=\"1\"><\/p>\n","protected":false},"featured_media":1370,"comment_status":"open","ping_status":"closed","template":"","meta":{"_uag_custom_page_level_css":"","site-container-style":"default","site-container-layout":"default","site-sidebar-layout":"default","disable-article-header":"default","disable-site-header":"default","disable-site-footer":"default","disable-content-area-spacing":"default"},"product_brand":[],"product_cat":[34],"product_tag":[],"class_list":{"0":"post-1371","1":"product","2":"type-product","3":"status-publish","4":"has-post-thumbnail","6":"product_cat-gadgets","8":"first","9":"instock","10":"sale","11":"shipping-taxable","12":"product-type-external"},"uagb_featured_image_src":{"full":["https:\/\/mychoice.social\/wp-content\/uploads\/2026\/02\/Sad7369a5637749e0ac81b74ff9bc8fd5z.jpg_350x350.avif",350,350,false],"thumbnail":["https:\/\/mychoice.social\/wp-content\/uploads\/2026\/02\/Sad7369a5637749e0ac81b74ff9bc8fd5z.jpg_350x350-150x150.avif",150,150,true],"medium":["https:\/\/mychoice.social\/wp-content\/uploads\/2026\/02\/Sad7369a5637749e0ac81b74ff9bc8fd5z.jpg_350x350-300x300.avif",300,300,true],"medium_large":["https:\/\/mychoice.social\/wp-content\/uploads\/2026\/02\/Sad7369a5637749e0ac81b74ff9bc8fd5z.jpg_350x350.avif",350,350,false],"large":["https:\/\/mychoice.social\/wp-content\/uploads\/2026\/02\/Sad7369a5637749e0ac81b74ff9bc8fd5z.jpg_350x350.avif",350,350,false],"1536x1536":["https:\/\/mychoice.social\/wp-content\/uploads\/2026\/02\/Sad7369a5637749e0ac81b74ff9bc8fd5z.jpg_350x350.avif",350,350,false],"2048x2048":["https:\/\/mychoice.social\/wp-content\/uploads\/2026\/02\/Sad7369a5637749e0ac81b74ff9bc8fd5z.jpg_350x350.avif",350,350,false],"woocommerce_thumbnail":["https:\/\/mychoice.social\/wp-content\/uploads\/2026\/02\/Sad7369a5637749e0ac81b74ff9bc8fd5z.jpg_350x350-300x300.avif",300,300,true],"woocommerce_single":["https:\/\/mychoice.social\/wp-content\/uploads\/2026\/02\/Sad7369a5637749e0ac81b74ff9bc8fd5z.jpg_350x350.avif",350,350,false],"woocommerce_gallery_thumbnail":["https:\/\/mychoice.social\/wp-content\/uploads\/2026\/02\/Sad7369a5637749e0ac81b74ff9bc8fd5z.jpg_350x350-100x100.avif",100,100,true]},"uagb_author_info":{"display_name":"Syed Yahya Baqeri","author_link":"https:\/\/mychoice.social\/index.php\/author\/"},"uagb_comment_info":0,"uagb_excerpt":null,"jetpack_sharing_enabled":true,"_links":{"self":[{"href":"https:\/\/mychoice.social\/index.php\/wp-json\/wp\/v2\/product\/1371","targetHints":{"allow":["GET"]}}],"collection":[{"href":"https:\/\/mychoice.social\/index.php\/wp-json\/wp\/v2\/product"}],"about":[{"href":"https:\/\/mychoice.social\/index.php\/wp-json\/wp\/v2\/types\/product"}],"replies":[{"embeddable":true,"href":"https:\/\/mychoice.social\/index.php\/wp-json\/wp\/v2\/comments?post=1371"}],"wp:featuredmedia":[{"embeddable":true,"href":"https:\/\/mychoice.social\/index.php\/wp-json\/wp\/v2\/media\/1370"}],"wp:attachment":[{"href":"https:\/\/mychoice.social\/index.php\/wp-json\/wp\/v2\/media?parent=1371"}],"wp:term":[{"taxonomy":"product_brand","embeddable":true,"href":"https:\/\/mychoice.social\/index.php\/wp-json\/wp\/v2\/product_brand?post=1371"},{"taxonomy":"product_cat","embeddable":true,"href":"https:\/\/mychoice.social\/index.php\/wp-json\/wp\/v2\/product_cat?post=1371"},{"taxonomy":"product_tag","embeddable":true,"href":"https:\/\/mychoice.social\/index.php\/wp-json\/wp\/v2\/product_tag?post=1371"}],"curies":[{"name":"wp","href":"https:\/\/api.w.org\/{rel}","templated":true}]}}