{"id":1373,"date":"2026-02-16T13:35:29","date_gmt":"2026-02-16T13:35:29","guid":{"rendered":"https:\/\/mychoice.social\/index.php\/product\/keyestudio-kit-de-suivi-de-panneau-solaire-systeme\/"},"modified":"2026-02-16T13:35:30","modified_gmt":"2026-02-16T13:35:30","slug":"keyestudio-kit-de-suivi-de-panneau-solaire-systeme","status":"publish","type":"product","link":"https:\/\/mychoice.social\/index.php\/product\/keyestudio-kit-de-suivi-de-panneau-solaire-systeme\/","title":{"rendered":"Keyestudio Kit de suivi de panneau solaire syst\u00e8me"},"content":{"rendered":"<div class=\"title--wrap--NWOaiSp description--title--NMh4UiD\" style=\"margin: 0px;padding: 0px;height: 56px;line-height: 56px;justify-content: space-between\">\n<div class=\"title--text--Otu0bLr\" style=\"margin: 0px;padding: 0px;cursor: default;height: 56px\">\n<h2 class=\"title--title--O6xcB1q\" style=\"font-size: 24px;margin: 0px\">Pr\u00e9sentation<\/h2>\n<\/div>\n<p><a class=\"description--report--_8LzMSh\" href=\"https:\/\/report.aliexpress.com\/health\/reportIndex.htm?product_id=1005005989225681\" target=\"_blank\" rel=\"nofollow noopener noreferrer\" data-aplus-clk=\"x1_59dabc2f\" data-spm-anchor-id=\"a2g0o.detail.0.0\" style=\"background-color: transparent;cursor: pointer;margin: 0px;padding: 0px;font-size: 15px;font-weight: 700\">Signaler cet article<\/a><\/div>\n<div class=\"extend--wrap--yXwoDbO\" data-spm-anchor-id=\"a2g0o.detail.0.i11.610ah2yPh2yP6z\" style=\"margin: 0px;padding: 0px;position: relative\">\n<div class=\"extend--content--VuIQZia\" style=\"margin: 0px;padding: 0px;overflow: hidden;position: relative\">\n<div style=\"margin: 0px;padding: 0px\">\n<div id=\"product-description\" data-spm=\"1000023\" class=\"description--product-description--Mjtql28\" data-pl=\"product-description\" style=\"margin: 0px;padding: 0px;max-width: 944px;overflow: hidden;position: relative\">\n<div style=\"margin: 0px;padding: 0px\">\n<div id=\"product-description\" class=\"product-description\" style=\"position: relative;max-width: 944px;overflow: hidden\">\n<div class=\"detailmodule_html\">\n<div class=\"detail-desc-decorate-richtext\">\n<div class=\"detailmodule_html\">\n<div class=\"detail-desc-decorate-richtext\">\n<div>\n<div>\n<div>\n<div>\n<div><\/div>\n<div>\u00a0<\/div>\n<div><img data-recalc-dims=\"1\" decoding=\"async\" src=\"https:\/\/i0.wp.com\/ae01.alicdn.com\/kf\/S4776a594a60f4711a7865533630c467e2.jpg?ssl=1\" style=\"vertical-align: middle\"><\/div>\n<div><\/div>\n<\/div>\n<\/div>\n<div>\n<div>\n<div>\n<div>\n<p style=\"margin: 0px;line-height: inherit\"><span style=\"max-width: 100%;font-size: 26px\">Remarque : ce kit n&#8217;a pas de batterie 18650.<\/span><\/p>\n<p style=\"margin: 0px;line-height: inherit\"><\/p>\n<p style=\"margin: 0px;line-height: inherit\"><strong><span>Description<\/span><\/strong><\/p>\n<p style=\"margin: 0px;line-height: inherit\"><span>Le kit de suivi solaire lanc\u00e9 par KEYES est bas\u00e9 sur Arduino.Il se compose de 4 capteurs de lumi\u00e8re ambiante, de 2 servos DOF, d&#8217;un panneau solaire, etc., visant \u00e0 convertir l&#8217;\u00e9nergie lumineuse en \u00e9nergie \u00e9lectronique et \u00e0 charger des appareils.<\/span><\/p>\n<p style=\"margin: 0px;line-height: inherit\"><span>Il dispose d&#8217;un module de chargement de t\u00e9l\u00e9phone intelligent, d&#8217;un capteur de temp\u00e9rature et d&#8217;humidit\u00e9, d&#8217;un capteur de lumi\u00e8re BH1750, d&#8217;un buzzer, d&#8217;un \u00e9cran LCD1602, d&#8217;un module \u00e0 bouton-poussoir, d&#8217;un module LED et autres, enrichissant le tutoriel et rendant les projets plus int\u00e9ressants.<\/span><\/p>\n<p style=\"margin: 0px;line-height: inherit\"><span>Ce kit peut non seulement aider les enfants \u00e0 mieux apprendre la programmation, mais \u00e9galement \u00e0 acqu\u00e9rir des connaissances sur l&#8217;\u00e9lectronique, les machines, le contr\u00f4le de la logique et les sciences informatiques.<\/span><\/p>\n<p style=\"margin: 0px;line-height: inherit\"><span>De plus, il s\u2019agit d\u2019un dispositif de programmation open source rentable.Seules quelques \u00e9tapes simples sont n\u00e9cessaires pour l&#8217;installer et le c\u00e2bler, tr\u00e8s simple et pratique.<\/span><\/p>\n<p style=\"margin: 0px;line-height: inherit\"><span>Il y a 11 projets inclus, du simple au complexe, qui vous guident \u00e9tape par \u00e9tape.Vous pouvez soit commencer par ceux de base comme apprendre \u00e0 contr\u00f4ler un module de signal ou un capteur, soit viser un module de signal plus sophistiqu\u00e9, celui qui int\u00e8gre la plupart de ces composants.<\/span><\/p>\n<p style=\"margin: 0px;line-height: inherit\"><span>De plus, vous pouvez \u00e9galement modifier le code ou le connecter \u00e0 d&#8217;autres capteurs ou modules via les pi\u00e8ces Lego r\u00e9serv\u00e9es pour mener vos propres exp\u00e9riences.<\/span><\/p>\n<p style=\"margin: 0px;line-height: inherit\"><span>Maintenant, embarquons ensemble pour un excellent voyage.<\/span><\/p>\n<p style=\"margin: 0px;line-height: inherit\"><\/p>\n<p style=\"margin: 0px;line-height: inherit\"><\/p>\n<p style=\"margin: 0px;line-height: inherit\"><strong><span>Caract\u00e9ristiques<\/span><\/strong><\/p>\n<p style=\"margin: 0px;line-height: inherit\"><span>1. Fonctions multiples : suit automatiquement la lumi\u00e8re, lit la temp\u00e9rature, l&#8217;humidit\u00e9 et l&#8217;intensit\u00e9 lumineuse, contr\u00f4le des boutons, \u00e9cran LCD 1602 et charge par \u00e9nergie solaire ;<\/span><\/p>\n<p style=\"margin: 0px;line-height: inherit\"><span>2. Facile \u00e0 construire : ins\u00e9rez dans la prise Lego pour l&#8217;installer et pas besoin de fixer avec des vis et des \u00e9crous ou un circuit de soudure ; \u00e9galement facile \u00e0 d\u00e9monter ;<\/span><\/p>\n<p style=\"margin: 0px;line-height: inherit\"><span>3. Style novateur : adoptez des panneaux acryliques et des piliers en cuivre ; capteurs ou modules connect\u00e9s aux panneaux acryliques via des prises Lego ; Les modules LCD 1602 et les panneaux solaires y ajoutent des technologies ;<\/span><\/p>\n<p style=\"margin: 0px;line-height: inherit\"><span>4. Extension \u00e9lev\u00e9e : pr\u00e9serve les ports IIC, UART, SPI et Lego, et \u00e9tendre d&#8217;autres capteurs et modules ;<\/span><\/p>\n<p style=\"margin: 0px;line-height: inherit\"><span>5.Programmation de base : programme en langue C avec Arduino IDE.<\/span><\/p>\n<p style=\"margin: 0px;line-height: inherit\"><\/p>\n<p style=\"margin: 0px;line-height: inherit\"><\/p>\n<p style=\"margin: 0px;line-height: inherit\"><strong><span>Param\u00e8tres<\/span><\/strong><\/p>\n<p style=\"margin: 0px;line-height: inherit\"><span>Tension de fonctionnement : 5 V<\/span><\/p>\n<p style=\"margin: 0px;line-height: inherit\"><span>Tension d&#8217;entr\u00e9e : 3,7 V<\/span><\/p>\n<p style=\"margin: 0px;line-height: inherit\"><span>Courant de sortie maximum : 1,5 A<\/span><\/p>\n<p style=\"margin: 0px;line-height: inherit\"><span>Dissipation de puissance maximale : 7,5 W<\/span><\/p>\n<p style=\"margin: 0px;line-height: inherit\"><\/p>\n<p style=\"margin: 0px;line-height: inherit\"><span>Lien de t\u00e9l\u00e9chargement des ressources :<\/span><span>https:\/\/fs.keyestudio.com\/KS0530<\/span><\/p>\n<p style=\"margin: 0px;line-height: inherit\"><\/p>\n<p style=\"margin: 0px;line-height: inherit\"><img data-recalc-dims=\"1\" decoding=\"async\" src=\"https:\/\/i0.wp.com\/ae01.alicdn.com\/kf\/H97154c0359f14817b0d5366434fc7e94m.jpg?ssl=1\" style=\"vertical-align: middle\"><img data-recalc-dims=\"1\" decoding=\"async\" src=\"https:\/\/i0.wp.com\/ae01.alicdn.com\/kf\/H7976074ffaee49b598a31270d1ced2ccF.jpg?ssl=1\" style=\"vertical-align: middle\"><img data-recalc-dims=\"1\" decoding=\"async\" src=\"https:\/\/i0.wp.com\/ae04.alicdn.com\/kf\/U79d6929a10d044339dc147d2a2a71185k.jpg?ssl=1\" style=\"vertical-align: middle\"><img data-recalc-dims=\"1\" decoding=\"async\" src=\"https:\/\/i0.wp.com\/ae01.alicdn.com\/kf\/S8a94bcb2e15b435c82f766c61b5aaf56e.jpg?ssl=1\" style=\"vertical-align: middle\"><img data-recalc-dims=\"1\" decoding=\"async\" src=\"https:\/\/i0.wp.com\/ae01.alicdn.com\/kf\/H98e8a8d0f4fe418389b0f1762450d466h.jpg?ssl=1\" style=\"vertical-align: middle\"><img data-recalc-dims=\"1\" decoding=\"async\" src=\"https:\/\/i0.wp.com\/ae01.alicdn.com\/kf\/H8ba29d516ca044d899572cab2256a485V.jpg?ssl=1\" style=\"vertical-align: middle\"><img data-recalc-dims=\"1\" decoding=\"async\" src=\"https:\/\/i0.wp.com\/ae01.alicdn.com\/kf\/Hbae5f7b6ed98424296b7a5509a75ff37X.jpg?ssl=1\" style=\"vertical-align: middle\"><img data-recalc-dims=\"1\" decoding=\"async\" src=\"https:\/\/i0.wp.com\/ae01.alicdn.com\/kf\/H2a48e10ce78a4acfa44216471e15c3d00.jpg?ssl=1\" style=\"vertical-align: middle\"><img data-recalc-dims=\"1\" decoding=\"async\" src=\"https:\/\/i0.wp.com\/ae01.alicdn.com\/kf\/H50af6129f97d45e7aaf8b7a58cb16a94f.jpg?ssl=1\" style=\"vertical-align: middle\"><img data-recalc-dims=\"1\" decoding=\"async\" src=\"https:\/\/i0.wp.com\/ae01.alicdn.com\/kf\/Hae509559a4054bfd9b550857b3397622H.jpg?ssl=1\" style=\"vertical-align: middle\"><img data-recalc-dims=\"1\" decoding=\"async\" src=\"https:\/\/i0.wp.com\/ae01.alicdn.com\/kf\/H63f54c666d984d04bf8fc3db69865c52Y.jpg?ssl=1\" style=\"vertical-align: middle\"><img data-recalc-dims=\"1\" decoding=\"async\" src=\"https:\/\/i0.wp.com\/ae01.alicdn.com\/kf\/Heb64368bb52d4f29b0a429b01edc680d7.jpg?ssl=1\" style=\"vertical-align: middle\"><img data-recalc-dims=\"1\" decoding=\"async\" src=\"https:\/\/i0.wp.com\/ae01.alicdn.com\/kf\/H6fcd2162563542848bafa38a12442e7ep.jpg?ssl=1\" style=\"vertical-align: middle\"><img data-recalc-dims=\"1\" decoding=\"async\" src=\"https:\/\/i0.wp.com\/ae01.alicdn.com\/kf\/H58c097f40a844b23bb0266d25b030c89W.jpg?ssl=1\" style=\"vertical-align: middle\"><img data-recalc-dims=\"1\" decoding=\"async\" src=\"https:\/\/i0.wp.com\/ae01.alicdn.com\/kf\/H24c2c7ba6ec7447792d3af9b5825d2e3b.jpg?ssl=1\" style=\"vertical-align: middle\"><img data-recalc-dims=\"1\" decoding=\"async\" src=\"https:\/\/i0.wp.com\/ae01.alicdn.com\/kf\/H4430f7df996f4654a65e0c2dfde712b0J.jpg?ssl=1\" style=\"vertical-align: middle\"><\/p>\n<\/div>\n<\/div>\n<div><\/div>\n<div style=\"margin: 10px auto 0px;max-width: 100%\"><\/div>\n<div style=\"margin: 10px auto 0px;max-width: 100%\"><img data-recalc-dims=\"1\" decoding=\"async\" src=\"https:\/\/i0.wp.com\/ae01.alicdn.com\/kf\/Se330ed85139c4ac781e9114e6bf6d464V.jpg?ssl=1\" style=\"vertical-align: middle\"><img data-recalc-dims=\"1\" decoding=\"async\" src=\"https:\/\/i0.wp.com\/ae01.alicdn.com\/kf\/Sb564968e4fe849d8a4d59627c63a03a7j.jpg?ssl=1\" style=\"vertical-align: middle\"><\/div>\n<\/div>\n<\/div>\n<div><\/div>\n<\/div>\n<\/div>\n<\/div>\n<\/div>\n<\/div>\n<\/div>\n<\/div>\n<\/div>\n<\/div>\n<\/div>\n<\/div>\n<\/div>\n","protected":false},"excerpt":{"rendered":"<p><br data-mce-bogus=\"1\"><\/p>\n","protected":false},"featured_media":1372,"comment_status":"open","ping_status":"closed","template":"","meta":{"_uag_custom_page_level_css":"","site-container-style":"default","site-container-layout":"default","site-sidebar-layout":"default","disable-article-header":"default","disable-site-header":"default","disable-site-footer":"default","disable-content-area-spacing":"default"},"product_brand":[],"product_cat":[34],"product_tag":[],"class_list":{"0":"post-1373","1":"product","2":"type-product","3":"status-publish","4":"has-post-thumbnail","6":"product_cat-gadgets","8":"first","9":"instock","10":"sale","11":"shipping-taxable","12":"product-type-external"},"uagb_featured_image_src":{"full":["https:\/\/mychoice.social\/wp-content\/uploads\/2026\/02\/S271ce4236c2747e59b77fcfdc544cf7b8.jpg_350x350.avif",350,350,false],"thumbnail":["https:\/\/mychoice.social\/wp-content\/uploads\/2026\/02\/S271ce4236c2747e59b77fcfdc544cf7b8.jpg_350x350-150x150.avif",150,150,true],"medium":["https:\/\/mychoice.social\/wp-content\/uploads\/2026\/02\/S271ce4236c2747e59b77fcfdc544cf7b8.jpg_350x350-300x300.avif",300,300,true],"medium_large":["https:\/\/mychoice.social\/wp-content\/uploads\/2026\/02\/S271ce4236c2747e59b77fcfdc544cf7b8.jpg_350x350.avif",350,350,false],"large":["https:\/\/mychoice.social\/wp-content\/uploads\/2026\/02\/S271ce4236c2747e59b77fcfdc544cf7b8.jpg_350x350.avif",350,350,false],"1536x1536":["https:\/\/mychoice.social\/wp-content\/uploads\/2026\/02\/S271ce4236c2747e59b77fcfdc544cf7b8.jpg_350x350.avif",350,350,false],"2048x2048":["https:\/\/mychoice.social\/wp-content\/uploads\/2026\/02\/S271ce4236c2747e59b77fcfdc544cf7b8.jpg_350x350.avif",350,350,false],"woocommerce_thumbnail":["https:\/\/mychoice.social\/wp-content\/uploads\/2026\/02\/S271ce4236c2747e59b77fcfdc544cf7b8.jpg_350x350-300x300.avif",300,300,true],"woocommerce_single":["https:\/\/mychoice.social\/wp-content\/uploads\/2026\/02\/S271ce4236c2747e59b77fcfdc544cf7b8.jpg_350x350.avif",350,350,false],"woocommerce_gallery_thumbnail":["https:\/\/mychoice.social\/wp-content\/uploads\/2026\/02\/S271ce4236c2747e59b77fcfdc544cf7b8.jpg_350x350-100x100.avif",100,100,true]},"uagb_author_info":{"display_name":"Syed Yahya Baqeri","author_link":"https:\/\/mychoice.social\/index.php\/author\/"},"uagb_comment_info":0,"uagb_excerpt":null,"jetpack_sharing_enabled":true,"_links":{"self":[{"href":"https:\/\/mychoice.social\/index.php\/wp-json\/wp\/v2\/product\/1373","targetHints":{"allow":["GET"]}}],"collection":[{"href":"https:\/\/mychoice.social\/index.php\/wp-json\/wp\/v2\/product"}],"about":[{"href":"https:\/\/mychoice.social\/index.php\/wp-json\/wp\/v2\/types\/product"}],"replies":[{"embeddable":true,"href":"https:\/\/mychoice.social\/index.php\/wp-json\/wp\/v2\/comments?post=1373"}],"wp:featuredmedia":[{"embeddable":true,"href":"https:\/\/mychoice.social\/index.php\/wp-json\/wp\/v2\/media\/1372"}],"wp:attachment":[{"href":"https:\/\/mychoice.social\/index.php\/wp-json\/wp\/v2\/media?parent=1373"}],"wp:term":[{"taxonomy":"product_brand","embeddable":true,"href":"https:\/\/mychoice.social\/index.php\/wp-json\/wp\/v2\/product_brand?post=1373"},{"taxonomy":"product_cat","embeddable":true,"href":"https:\/\/mychoice.social\/index.php\/wp-json\/wp\/v2\/product_cat?post=1373"},{"taxonomy":"product_tag","embeddable":true,"href":"https:\/\/mychoice.social\/index.php\/wp-json\/wp\/v2\/product_tag?post=1373"}],"curies":[{"name":"wp","href":"https:\/\/api.w.org\/{rel}","templated":true}]}}