{"id":1375,"date":"2026-02-16T13:38:58","date_gmt":"2026-02-16T13:38:58","guid":{"rendered":"https:\/\/mychoice.social\/index.php\/product\/keyestudio-kit-de-demarrage-de-maison-ecologique-intelligent\/"},"modified":"2026-02-16T13:38:58","modified_gmt":"2026-02-16T13:38:58","slug":"keyestudio-kit-de-demarrage-de-maison-ecologique-intelligent","status":"publish","type":"product","link":"https:\/\/mychoice.social\/index.php\/product\/keyestudio-kit-de-demarrage-de-maison-ecologique-intelligent\/","title":{"rendered":"Keyestudio-Kit de d\u00e9marrage de maison \u00e9cologique intelligent"},"content":{"rendered":"<div class=\"title--wrap--NWOaiSp description--title--NMh4UiD\">\n<div class=\"title--text--Otu0bLr\" style=\"margin: 0px;padding: 0px;cursor: default;height: 56px\">\n<h2 class=\"title--title--O6xcB1q\" style=\"font-size: 24px;margin: 0px\">Pr\u00e9sentation<\/h2>\n<\/div>\n<p><a class=\"description--report--_8LzMSh\" href=\"https:\/\/report.aliexpress.com\/health\/reportIndex.htm?product_id=1005006579168683\" target=\"_blank\" rel=\"nofollow noopener noreferrer\" data-aplus-clk=\"x1_50e887cd\" data-spm-anchor-id=\"a2g0o.detail.0.0\" style=\"background-color: transparent;cursor: pointer;margin: 0px;padding: 0px;font-size: 15px;font-weight: 700\">Signaler cet article<\/a><\/div>\n<div class=\"extend--wrap--yXwoDbO\">\n<div class=\"extend--content--VuIQZia\" style=\"margin: 0px;padding: 0px;overflow: hidden;position: relative\">\n<div style=\"margin: 0px;padding: 0px\">\n<div id=\"product-description\" data-spm=\"1000023\" class=\"description--product-description--Mjtql28\" data-pl=\"product-description\" style=\"margin: 0px;padding: 0px;max-width: 944px;overflow: hidden;position: relative\">\n<div style=\"margin: 0px;padding: 0px\">\n<div id=\"product-description\" class=\"product-description\" style=\"position: relative;max-width: 944px;overflow: hidden\">\n<div class=\"detailmodule_html\">\n<div class=\"detail-desc-decorate-richtext\"><\/p>\n<p style=\"margin: 0px;line-height: inherit\"><\/p>\n<p style=\"margin: 0px;line-height: inherit\"><\/p>\n<p style=\"margin: 0px;line-height: inherit\">\n<div style=\"max-width: 650px;overflow: hidden;font-size: 0px;clear: both\">\n<div style=\"vertical-align: top;width: 120px;padding: 10px 15px;margin: 10px 10px 0px 0px\"><a href=\"https:\/\/www.aliexpress.com\/item\/Keyestudio-Kit-de-d-marrage-de-maison-cologique-intelligent-support-Ardu37-pigments-C-kit-lectronique\/1005006579168683.html\" name=\"productDetailUrl\" style=\"vertical-align: middle;width: 120px;height: 120px;text-align: center;cursor: pointer\"><img data-recalc-dims=\"1\" decoding=\"async\" src=\"https:\/\/i0.wp.com\/ae01.alicdn.com\/kf\/Sd8ffe541326b4d489ca0beaaa1a59f1el.jpg_120x120.jpg?ssl=1\" style=\"max-width: 120px;vertical-align: middle;max-height: 120px;border: 0px none\"><\/a><span style=\"max-width: 100%;line-height: 14px;height: 28px;width: 120px;overflow: hidden;margin: 4px 0px;font-size: 11px\"><a href=\"https:\/\/www.aliexpress.com\/item\/Keyestudio-Kit-de-d-marrage-de-maison-cologique-intelligent-support-Ardu37-pigments-C-kit-lectronique\/1005006579168683.html\" title=\"Keyestudio-Kit de d\u00e9marrage de maison \u00e9cologique intelligent, support Ardu37, pigments C ++, kit \u00e9lectronique d'apprentissage bricolage\" name=\"productSubject\" style=\"cursor: pointer\">Keyestudio-Kit de d\u00e9marrage de maison \u00e9cologique intelligent, support Ardu37, pigments C ++, kit \u00e9lectronique d&#8217;apprentissage bricolage<\/a><\/span><span style=\"max-width: 100%;font-size: 12px;line-height: 1\"><span style=\"font-weight: 700\">USD 60.74<\/span>\/piece<\/span><\/div>\n<div style=\"vertical-align: top;width: 120px;padding: 10px 15px;margin: 10px 10px 0px 0px\"><a href=\"https:\/\/www.aliexpress.com\/item\/Keyestudio-Kit-de-d-marrage-IOT-Smart-Home-pigments-microchirurgie-tionn-s-kit-lectronique-de-bricolage\/1005004546685995.html\" name=\"productDetailUrl\" style=\"vertical-align: middle;width: 120px;height: 120px;text-align: center;cursor: pointer\"><img data-recalc-dims=\"1\" decoding=\"async\" src=\"https:\/\/i0.wp.com\/ae01.alicdn.com\/kf\/S48fe4efecb204134ac9f45100220a0a5O.jpg_120x120.jpg?ssl=1\" style=\"max-width: 120px;vertical-align: middle;max-height: 120px;border: 0px none\"><\/a><span style=\"max-width: 100%;line-height: 14px;height: 28px;width: 120px;overflow: hidden;margin: 4px 0px;font-size: 11px\"><a href=\"https:\/\/www.aliexpress.com\/item\/Keyestudio-Kit-de-d-marrage-IOT-Smart-Home-pigments-microchirurgie-tionn-s-kit-lectronique-de-bricolage\/1005004546685995.html\" title=\"Keyestudio-Kit de d\u00e9marrage IOT Smart Home, pigments microchirurgie tionn\u00e9s, kit \u00e9lectronique de bricolage, convient pour Ardu37ESP32 STEM dos\" name=\"productSubject\" style=\"cursor: pointer\">Keyestudio-Kit de d\u00e9marrage IOT Smart Home, pigments microchirurgie tionn\u00e9s, kit \u00e9lectronique de bricolage, convient pour Ardu37ESP32 STEM dos<\/a><\/span><span style=\"max-width: 100%;font-size: 12px;line-height: 1\"><span style=\"font-weight: 700\">USD 74.03<\/span>\/piece<\/span><\/div>\n<div style=\"vertical-align: top;width: 120px;padding: 10px 15px;margin: 10px 10px 0px 0px\"><a href=\"https:\/\/www.aliexpress.com\/item\/Keyestudio-Kit-de-ferme-intelligente-IOT-pour-Ardu37-pigments-gratter-capteur-de-bricolage-ensemble-STEM-dos\/1005007996610219.html\" name=\"productDetailUrl\" style=\"vertical-align: middle;width: 120px;height: 120px;text-align: center;cursor: pointer\"><img data-recalc-dims=\"1\" decoding=\"async\" src=\"https:\/\/i0.wp.com\/ae01.alicdn.com\/kf\/S8a749d3b36d54bc18b06ecaa8e17ec1es.jpg_120x120.jpg?ssl=1\" style=\"max-width: 120px;vertical-align: middle;max-height: 120px;border: 0px none\"><\/a><span style=\"max-width: 100%;line-height: 14px;height: 28px;width: 120px;overflow: hidden;margin: 4px 0px;font-size: 11px\"><a href=\"https:\/\/www.aliexpress.com\/item\/Keyestudio-Kit-de-ferme-intelligente-IOT-pour-Ardu37-pigments-gratter-capteur-de-bricolage-ensemble-STEM-dos\/1005007996610219.html\" title=\"Keyestudio-Kit de ferme intelligente IOT pour Ardu37, pigments \u00e0 gratter, capteur de bricolage, ensemble STEM dos, projets pour adultes et adolescents\" name=\"productSubject\" style=\"cursor: pointer\">Keyestudio-Kit de ferme intelligente IOT pour Ardu37, pigments \u00e0 gratter, capteur de bricolage, ensemble STEM dos, projets pour adultes et adolescents<\/a><\/span><span style=\"max-width: 100%;font-size: 12px;line-height: 1\"><span style=\"font-weight: 700\">USD 75.10<\/span>\/piece<\/span><\/div>\n<div style=\"vertical-align: top;width: 120px;padding: 10px 15px;margin: 10px 10px 0px 0px\"><a href=\"https:\/\/www.aliexpress.com\/item\/Kit-de-maison-intelligent-IOT-avec-carte-PLUS-pour-kit-de-d-marrage-Ardu37-pigments-STEM\/4000986931757.html\" name=\"productDetailUrl\" style=\"vertical-align: middle;width: 120px;height: 120px;text-align: center;cursor: pointer\"><img data-recalc-dims=\"1\" decoding=\"async\" src=\"https:\/\/i0.wp.com\/ae01.alicdn.com\/kf\/Sb7745400d4df4e8d80705f9a24af98b76.jpg_120x120.jpg?ssl=1\" style=\"max-width: 120px;vertical-align: middle;max-height: 120px;border: 0px none\"><\/a><span style=\"max-width: 100%;line-height: 14px;height: 28px;width: 120px;overflow: hidden;margin: 4px 0px;font-size: 11px\"><a href=\"https:\/\/www.aliexpress.com\/item\/Kit-de-maison-intelligent-IOT-avec-carte-PLUS-pour-kit-de-d-marrage-Ardu37-pigments-STEM\/4000986931757.html\" title=\"Kit de maison intelligent IOT avec carte PLUS pour kit de d\u00e9marrage Ardu37, pigments STEM, conforme CE, bricolage\" name=\"productSubject\" style=\"cursor: pointer\">Kit de maison intelligent IOT avec carte PLUS pour kit de d\u00e9marrage Ardu37, pigments STEM, conforme CE, bricolage<\/a><\/span><span style=\"max-width: 100%;font-size: 12px;line-height: 1\"><span style=\"font-weight: 700\">USD 63.06<\/span>\/piece<\/span><\/div>\n<div style=\"vertical-align: top;width: 120px;padding: 10px 15px;margin: 10px 10px 0px 0px\"><a href=\"https:\/\/www.aliexpress.com\/item\/Keyestudio-Kit-de-d-marrage-pour-maison-intelligente-Microbit-V2-kit-de-d-marrage-pour-BBC\/1005003134996175.html\" name=\"productDetailUrl\" style=\"vertical-align: middle;width: 120px;height: 120px;text-align: center;cursor: pointer\"><img data-recalc-dims=\"1\" decoding=\"async\" src=\"https:\/\/i0.wp.com\/ae01.alicdn.com\/kf\/Sfd14f40900604e2baebbefd700e9efd7c.jpg_120x120.jpg?ssl=1\" style=\"max-width: 120px;vertical-align: middle;max-height: 120px;border: 0px none\"><\/a><span style=\"max-width: 100%;line-height: 14px;height: 28px;width: 120px;overflow: hidden;margin: 4px 0px;font-size: 11px\"><a href=\"https:\/\/www.aliexpress.com\/item\/Keyestudio-Kit-de-d-marrage-pour-maison-intelligente-Microbit-V2-kit-de-d-marrage-pour-BBC\/1005003134996175.html\" title=\"Keyestudio-Kit de d\u00e9marrage pour maison intelligente Microbit V2, kit de d\u00e9marrage pour BBC Micro:Bit, bricolage STEM chirurgie tionn\u00e9 et Makecode, nouveau\" name=\"productSubject\" style=\"cursor: pointer\">Keyestudio-Kit de d\u00e9marrage pour maison intelligente Microbit V2, kit de d\u00e9marrage pour BBC Micro:Bit, bricolage STEM chirurgie tionn\u00e9 et Makecode, nouveau<\/a><\/span><span style=\"max-width: 100%;font-size: 12px;line-height: 1\"><span style=\"font-weight: 700\">USD 60.45-84.91<\/span>\/piece<\/span><\/div>\n<\/div>\n<p style=\"margin: 0px;line-height: inherit\"><a href=\"https:\/\/www.aliexpress.com\/item\/3256807675980879.html?pdp_npi=4%40dis%21USD%21US%20%2432.94%21US%20%2421.19%21%21%2132.94%2121.19%21%40213ca05117299253923444688e01e5%2112000042624340644%21sh%21US%21201129615%21X&amp;spm=a2g0o.store_pc_allItems_or_groupList.new_all_items_2007508637318.1005007862295631\" target=\"_self\" class=\"\"><img data-recalc-dims=\"1\" loading=\"lazy\" decoding=\"async\" width=\"944\" height=\"330\" src=\"https:\/\/i0.wp.com\/ae01.alicdn.com\/kf\/S2df2403f74fd488b98ca2a0aed84d395H.jpg?resize=944%2C330&#038;ssl=1\" style=\"vertical-align: middle\"><\/a><\/p>\n<p style=\"margin: 0px;line-height: inherit\"><\/p>\n<p style=\"margin: 0px;line-height: inherit\"><\/p>\n<p><\/p>\n<p style=\"margin: 0px;line-height: inherit\">\n<div class=\"detailmodule_media\">\n<div class=\"video-container-1100216028359 video-container-detail\" style=\"justify-content: center;align-items: center;width: 560px;height: 315px;position: relative;margin: auto\"><\/div>\n<\/div>\n<p><strong><span id=\"tl_1\">Keyestudio-Kit de d\u00e9marrage de maison intelligente et \u00e9cologique pour Arduino<\/span><\/strong><\/p>\n<p style=\"margin: 0px;line-height: inherit\">\n<p><\/p>\n<p style=\"margin: 0px;line-height: inherit\"><\/p>\n<p style=\"margin: 0px;line-height: inherit\"><\/p>\n<p style=\"margin: 0px;line-height: inherit\"><\/p>\n<p style=\"margin: 0px;line-height: inherit\"><\/p>\n<p style=\"margin: 0px;line-height: inherit\"><\/p>\n<div class=\"detailmodule_html\">\n<div class=\"detail-desc-decorate-richtext\">\n<p style=\"margin: 0px;line-height: inherit\"><span id=\"tl_2\">Bas\u00e9 sur le langage de programmation, le produit utilise plusieurs capteurs et modules pour r\u00e9aliser une gestion automatis\u00e9e et intelligente.<\/span><\/p>\n<p style=\"margin: 0px;line-height: inherit\"><span id=\"tl_3\">Les langages de programmation C\/C ++ et KidsBlock sont fournis dans des tutoriels, qui contiennent une introduction d\u00e9taill\u00e9e du projet, rendant la m\u00e9thode de programmation, la logique et le circuit \u00e9lectronique plus accessibles pour vous.<\/span><\/p>\n<p style=\"margin: 0px;line-height: inherit\"><span id=\"tl_4\">Fait important, il am\u00e9liore non seulement notre capacit\u00e9 pratique, mais cultive la conscience de l&#8217;innovation scientifique et technologique et de la capacit\u00e9 de r\u00e9solution de probl\u00e8mes, qui pr\u00e9sente une forte praticit\u00e9 et cr\u00e9ativit\u00e9.<\/span><\/p>\n<p style=\"margin: 0px;line-height: inherit\"><span id=\"tl_5\">En passant, les capteurs et les modules sont enti\u00e8rement compatibles avec les ports de la carte principale PLUS, et les fils sont pratiques et faciles \u00e0 utiliser.<\/span><\/p>\n<p style=\"margin: 0px;line-height: inherit\"><span id=\"tl_6\">Si vous avez des difficult\u00e9s ou des questions sur ce tutoriel et la bo\u00eete \u00e0 outils, n&#8217;h\u00e9sitez pas \u00e0 nous contacter.<\/span><\/p>\n<p style=\"margin: 0px;line-height: inherit\"><strong><span id=\"tl_7\">Caract\u00e9ristiques<\/span><\/strong><\/p>\n<ul style=\"margin-block-start: 1em\">\n<li>\n<p style=\"margin: 0px;line-height: inherit\"><span id=\"tl_8\">Int\u00e9grit\u00e9: Nous sommes en mesure d&#8217;apprendre plusieurs capteurs.<\/span><\/p>\n<\/li>\n<li>\n<p style=\"margin: 0px;line-height: inherit\"><span id=\"tl_9\">Praticabilit\u00e9: Les principes de fonctionnement d\u00e9taill\u00e9s des capteurs sont fournis.<\/span><\/p>\n<\/li>\n<li>\n<p style=\"margin: 0px;line-height: inherit\"><span id=\"tl_10\">Innovation: Le produit peut am\u00e9liorer notre capacit\u00e9 d&#8217;innovation scientifique et technologique et de r\u00e9solution de probl\u00e8mes.<\/span><\/p>\n<\/li>\n<li>\n<p style=\"margin: 0px;line-height: inherit\"><span id=\"tl_11\">Flexibilit\u00e9: la carte PLUS offre une bonne flexibilit\u00e9 et \u00e9volutivit\u00e9.<\/span><\/p>\n<\/li>\n<li>\n<p style=\"margin: 0px;line-height: inherit\"><span id=\"tl_12\">Interactivit\u00e9: La plateforme d&#8217;exp\u00e9rimentation et les communaut\u00e9s de communication peuvent \u00eatre utilis\u00e9es pour partager des exp\u00e9riences avec d&#8217;autres apprenants.<\/span><\/p>\n<\/li>\n<\/ul>\n<p style=\"margin: 0px;line-height: inherit\"><span><strong id=\"tl_13\">Tutoriel pour votre r\u00e9f\u00e9rence:<\/strong><\/span><a href=\"https:\/\/docs.keyestudio.com\/projects\/KS0576\/en\/latest\/\" target=\"_self\" class=\"\"><span><strong id=\"tl_14\">https:\/\/docs.keyestudio.com\/projects\/KS0576\/en\/latest\/<\/strong><\/span><\/a><\/p>\n<p style=\"margin: 0px;line-height: inherit\"><strong><i><span id=\"tl_15\">Si vous avez des questions, n&#8217;h\u00e9sitez pas \u00e0 nous contacter<\/span><\/i><\/strong><\/p>\n<p style=\"margin: 0px;line-height: inherit\"><img data-recalc-dims=\"1\" decoding=\"async\" src=\"https:\/\/i0.wp.com\/ae01.alicdn.com\/kf\/S3244b6f9b6b8499a8cacd9f363ce4d91w.jpg?ssl=1\" style=\"vertical-align: middle\"><img data-recalc-dims=\"1\" decoding=\"async\" src=\"https:\/\/i0.wp.com\/ae01.alicdn.com\/kf\/S1dcc584421794ff1b72020e3a75ed171B.jpg?ssl=1\" style=\"vertical-align: middle\"><img data-recalc-dims=\"1\" decoding=\"async\" src=\"https:\/\/i0.wp.com\/ae01.alicdn.com\/kf\/Sde666f17456a45a09d9ac502706f4c3cr.jpg?ssl=1\" style=\"vertical-align: middle\"><img data-recalc-dims=\"1\" decoding=\"async\" src=\"https:\/\/i0.wp.com\/ae01.alicdn.com\/kf\/Sbae442e5903f4271aea6f873f7930f4cw.jpg?ssl=1\" style=\"vertical-align: middle\"><img data-recalc-dims=\"1\" decoding=\"async\" src=\"https:\/\/i0.wp.com\/ae01.alicdn.com\/kf\/S31ba7e0320454a1eac809731265d52ba9.jpg?ssl=1\" style=\"vertical-align: middle\"><img data-recalc-dims=\"1\" decoding=\"async\" src=\"https:\/\/i0.wp.com\/ae01.alicdn.com\/kf\/S337194bf4d6c459f9b903c152ba92111T.jpg?ssl=1\" style=\"vertical-align: middle\"><img data-recalc-dims=\"1\" decoding=\"async\" src=\"https:\/\/i0.wp.com\/ae01.alicdn.com\/kf\/S8157c8949b53416e999d96484e15d4e7h.jpg?ssl=1\" style=\"vertical-align: middle\"><img data-recalc-dims=\"1\" decoding=\"async\" src=\"https:\/\/i0.wp.com\/ae01.alicdn.com\/kf\/S035ac190a4ee46febacf7548a8c1f5e5B.jpg?ssl=1\" style=\"vertical-align: middle\"><img data-recalc-dims=\"1\" decoding=\"async\" src=\"https:\/\/i0.wp.com\/ae01.alicdn.com\/kf\/S0b704fa5e9e24493b1c33249ab444f37t.jpg?ssl=1\" style=\"vertical-align: middle\"><img data-recalc-dims=\"1\" decoding=\"async\" src=\"https:\/\/i0.wp.com\/ae01.alicdn.com\/kf\/Scc90ca356adc4f358822bb82e87c915ci.jpg?ssl=1\" style=\"vertical-align: middle\"><img data-recalc-dims=\"1\" decoding=\"async\" src=\"https:\/\/i0.wp.com\/ae01.alicdn.com\/kf\/Sd689d40ea754497d809774564e0e6a76M.jpg?ssl=1\" style=\"vertical-align: middle\"><img data-recalc-dims=\"1\" decoding=\"async\" src=\"https:\/\/i0.wp.com\/ae01.alicdn.com\/kf\/S149d0b2157774aac978d0916674d7254C.jpg?ssl=1\" style=\"vertical-align: middle\"><img data-recalc-dims=\"1\" decoding=\"async\" src=\"https:\/\/i0.wp.com\/ae01.alicdn.com\/kf\/S7a0444f303454889871b783ac3aa5f14J.jpg?ssl=1\" style=\"vertical-align: middle\"><img data-recalc-dims=\"1\" decoding=\"async\" src=\"https:\/\/i0.wp.com\/ae01.alicdn.com\/kf\/S86fb5e37589c4914a87b63c060c6754d8.jpg?ssl=1\" style=\"vertical-align: middle\"><img data-recalc-dims=\"1\" decoding=\"async\" src=\"https:\/\/i0.wp.com\/ae01.alicdn.com\/kf\/Se874b5ed882e467188fc447927d856d7K.jpg?ssl=1\" style=\"vertical-align: middle\"><img data-recalc-dims=\"1\" decoding=\"async\" src=\"https:\/\/i0.wp.com\/ae01.alicdn.com\/kf\/S804c1e2dd9a94489b26c44d94d8aeee6u.jpg?ssl=1\" style=\"vertical-align: middle\"><img data-recalc-dims=\"1\" decoding=\"async\" src=\"https:\/\/i0.wp.com\/ae01.alicdn.com\/kf\/H329f4476ddb44f5a8009b0ff8a1a82419.jpg?ssl=1\" style=\"vertical-align: middle\"><img data-recalc-dims=\"1\" decoding=\"async\" src=\"https:\/\/i0.wp.com\/ae01.alicdn.com\/kf\/H610036a6db1c4827b825e17d5fd6159bo.jpg?ssl=1\" style=\"vertical-align: middle\"><\/p>\n<\/div>\n<\/div>\n<\/div>\n<\/div>\n<\/div>\n<\/div>\n<\/div>\n<\/div>\n<\/div>\n<\/div>\n","protected":false},"excerpt":{"rendered":"<p><br data-mce-bogus=\"1\"><\/p>\n","protected":false},"featured_media":1374,"comment_status":"open","ping_status":"closed","template":"","meta":{"_uag_custom_page_level_css":"","site-container-style":"default","site-container-layout":"default","site-sidebar-layout":"default","disable-article-header":"default","disable-site-header":"default","disable-site-footer":"default","disable-content-area-spacing":"default"},"product_brand":[],"product_cat":[34],"product_tag":[],"class_list":{"0":"post-1375","1":"product","2":"type-product","3":"status-publish","4":"has-post-thumbnail","6":"product_cat-gadgets","8":"first","9":"instock","10":"shipping-taxable","11":"product-type-external"},"uagb_featured_image_src":{"full":["https:\/\/mychoice.social\/wp-content\/uploads\/2026\/02\/Sd8ffe541326b4d489ca0beaaa1a59f1el.jpg_350x350.avif",350,350,false],"thumbnail":["https:\/\/mychoice.social\/wp-content\/uploads\/2026\/02\/Sd8ffe541326b4d489ca0beaaa1a59f1el.jpg_350x350-150x150.avif",150,150,true],"medium":["https:\/\/mychoice.social\/wp-content\/uploads\/2026\/02\/Sd8ffe541326b4d489ca0beaaa1a59f1el.jpg_350x350-300x300.avif",300,300,true],"medium_large":["https:\/\/mychoice.social\/wp-content\/uploads\/2026\/02\/Sd8ffe541326b4d489ca0beaaa1a59f1el.jpg_350x350.avif",350,350,false],"large":["https:\/\/mychoice.social\/wp-content\/uploads\/2026\/02\/Sd8ffe541326b4d489ca0beaaa1a59f1el.jpg_350x350.avif",350,350,false],"1536x1536":["https:\/\/mychoice.social\/wp-content\/uploads\/2026\/02\/Sd8ffe541326b4d489ca0beaaa1a59f1el.jpg_350x350.avif",350,350,false],"2048x2048":["https:\/\/mychoice.social\/wp-content\/uploads\/2026\/02\/Sd8ffe541326b4d489ca0beaaa1a59f1el.jpg_350x350.avif",350,350,false],"woocommerce_thumbnail":["https:\/\/mychoice.social\/wp-content\/uploads\/2026\/02\/Sd8ffe541326b4d489ca0beaaa1a59f1el.jpg_350x350-300x300.avif",300,300,true],"woocommerce_single":["https:\/\/mychoice.social\/wp-content\/uploads\/2026\/02\/Sd8ffe541326b4d489ca0beaaa1a59f1el.jpg_350x350.avif",350,350,false],"woocommerce_gallery_thumbnail":["https:\/\/mychoice.social\/wp-content\/uploads\/2026\/02\/Sd8ffe541326b4d489ca0beaaa1a59f1el.jpg_350x350-100x100.avif",100,100,true]},"uagb_author_info":{"display_name":"Syed Yahya Baqeri","author_link":"https:\/\/mychoice.social\/index.php\/author\/"},"uagb_comment_info":0,"uagb_excerpt":null,"jetpack_sharing_enabled":true,"_links":{"self":[{"href":"https:\/\/mychoice.social\/index.php\/wp-json\/wp\/v2\/product\/1375","targetHints":{"allow":["GET"]}}],"collection":[{"href":"https:\/\/mychoice.social\/index.php\/wp-json\/wp\/v2\/product"}],"about":[{"href":"https:\/\/mychoice.social\/index.php\/wp-json\/wp\/v2\/types\/product"}],"replies":[{"embeddable":true,"href":"https:\/\/mychoice.social\/index.php\/wp-json\/wp\/v2\/comments?post=1375"}],"wp:featuredmedia":[{"embeddable":true,"href":"https:\/\/mychoice.social\/index.php\/wp-json\/wp\/v2\/media\/1374"}],"wp:attachment":[{"href":"https:\/\/mychoice.social\/index.php\/wp-json\/wp\/v2\/media?parent=1375"}],"wp:term":[{"taxonomy":"product_brand","embeddable":true,"href":"https:\/\/mychoice.social\/index.php\/wp-json\/wp\/v2\/product_brand?post=1375"},{"taxonomy":"product_cat","embeddable":true,"href":"https:\/\/mychoice.social\/index.php\/wp-json\/wp\/v2\/product_cat?post=1375"},{"taxonomy":"product_tag","embeddable":true,"href":"https:\/\/mychoice.social\/index.php\/wp-json\/wp\/v2\/product_tag?post=1375"}],"curies":[{"name":"wp","href":"https:\/\/api.w.org\/{rel}","templated":true}]}}