{"id":1379,"date":"2026-02-16T13:47:43","date_gmt":"2026-02-16T13:47:43","guid":{"rendered":"https:\/\/mychoice.social\/index.php\/product\/acebott-5-dof-kit-de-bras-de-robot-intelligent-et-4-dof-esp32-robot\/"},"modified":"2026-02-16T13:47:43","modified_gmt":"2026-02-16T13:47:43","slug":"acebott-5-dof-kit-de-bras-de-robot-intelligent-et-4-dof-esp32-robot","status":"publish","type":"product","link":"https:\/\/mychoice.social\/index.php\/product\/acebott-5-dof-kit-de-bras-de-robot-intelligent-et-4-dof-esp32-robot\/","title":{"rendered":"ACEBOTT 5 DOF Kit de bras de Robot intelligent et 4 DOF ESP32 Robot"},"content":{"rendered":"<p><div class=\"split-line--wrap--dVhU29K\"><\/div>\n<\/p>\n<div class=\"description--wrap--LscZ0He\" id=\"nav-description\">\n<div class=\"title--wrap--NWOaiSp description--title--NMh4UiD\" style=\"margin: 0px;padding: 0px;height: 56px;line-height: 56px;justify-content: space-between\">\n<div class=\"title--text--Otu0bLr\" style=\"margin: 0px;padding: 0px;cursor: default;height: 56px\">\n<h2 class=\"title--title--O6xcB1q\" style=\"font-size: 24px;font-weight: 700;margin: 0px\">Pr\u00e9sentation<\/h2>\n<\/div>\n<p><a class=\"description--report--_8LzMSh\" href=\"https:\/\/report.aliexpress.com\/health\/reportIndex.htm?product_id=1005009733120042\" target=\"_blank\" rel=\"nofollow noopener noreferrer\" data-aplus-clk=\"x1_26dc0291\" data-spm-anchor-id=\"a2g0o.detail.0.0\" style=\"background-color: transparent;cursor: pointer;text-decoration: none;margin: 0px;padding: 0px;font-size: 15px;font-weight: 700\">Signaler cet article<\/a><\/div>\n<div class=\"extend--wrap--yXwoDbO\" style=\"margin: 0px;padding: 0px;position: relative\">\n<div class=\"extend--content--VuIQZia\" style=\"margin: 0px;padding: 0px;overflow: hidden;position: relative\">\n<div style=\"margin: 0px;padding: 0px\">\n<div id=\"product-description\" data-spm=\"1000023\" class=\"description--product-description--Mjtql28\" data-pl=\"product-description\" style=\"margin: 0px;padding: 0px;max-width: 944px;overflow: hidden;position: relative\">\n<div style=\"margin: 0px;padding: 0px\">\n<div id=\"product-description\" class=\"product-description\" style=\"position: relative;max-width: 944px;overflow: hidden\">\n<div class=\"detailmodule_html\">\n<div class=\"detail-desc-decorate-richtext\">\n<p style=\"margin: 0px;line-height: inherit\"><span style=\"max-width: 100%;font-size: 24px\"><strong id=\"tl_1\">1 Kit de bras de robot intelligent ACEBOTT 5DOF, voiture t\u00e9l\u00e9command\u00e9e 4WD compatible avec Arduino\/Python\/projet de programmation bloqu\u00e9\/\u00e9ducation STEM\/kit de codage scientifique<\/strong><\/span><img data-recalc-dims=\"1\" decoding=\"async\" src=\"https:\/\/i0.wp.com\/ae01.alicdn.com\/kf\/S9dce94ec7d554a8fa076da5c218d3d78g.jpg?ssl=1\" style=\"max-width: 100%;vertical-align: middle\"><\/p>\n<p style=\"margin: 0px;line-height: inherit\"><\/p>\n<ul class=\"a-unordered-list a-vertical bundle-component-details-bullets\">\n<li id=\"bundle-component-details-component-bullet-point-0-0\" style=\"margin: 0px\">\n<p style=\"margin: 0px;line-height: inherit\"><span class=\"a-list-item\" id=\"tl_2\" style=\"max-width: 100%\">Kit de voiture robot \u00e0 bras robotique intelligent ACEBOTT : un kit \u00e9ducatif pour les d\u00e9butants STEM (enfants) bas\u00e9 sur ESP32, construit sur des roues omnidirectionnelles Mecanum, utilisant des servos \u00e0 engrenages m\u00e9talliques de haute qualit\u00e9, \u00e9quip\u00e9s de 5 bras robotiques DOF et de capteurs infrarouges \u00e0 ultrasons, et programm\u00e9 avec Arduino, con\u00e7u pour les aider \u00e0 apprendre \u00e0 construire et programmer des robots enti\u00e8rement fonctionnels, \u00e0 am\u00e9liorer la pens\u00e9e logique et les comp\u00e9tences \u00e9lectrom\u00e9caniques,<\/span><\/p>\n<\/li>\n<li id=\"bundle-component-details-component-bullet-point-0-1\" style=\"margin: 0px\">\n<p style=\"margin: 0px;line-height: inherit\"><span class=\"a-list-item\" id=\"tl_3\" style=\"max-width: 100%\">Kit de construction de bras robotique flexible \u00e0 5 DOF : la conception innovante du bras robotique de voiture intelligente, \u00e9quip\u00e9e de 5 servos \u00e0 engrenages m\u00e9talliques de haute qualit\u00e9, peut atteindre 5 degr\u00e9s de libert\u00e9 de mouvement, la pince peut \u00eatre ouverte 260\u00b0, le poignet peut \u00eatre tourn\u00e9 180\u00b0, le coude peut \u00eatre tourn\u00e9 180\u00b0, et la base peut \u00eatre tourn\u00e9e 180\u00b0.Capacit\u00e9 de contr\u00f4le flexible, peut librement saisir, soulever ou placer divers objets, am\u00e9liorant consid\u00e9rablement la praticit\u00e9 et l&#8217;intelligence de la voiture.(Remarque : ce kit n&#8217;inclut pas les piles.)<\/span><\/p>\n<\/li>\n<li id=\"bundle-component-details-component-bullet-point-0-2\" style=\"margin: 0px\">\n<p style=\"margin: 0px;line-height: inherit\"><span class=\"a-list-item\" id=\"tl_4\" style=\"max-width: 100%\">Contr\u00f4le complet : le kit de d\u00e9marrage de voiture robot ACEBOTT est \u00e9quip\u00e9 d&#8217;une avanc\u00e9e roue omnidirectionnelle Mecanum de 6 cm, \u00e9galement connue sous le nom de roue omnidirectionnelle ou de roue lion, qui peut facilement atteindre 360\u00b0\u00b0mouvement dans n&#8217;importe quelle direction, prend en charge plusieurs modes de mouvement (avant, lat\u00e9ralement, diagonale, rotation) et peut effectuer des actions difficiles telles que la d\u00e9rive \u00e0 gauche et \u00e0 droite, et traverser facilement n&#8217;importe quel endroit, y compris les courbures \u00e9troites, les rues \u00e9troites et les routes complexes.<\/span><\/p>\n<\/li>\n<li id=\"bundle-component-details-component-bullet-point-0-3\" style=\"margin: 0px\">\n<p style=\"margin: 0px;line-height: inherit\"><span class=\"a-list-item\" id=\"tl_5\" style=\"max-width: 100%\">Roulement multidirectionnel, \u00e9vitement d&#8217;obstacles multidirectionnel : une croisi\u00e8re multidirectionnelle pr\u00e9cise permet \u00e0 la voiture de planifier facilement le chemin et d&#8217;obtenir une navigation autonome ;l&#8217;\u00e9vitement d&#8217;obstacles multidirectionnel permet \u00e0 la voiture de r\u00e9pondre de mani\u00e8re flexible lorsqu&#8217;elle rencontre des obstacles ;le nouveau mode de suivi permet \u00e0 la voiture de toujours suivre vos pas.Les passionn\u00e9s contr\u00f4lent cette voiture via la t\u00e9l\u00e9commande infrarouge et l&#8217;application, vous permettant de profiter du plaisir et de la commodit\u00e9 apport\u00e9s par la technologie intelligente.D&#8217;un simple toucher, vous pouvez facilement ma\u00eetriser tous les mouvements de la voiture.<\/span><\/p>\n<\/li>\n<li id=\"bundle-component-details-component-bullet-point-0-4\" style=\"margin: 0px\">\n<p style=\"margin: 0px;line-height: inherit\"><span class=\"a-list-item\" id=\"tl_6\" style=\"max-width: 100%\">Assemblage facile et tutoriel de codage d\u00e9taill\u00e9 : ce kit de bras robotique intelligent contient des instructions HD sur la fa\u00e7on d&#8217;assembler le kit \u00e0 partir de z\u00e9ro et tous les programmes et codes n\u00e9cessaires.Le chemin est : Site Web officiel ACEBOTT &#8211; Ressources &#8211; WIKI et vid\u00e9o d&#8217;assemblage.<\/span><\/p>\n<\/li>\n<li id=\"bundle-component-details-component-bullet-point-0-5\" style=\"margin: 0px\">\n<p style=\"margin: 0px;line-height: inherit\"><span class=\"a-list-item\" id=\"tl_7\" style=\"max-width: 100%\">Cadeau unique : avec son contr\u00f4leur ESP32 facile \u00e0 programmer, sa riche extension de fonctions et son contr\u00f4le complet, le kit de voiture robot intelligent ACEBOTT est un cadeau d&#8217;anniversaire parfait pour les passionn\u00e9s de programmation et les adolescents de plus de 12 ans.<\/span><\/p>\n<\/li>\n<\/ul>\n<p style=\"margin: 0px;line-height: inherit\"><img data-recalc-dims=\"1\" decoding=\"async\" src=\"https:\/\/i0.wp.com\/ae01.alicdn.com\/kf\/S81c33286ae3745ecbe8b6f94df1ab44eU.jpg?ssl=1\" style=\"max-width: 100%;vertical-align: middle\"><img data-recalc-dims=\"1\" decoding=\"async\" src=\"https:\/\/i0.wp.com\/ae01.alicdn.com\/kf\/S946166e6bbeb4a6d9facb6846cefc3610.jpg?ssl=1\" style=\"max-width: 100%;vertical-align: middle\"><img data-recalc-dims=\"1\" decoding=\"async\" src=\"https:\/\/i0.wp.com\/ae01.alicdn.com\/kf\/Sac537f0e72ca429a8769bcea629aca342.jpg?ssl=1\" style=\"max-width: 100%;vertical-align: middle\"><img data-recalc-dims=\"1\" decoding=\"async\" src=\"https:\/\/i0.wp.com\/ae01.alicdn.com\/kf\/S040cedcc10974a83ac67fc715dc54a10Z.jpg?ssl=1\" style=\"max-width: 100%;vertical-align: middle\"><img data-recalc-dims=\"1\" decoding=\"async\" src=\"https:\/\/i0.wp.com\/ae01.alicdn.com\/kf\/S0d1c26703f384d8581dd0583c6c4d987j.jpg?ssl=1\" style=\"max-width: 100%;vertical-align: middle\"><\/p>\n<p style=\"margin: 0px;line-height: inherit\"><\/p>\n<p style=\"margin: 0px;line-height: inherit\"><span style=\"max-width: 100%;font-size: 24px\"><strong id=\"tl_8\">2. Kit de bras robotique ACEBOTT 4 DOF ESP32, Kit de robotique, application de jouets de Robot t\u00e9l\u00e9command\u00e9s compatibles avec Arduino, Kit de bras de Robot \u00e9ducatif STEM DIY<\/strong><\/span><img data-recalc-dims=\"1\" decoding=\"async\" src=\"https:\/\/i0.wp.com\/ae01.alicdn.com\/kf\/S967b92a2f5864e9087d9e15198242befA.jpg?ssl=1\" style=\"max-width: 100%;vertical-align: middle\"><\/p>\n<ul class=\"a-unordered-list a-vertical bundle-component-details-bullets\">\n<li id=\"bundle-component-details-component-bullet-point-1-0\" style=\"margin: 0px\">\n<p style=\"margin: 0px;line-height: inherit\"><span class=\"a-list-item\" id=\"tl_9\" style=\"max-width: 100%\">\u3010Robot \u00e0 bras flexible \u00e0 4 DOF\u3011 : le bras con\u00e7u \u00e0 4 axes est flexible et peut saisir des objets dans n&#8217;importe quelle direction.La pince peut s&#8217;ouvrir 260\u00b0, le poignet peut tourner 180\u00b0, le coude peut tourner 180\u00b0, et la base peut pivoter de 180\u00b0.(Remarque : ce kit ne comprend pas de piles, vous devez pr\u00e9parer les piles vous-m\u00eame.)<\/span><\/p>\n<\/li>\n<li id=\"bundle-component-details-component-bullet-point-1-1\" style=\"margin: 0px\">\n<p style=\"margin: 0px;line-height: inherit\"><span class=\"a-list-item\" id=\"tl_10\" style=\"max-width: 100%\">\u3010Adapt\u00e9 aux d\u00e9butants\u3011 : avec le guide d&#8217;instructions des fichiers de codage pr\u00e9d\u00e9finis, ce tutoriel vous guidera \u00e9tape par \u00e9tape sur la fa\u00e7on de construire et de coder un robot via ACEBOTT Scratch ou Arduino IDE.Lorsque vous avez besoin d&#8217;aide, l&#8217;\u00e9quipe technique ACEBOTT est toujours en veille pour vous apporter de l&#8217;aide.(Remarque : ce kit de bras robotique n&#8217;inclut pas les balles de tennis)<\/span><\/p>\n<\/li>\n<li id=\"bundle-component-details-component-bullet-point-1-2\" style=\"margin: 0px\">\n<p style=\"margin: 0px;line-height: inherit\"><span class=\"a-list-item\" id=\"tl_11\" style=\"max-width: 100%\">Bras de robot intelligent de programmation multifonction : le syst\u00e8me d&#8217;alimentation du bras de robot ACEBOTT se compose de 4 servomoteurs, un manipulateur avec plusieurs DoF : contr\u00f4le \u00e0 trois axes, contr\u00f4le par joystick et contr\u00f4le Web\/application, qui peuvent r\u00e9aliser la d\u00e9monstration du robot saisir des objets \u00e0 l&#8217;avant et \u00e0 l&#8217;arri\u00e8re, de haut en bas, de gauche et de droite.<\/span><\/p>\n<\/li>\n<li id=\"bundle-component-details-component-bullet-point-1-3\" style=\"margin: 0px\">\n<p style=\"margin: 0px;line-height: inherit\"><span class=\"a-list-item\" id=\"tl_12\" style=\"max-width: 100%\">\u3010Applications multiples\u3011 : le robot ACEBOTT QD022 est largement utilis\u00e9 dans l&#8217;enseignement universitaire et la production IDY.Les produits ACEBOTT se concentrent sur les activit\u00e9s STEM (science, technologie, ing\u00e9nierie, math\u00e9matiques), enseignant et encourageant le d\u00e9veloppement \u00e9ducatif des enfants tout en \u00e9tant amusant!<\/span><\/p>\n<\/li>\n<li id=\"bundle-component-details-component-bullet-point-1-4\" style=\"margin: 0px\">\n<p style=\"margin: 0px;line-height: inherit\"><span class=\"a-list-item\" id=\"tl_13\" style=\"max-width: 100%\">\u3010Assemblage facile et tutoriel de codage d\u00e9taill\u00e9\u3011 : ce kit de bras robotique intelligent contient des instructions HD sur la fa\u00e7on d&#8217;assembler le kit \u00e0 partir de z\u00e9ro et tous les programmes et codes n\u00e9cessaires.Le chemin est : Site Web officiel ACEBOTT &#8211; Ressources &#8211; WIKI et vid\u00e9o d&#8217;assemblage.<\/span><\/p>\n<\/li>\n<li id=\"bundle-component-details-component-bullet-point-1-5\" style=\"margin: 0px\">\n<p style=\"margin: 0px;line-height: inherit\"><span class=\"a-list-item\" id=\"tl_14\" style=\"max-width: 100%\">Cadeau de jouet \u00e9ducatif STEM id\u00e9al : kit de bras robotique ACEBOTT, c&#8217;est un cadeau parfait pour les adultes et les amateurs de robots. Livr\u00e9 avec une belle bo\u00eete d&#8217;emballage, c&#8217;est un cadeau de jouet d&#8217;apprentissage et d&#8217;\u00e9ducation id\u00e9al pour les gar\u00e7ons et les filles pour un anniversaire, la f\u00eate des enfants, No\u00ebl, P\u00e2ques, les activit\u00e9s STEM, les projets STEM, le camp d&#8217;\u00e9t\u00e9, la rentr\u00e9e scolaire et les moments de plaisir en famille.<\/span><\/p>\n<\/li>\n<\/ul>\n<p style=\"margin: 0px;line-height: inherit\"><img data-recalc-dims=\"1\" decoding=\"async\" src=\"https:\/\/i0.wp.com\/ae01.alicdn.com\/kf\/S7bd5a52ca56d48b79e5f6384d6edcf6aR.jpg?ssl=1\" style=\"max-width: 100%;vertical-align: middle\"><img data-recalc-dims=\"1\" decoding=\"async\" src=\"https:\/\/i0.wp.com\/ae01.alicdn.com\/kf\/Sc555cef8c73a42158bfbd33510ee25768.jpg?ssl=1\" style=\"max-width: 100%;vertical-align: middle\"><img data-recalc-dims=\"1\" decoding=\"async\" src=\"https:\/\/i0.wp.com\/ae01.alicdn.com\/kf\/S321defb2ed48417ba743c757650af33cI.jpg?ssl=1\" style=\"max-width: 100%;vertical-align: middle\"><img data-recalc-dims=\"1\" decoding=\"async\" src=\"https:\/\/i0.wp.com\/ae01.alicdn.com\/kf\/S0b700f3418f546869ce3e94dd827883c9.jpg?ssl=1\" style=\"max-width: 100%;vertical-align: middle\"><img data-recalc-dims=\"1\" decoding=\"async\" src=\"https:\/\/i0.wp.com\/ae01.alicdn.com\/kf\/S280f29ec14994aea870d86ed8128cb570.jpg?ssl=1\" style=\"max-width: 100%;vertical-align: middle\"><img data-recalc-dims=\"1\" decoding=\"async\" src=\"https:\/\/i0.wp.com\/ae01.alicdn.com\/kf\/Sa98211f8ac44454c9e622b26253f6ed9Q.jpg?ssl=1\" style=\"max-width: 100%;vertical-align: middle\"><img data-recalc-dims=\"1\" decoding=\"async\" src=\"https:\/\/i0.wp.com\/ae01.alicdn.com\/kf\/S30a0aed2476f41f9acb04c7d1d4960d6P.jpg?ssl=1\" style=\"max-width: 100%;vertical-align: middle\"><img data-recalc-dims=\"1\" decoding=\"async\" src=\"https:\/\/i0.wp.com\/ae01.alicdn.com\/kf\/S836bb355347d4444990cd14f72f8087ay.jpg?ssl=1\" style=\"max-width: 100%;vertical-align: middle\"><img data-recalc-dims=\"1\" decoding=\"async\" src=\"https:\/\/i0.wp.com\/ae01.alicdn.com\/kf\/S8de47e13577648b89d494d20be79f6e1c.jpg?ssl=1\" style=\"max-width: 100%;vertical-align: middle\"><img data-recalc-dims=\"1\" decoding=\"async\" src=\"https:\/\/i0.wp.com\/ae01.alicdn.com\/kf\/S25f81343b70f4e3eb6935a21c250b0acH.jpg?ssl=1\" style=\"max-width: 100%;vertical-align: middle\"><img data-recalc-dims=\"1\" decoding=\"async\" src=\"https:\/\/i0.wp.com\/ae01.alicdn.com\/kf\/S050a0fcb635e4f3ab7680d839ae0a70b0.jpg?ssl=1\" style=\"max-width: 100%;vertical-align: middle\"><\/p>\n<p style=\"margin: 0px;line-height: inherit\"><\/p>\n<\/div>\n<\/div>\n<\/div>\n<\/div>\n<\/div>\n<\/div>\n<\/div>\n<\/div>\n<\/div>\n","protected":false},"excerpt":{"rendered":"<p><br data-mce-bogus=\"1\"><\/p>\n","protected":false},"featured_media":1378,"comment_status":"open","ping_status":"closed","template":"","meta":{"_uag_custom_page_level_css":"","site-container-style":"default","site-container-layout":"default","site-sidebar-layout":"default","disable-article-header":"default","disable-site-header":"default","disable-site-footer":"default","disable-content-area-spacing":"default"},"product_brand":[],"product_cat":[34],"product_tag":[],"class_list":{"0":"post-1379","1":"product","2":"type-product","3":"status-publish","4":"has-post-thumbnail","6":"product_cat-gadgets","8":"first","9":"instock","10":"sale","11":"shipping-taxable","12":"product-type-external"},"uagb_featured_image_src":{"full":["https:\/\/mychoice.social\/wp-content\/uploads\/2026\/02\/S0450fcbf75214c0ebfa9345275a6f008a.jpg_350x350.avif",306,350,false],"thumbnail":["https:\/\/mychoice.social\/wp-content\/uploads\/2026\/02\/S0450fcbf75214c0ebfa9345275a6f008a.jpg_350x350-150x150.avif",150,150,true],"medium":["https:\/\/mychoice.social\/wp-content\/uploads\/2026\/02\/S0450fcbf75214c0ebfa9345275a6f008a.jpg_350x350-262x300.avif",262,300,true],"medium_large":["https:\/\/mychoice.social\/wp-content\/uploads\/2026\/02\/S0450fcbf75214c0ebfa9345275a6f008a.jpg_350x350.avif",306,350,false],"large":["https:\/\/mychoice.social\/wp-content\/uploads\/2026\/02\/S0450fcbf75214c0ebfa9345275a6f008a.jpg_350x350.avif",306,350,false],"1536x1536":["https:\/\/mychoice.social\/wp-content\/uploads\/2026\/02\/S0450fcbf75214c0ebfa9345275a6f008a.jpg_350x350.avif",306,350,false],"2048x2048":["https:\/\/mychoice.social\/wp-content\/uploads\/2026\/02\/S0450fcbf75214c0ebfa9345275a6f008a.jpg_350x350.avif",306,350,false],"woocommerce_thumbnail":["https:\/\/mychoice.social\/wp-content\/uploads\/2026\/02\/S0450fcbf75214c0ebfa9345275a6f008a.jpg_350x350-300x300.avif",300,300,true],"woocommerce_single":["https:\/\/mychoice.social\/wp-content\/uploads\/2026\/02\/S0450fcbf75214c0ebfa9345275a6f008a.jpg_350x350.avif",306,350,false],"woocommerce_gallery_thumbnail":["https:\/\/mychoice.social\/wp-content\/uploads\/2026\/02\/S0450fcbf75214c0ebfa9345275a6f008a.jpg_350x350-100x100.avif",100,100,true]},"uagb_author_info":{"display_name":"Syed Yahya Baqeri","author_link":"https:\/\/mychoice.social\/index.php\/author\/"},"uagb_comment_info":0,"uagb_excerpt":null,"jetpack_sharing_enabled":true,"_links":{"self":[{"href":"https:\/\/mychoice.social\/index.php\/wp-json\/wp\/v2\/product\/1379","targetHints":{"allow":["GET"]}}],"collection":[{"href":"https:\/\/mychoice.social\/index.php\/wp-json\/wp\/v2\/product"}],"about":[{"href":"https:\/\/mychoice.social\/index.php\/wp-json\/wp\/v2\/types\/product"}],"replies":[{"embeddable":true,"href":"https:\/\/mychoice.social\/index.php\/wp-json\/wp\/v2\/comments?post=1379"}],"wp:featuredmedia":[{"embeddable":true,"href":"https:\/\/mychoice.social\/index.php\/wp-json\/wp\/v2\/media\/1378"}],"wp:attachment":[{"href":"https:\/\/mychoice.social\/index.php\/wp-json\/wp\/v2\/media?parent=1379"}],"wp:term":[{"taxonomy":"product_brand","embeddable":true,"href":"https:\/\/mychoice.social\/index.php\/wp-json\/wp\/v2\/product_brand?post=1379"},{"taxonomy":"product_cat","embeddable":true,"href":"https:\/\/mychoice.social\/index.php\/wp-json\/wp\/v2\/product_cat?post=1379"},{"taxonomy":"product_tag","embeddable":true,"href":"https:\/\/mychoice.social\/index.php\/wp-json\/wp\/v2\/product_tag?post=1379"}],"curies":[{"name":"wp","href":"https:\/\/api.w.org\/{rel}","templated":true}]}}